{"id":234,"date":"2019-07-07T23:06:14","date_gmt":"2019-07-07T22:06:14","guid":{"rendered":"https:\/\/www.celikkasa.com\/2019\/?post_type=product&#038;p=234"},"modified":"2026-01-31T03:29:17","modified_gmt":"2026-01-31T02:29:17","slug":"dt-2120-data-kasasi","status":"publish","type":"product","link":"https:\/\/www.celikkasa.com\/2019\/urun\/dt-2120-data-kasasi\/","title":{"rendered":"DT 2120 Data Kasas\u0131"},"content":{"rendered":"<body><p><strong>Eurosafe, NT Fire 017 En \u00dcst S\u0131n\u0131f Sertifikal\u0131, 1090 C derece Yang\u0131na 120 Dakika Dayan\u0131kl\u0131 Data Kasas\u0131<\/strong><\/p>\n<table>\n<tbody>\n<tr>\n<td width='\\\"138\\\"'><strong>Model<\/strong><\/td>\n<td width='\\\"11\\\"'><strong>:<\/strong><\/td>\n<td width='\\\"300\\\"'>DT 2120 DATA KASASI ( EUROSAFE )<\/td>\n<\/tr>\n<tr>\n<td width='\\\"138\\\"'><strong>D\u0131\u015f \u00d6l\u00e7\u00fcler<\/strong><\/td>\n<td width='\\\"11\\\"'><strong>:<\/strong><\/td>\n<td width='\\\"300\\\"'>1220 \u00d7 690 \u00d7 720 Mm.<\/td>\n<\/tr>\n<tr>\n<td width='\\\"138\\\"'><strong>\u0130\u00e7 \u00d6l\u00e7\u00fcler<\/strong><\/td>\n<td width='\\\"11\\\"'><strong>:<\/strong><\/td>\n<td width='\\\"174\\\"'>897 \u00d7 402 \u00d7 406 mm.<\/td>\n<\/tr>\n<tr>\n<td width='\\\"138\\\"'><strong>A\u011f\u0131rl\u0131k<\/strong><\/td>\n<td width='\\\"11\\\"'><strong>:<\/strong><\/td>\n<td width='\\\"174\\\"'>337 Kg<\/td>\n<\/tr>\n<tr>\n<td width='\\\"138\\\"'><strong>Hacim<\/strong><\/td>\n<td width='\\\"11\\\"'><strong>:<\/strong><\/td>\n<td width='\\\"300\\\"'>143 Lt<\/td>\n<\/tr>\n<tr>\n<td width='\\\"138\\\"'><strong>Kapasite (LTO)<\/strong><\/td>\n<td width='\\\"11\\\"'><strong>:<\/strong><\/td>\n<td width='\\\"174\\\"'>399 Adet Kartu\u015f( Kutusuz)<\/td>\n<\/tr>\n<tr>\n<td width='\\\"138\\\"'><strong>\u00c7ekmece \/Raf<\/strong><\/td>\n<td width='\\\"11\\\"'><strong>:<\/strong><\/td>\n<td width='\\\"174\\\"'>7 max \/ 1 Adet<\/td>\n<\/tr>\n<tr>\n<td width='\\\"138\\\"'><strong>Kilitleme Mekanizmas\u0131<\/strong><\/td>\n<td width='\\\"11\\\"'><strong>:<\/strong><\/td>\n<td width='\\\"300\\\"'>Elektronik \u015eifreli Kilitleme Sistemi<\/td>\n<\/tr>\n<tr>\n<td width='\\\"138\\\"'><strong>Yang\u0131n S\u0131n\u0131f\u0131<\/strong><\/td>\n<td width='\\\"11\\\"'><strong>:<\/strong><\/td>\n<td width='\\\"174\\\"'>1090 C S\u0131cakl\u0131\u011fa 120 Dakika Dayan\u0131kl\u0131<\/td>\n<\/tr>\n<tr>\n<td width='\\\"138\\\"'><strong>Standart<\/strong><\/td>\n<td width='\\\"11\\\"'><strong>:<\/strong><\/td>\n<td width='\\\"300\\\"'>Nt F\u0131re 017 120 Diskette<\/td>\n<\/tr>\n<\/tbody>\n<\/table>\n<h2><strong>Data Kasas\u0131 Sertifikalar\u0131<\/strong><\/h2>\n<hr size='\\\"2\\\"'>\n<ul>\n<li style=\"list-style-type: none;\">\n<ul>\n<li>Avrupa Birli\u011fi Normlar\u0131na ( EN) uygundur.<\/li>\n<li>DS Serileri NT Fire 017 90 Diskette, 120 Data, DT serileri NT Fire 017 120 diskette data kasas\u0131 EN (Avrupa normlar\u0131) sertifikalar\u0131na sahiptir. *SP (Swedish National Testing and Research Institute), 1090 derece s\u0131cakl\u0131kta 120 dakika veri\/data yang\u0131n g\u00fcvenli\u011fi sertifikas\u0131)<\/li>\n<li>ISO 9001 -2008 kalite sertifikalar\u0131na sahiptir.<\/li>\n<\/ul>\n<\/li>\n<\/ul>\n<h2><strong> Data Kasalar\u0131 Yang\u0131n G\u00fcvenli\u011fi \u00d6zellikleri<\/strong><\/h2>\n<hr size='\\\"2\\\"'>\n<ul>\n<li style=\"list-style-type: none;\">\n<ul>\n<li>1090oC derece \u0131s\u0131ya 120 dakika dayan\u0131kl\u0131d\u0131r.<\/li>\n<li>120 dakika yang\u0131n s\u00fcresince, i\u00e7 s\u0131cakl\u0131k 35<sup>o<\/sup>C dereceyi ge\u00e7mez. (Disket, kartu\u015f, LTO \/ DLT vb bozulma s\u0131cakl\u0131\u011f\u0131)<\/li>\n<li>S\u0131cakl\u0131k, duman, buhar, nem ile elektrik ve manyetik alanlara kar\u015f\u0131 tam koruma sa\u011flar.<\/li>\n<li>Yang\u0131n, su, korozif gaz ve dumana kar\u015f\u0131 dayan\u0131kl\u0131 dayan\u0131kl\u0131d\u0131r.<\/li>\n<li>Manyetik alan korumas\u0131na (MAGNETPROOF) sahiptir. \u0130\u00e7 i\u00e7e iki kasadan olu\u015fur, bu \u00f6zelli\u011fi ile \u00e7ift faraday kafesi olu\u015fturmaktad\u0131r.<\/li>\n<li>Kapak aral\u0131klar\u0131 yanmaz fitillerle kapanm\u0131\u015ft\u0131r.<\/li>\n<li>Kasa i\u00e7inde nem olu\u015fmas\u0131n\u0131 \u00f6nleyici nem reg\u00fclat\u00f6rleri bulunmaktad\u0131r. \u0130ki kasa aras\u0131 nem al\u0131c\u0131 kimyasal maddelerle doldurulmu\u015ftur.<\/li>\n<li>Depreme kar\u015f\u0131 dayan\u0131kl\u0131d\u0131r.<\/li>\n<\/ul>\n<\/li>\n<\/ul>\n<h2><strong>Data Kasas\u0131 Kilitleme Sistemi \u00d6zellikleri<\/strong><\/h2>\n<hr size='\\\"2\\\"'>\n<ul>\n<li style=\"list-style-type: none;\">\n<ul>\n<li>Standart Elektronik \u015eifreli Kilit Sistemine sahiptir.<\/li>\n<li>Elektronik kilit, 4-16 basamakl\u0131 iki ayr\u0131 \u015fifre ile kullan\u0131labilir. \u0130stenirse dokunmatik \u015fifreli ya da parmak izli modelleri tercih edilebilir.<\/li>\n<li>Acil durumlar i\u00e7in Panik-Kapatma sistemine sahiptir. \u00c7elik kasan\u0131n kapa\u011f\u0131 kapat\u0131ld\u0131\u011f\u0131nda otomatik olarak kilitlenir.<\/li>\n<li>3 y\u00f6nl\u00fc, 6-12 \u00e7elik kilitleme milleri ile h\u0131rs\u0131zl\u0131\u011fa kar\u015f\u0131 tam koruma sa\u011flar.<\/li>\n<\/ul>\n<\/li>\n<\/ul>\n<h5><strong style=\"font-size: 2em;\">Data Kasas\u0131 \u0130\u00e7 D\u00fczen Ekipmanlar\u0131<\/strong><\/h5>\n<hr size='\\\"2\\\"'>\n<ul>\n<li style=\"list-style-type: none;\">\n<ul>\n<li style=\"list-style-type: none;\">\n<ul>\n<li>Ayra\u00e7l\u0131, kartu\u015f tipine g\u00f6re ayarlanabilen \u00e7ekmeceler, \u00e7\u0131kart\u0131labilir eklenebilir. Teleskopik ray sitemi, \u00e7ekmecenin sonuna kadar a\u00e7\u0131lmas\u0131n\u0131 ve kullan\u0131m kolayl\u0131\u011f\u0131 sa\u011flar. Depolanan t\u00fcm kartu\u015flara ula\u015f\u0131labilir, ar\u015fivleme ve etiketleme kolayl\u0131\u011f\u0131 sa\u011flar.<\/li>\n<li>\u0130ste\u011fe g\u00f6re d\u00fczenlenebilen, ayarlanabilir i\u00e7 raf sistemine sahiptir.<\/li>\n<li>Veri kaset ve kartu\u015f say\u0131s\u0131na g\u00f6re, \u00e7ekmece \/ raf adetleri ayarlanabilir. Kutusuz olarak 399 adet LTo kartu\u015f depolama kapasitesiyle orta boy data kasas\u0131 modellerinden biridir.<\/li>\n<\/ul>\n<\/li>\n<\/ul>\n<\/li>\n<\/ul>\n<h2><strong>Data Kasas\u0131 Kartu\u015f Kapasiteleri<\/strong><\/h2>\n<hr size='\\\"2\\\"'>\n<p>\u00a0<\/p>\n<table class='\\\"product_t\\\"' border='\\\"0\\\"' rules='\\\"rows\\\"'>\n<colgroup><\/colgroup>\n<colgroup>\n<col><\/colgroup>\n<colgroup>\n<col style=\"0width: 80px;\"><\/colgroup>\n<colgroup>\n<col style=\"0width: 80px;\"><\/colgroup>\n<colgroup>\n<col style=\"0width: 80px;\"><\/colgroup>\n<colgroup>\n<col style=\"0width: 80px;\"><\/colgroup>\n<colgroup>\n<col style=\"0width: 80px;\"><\/colgroup>\n<colgroup>\n<col style=\"0width: 100px;\"><\/colgroup>\n<colgroup>\n<col style=\"0width: 100px;\"><\/colgroup>\n<thead>\n<tr>\n<th rowspan='\\\"2\\\"'>Model<\/th>\n<th colspan='\\\"7\\\"'>Kartu\u015f Kapasitesi(Adet)<\/th>\n<\/tr>\n<tr>\n<th>4mm Dat<br>\nTape<\/th>\n<th>8mm Dat<br>\nTape<\/th>\n<th>CD<\/th>\n<th>DLT<\/th>\n<th>LTO\/Ultrium<br>\n(HP)<\/th>\n<th>LTO\/Ultrium<br>\n(Kutusuz)<\/th>\n<th>3590 Cartridge<br>\n(Kutusuz)<\/th>\n<\/tr>\n<\/thead>\n<tbody>\n<tr align='\\\"center\\\"'>\n<td class='\\\"alignLeft\\\"' style=\"0padding: 4px;\"><a href=\"%5C%22http:\/\/www.celikkasa.com\/safebox\/product_info.php\/data-kasasi-dt2825-veri-saklama-kasasi-p-54%5C%22\">DT2825EH<\/a><\/td>\n<td>580<\/td>\n<td>285<\/td>\n<td>282<\/td>\n<td>126<\/td>\n<td>132<\/td>\n<td>171<\/td>\n<td>144<\/td>\n<\/tr>\n<tr align='\\\"center\\\"'>\n<td class='\\\"alignLeft\\\"' style=\"0padding: 4px;\"><strong>DT2120EH<\/strong><\/td>\n<td>1276<\/td>\n<td>627<\/td>\n<td>564<\/td>\n<td>294<\/td>\n<td>308<\/td>\n<td>399<\/td>\n<td>288<\/td>\n<\/tr>\n<tr align='\\\"center\\\"'>\n<td class='\\\"alignLeft\\\"' style=\"0padding: 4px;\"><a href=\"%5C%22http:\/\/www.celikkasa.com\/safebox\/product_info.php\/data-kasasi-dt2130-data-kasasi-p-70%5C%22\">DT2130EH<\/a><\/td>\n<td>1508<\/td>\n<td>741<\/td>\n<td>752<\/td>\n<td>378<\/td>\n<td>396<\/td>\n<td>513<\/td>\n<td>384<\/td>\n<\/tr>\n<tr align='\\\"center\\\"'>\n<td class='\\\"alignLeft\\\"' style=\"0padding: 4px;\">DT2200EH<\/td>\n<td>1972<\/td>\n<td>969<\/td>\n<td>940<\/td>\n<td>462<\/td>\n<td>484<\/td>\n<td>627<\/td>\n<td>480<\/td>\n<\/tr>\n<tr align='\\\"center\\\"'>\n<td class='\\\"alignLeft\\\"' style=\"0padding: 4px;\"><a href=\"%5C%22http:\/\/www.celikkasa.com\/safebox\/product_info.php\/data-kasasi-dt2300-data-kasasi-p-65%5C%22\">DT2300EH<\/a><\/td>\n<td>3944<\/td>\n<td>1938<\/td>\n<td>1880<\/td>\n<td>924<\/td>\n<td>968<\/td>\n<td>1254<\/td>\n<td>960<\/td>\n<\/tr>\n<\/tbody>\n<\/table>\n<h2><strong>Data Kasas\u0131 Garanti \u00d6zellikleri<\/strong><\/h2>\n<hr size='\\\"2\\\"'>\n<ul>\n<li style=\"list-style-type: none;\">\n<ul>\n<li>Tum \u00fcretim hatalar\u0131na kar\u015f\u0131 en az 2 (iki) y\u0131l garantilidir.<\/li>\n<li>Paradok Elektronik (EUROSAFE)taraf\u0131ndan ithal edilmektedir, t\u00fcm garanti ve servis hizmetleri en iyi \u00e7elik kasa firmas\u0131 EUROSAFE \u00c7elik Kasa ekipleri taraf\u0131ndan sa\u011flanmaktad\u0131r.<\/li>\n<\/ul>\n<\/li>\n<\/ul>\n<h2><strong>Data Kasas\u0131 Kullan\u0131m Alanlar\u0131 <\/strong><\/h2>\n<hr size='\\\"2\\\"'>\n<ul>\n<li style=\"list-style-type: none;\">\n<ul>\n<li>LTO, DLT yedekleme kartu\u015flar\u0131, CD, DVD , Harddisk, laptop, usb flas bellekler gibi dijital depolama ayg\u0131tlar\u0131n\u0131 hem yang\u0131na hem h\u0131rs\u0131zl\u0131\u011fa kar\u015f\u0131 korumak i\u00e7in kullan\u0131lan \u00e7elik kasalar data kasas\u0131 (datasafe) olarak adland\u0131r\u0131l\u0131r. Bu \u00f6zel kasalar\u0131n yang\u0131na dayan\u0131kl\u0131 oldu\u011funun kan\u0131t\u0131, sahip oldu\u011fu uluslararas\u0131 sertifikalar ve standartlard\u0131r. SP onayl\u0131 en \u00fcst NT Fire sertifikas\u0131na sahip bu data kasas\u0131 modeli, ev, ofis, b\u00fcy\u00fck \u00e7l\u00e7ekli i\u015fletmeler, kamu kurumu, otel, hastane, bilgi i\u015flem \u015firketleri gibi her sekt\u00f6rde veri saklama ve koruma ama\u00e7l\u0131 \u00e7elik kasa olarak kullan\u0131labilir. Veri saklama kasas\u0131, geli\u015fen d\u00fcnyada ar\u015fiv y\u00f6netimi ve bilgilerin gelece\u011fe yang\u0131n, deprem, h\u0131rs\u0131zl\u0131k gibi risklere kar\u015f\u0131 g\u00fcvenle ta\u015f\u0131nabilmesi i\u00e7in tek g\u00fcvencedir.<\/li>\n<li>ISO 27001 Bilgi G\u00fcvenli\u011fi Y\u00f6netim Sistemi ve standard\u0131na sahip, ya da veri g\u00fcvenli\u011finin \u015firketlerin gelecekleri i\u00e7in en temel ihtiya\u00e7 oldu\u011funun bilincindeki t\u00fcm ki\u015fi ve kurulu\u015flar verilerini ve yedeklerini standartlara uygun ko\u015fullarda saklamal\u0131 ve korumal\u0131d\u0131r. Bu nedenle veri g\u00fcvenli\u011finde data kasas\u0131 \u00f6zellikleri ta\u015f\u0131yan kaliteli bir data kasas\u0131, en temel unsurdur.<\/li>\n<li>Data Kasas\u0131 Fiyatlar\u0131 k\u0131yaslan\u0131rken, mutlaka kasalar\u0131n sahip oldu\u011fu sertifikalara dikkat edilmelir. SP ya da ECB.S taraf\u0131ndan verilmeyen, baz\u0131 \u00fclkelerin baz\u0131 \u00fcniversiteleri taraf\u0131ndan test edildi\u011fi ya da sertifika verildi\u011fi iddia edilen \u00fcr\u00fcnler, \u00e7o\u011fu zaman data kasas\u0131 \u00f6zellikleri ta\u015f\u0131mazlar. Ya da en az\u0131ndan \u00fcretim hatt\u0131ndan \u00e7\u0131kan her \u00fcr\u00fcn\u00fcn ayn\u0131 standartlara sahip oldu\u011funa g\u00fcvenmek imkans\u0131zd\u0131r. Data kasalar\u0131 fiyatlar\u0131, sahip olduklar\u0131 \u00fcst\u00fcn yang\u0131n yal\u0131t\u0131mlar\u0131 ve \u00fcst\u00fcn teknoloji gerektiren \u00fcretim tesisleri, sertifikasyon \u00fccretleri nedeniyle di\u011fer \u00e7elik kasalara g\u00f6re olduk\u00e7a pahal\u0131d\u0131r.Ancak \u00e7o\u011fu zaman paradan \u00e7ok daha k\u0131ymetli olan veri yedeklerimizi korumak i\u00e7in ald\u0131\u011f\u0131m\u0131z kasalarda en \u00f6nemli \u015fey \u00f6nce sertifikalar sonra data kasa fiyatlar\u0131 olmal\u0131d\u0131r. Verilerimizin \u015firketimizin en \u00f6nemli varl\u0131\u011f\u0131 oldu\u011fu g\u00f6z ard\u0131 edilmemelidir.<\/li>\n<\/ul>\n<\/li>\n<\/ul>\n<\/body>","protected":false},"excerpt":{"rendered":"<p>Eurosafe, NT Fire 017 En \u00dcst S\u0131n\u0131f Sertifikal\u0131, 1090 C derece Yang\u0131na 120 Dakika Dayan\u0131kl\u0131 Data Kasas\u0131 Model : DT&hellip;<\/p>\n","protected":false},"featured_media":237,"comment_status":"open","ping_status":"closed","template":"","meta":[],"product_brand":[],"product_cat":[18],"product_tag":[],"class_list":{"0":"post-234","1":"product","2":"type-product","3":"status-publish","4":"has-post-thumbnail","6":"product_cat-data-kasa","8":"first","9":"instock","10":"taxable","11":"shipping-taxable","12":"product-type-simple"},"jetpack_sharing_enabled":true,"_links":{"self":[{"href":"https:\/\/www.celikkasa.com\/2019\/wp-json\/wp\/v2\/product\/234","targetHints":{"allow":["GET"]}}],"collection":[{"href":"https:\/\/www.celikkasa.com\/2019\/wp-json\/wp\/v2\/product"}],"about":[{"href":"https:\/\/www.celikkasa.com\/2019\/wp-json\/wp\/v2\/types\/product"}],"replies":[{"embeddable":true,"href":"https:\/\/www.celikkasa.com\/2019\/wp-json\/wp\/v2\/comments?post=234"}],"wp:featuredmedia":[{"embeddable":true,"href":"https:\/\/www.celikkasa.com\/2019\/wp-json\/wp\/v2\/media\/237"}],"wp:attachment":[{"href":"https:\/\/www.celikkasa.com\/2019\/wp-json\/wp\/v2\/media?parent=234"}],"wp:term":[{"taxonomy":"product_brand","embeddable":true,"href":"https:\/\/www.celikkasa.com\/2019\/wp-json\/wp\/v2\/product_brand?post=234"},{"taxonomy":"product_cat","embeddable":true,"href":"https:\/\/www.celikkasa.com\/2019\/wp-json\/wp\/v2\/product_cat?post=234"},{"taxonomy":"product_tag","embeddable":true,"href":"https:\/\/www.celikkasa.com\/2019\/wp-json\/wp\/v2\/product_tag?post=234"}],"curies":[{"name":"wp","href":"https:\/\/api.w.org\/{rel}","templated":true}]}}