{"id":222,"date":"2019-07-07T22:40:37","date_gmt":"2019-07-07T21:40:37","guid":{"rendered":"https:\/\/www.celikkasa.com\/2019\/?post_type=product&#038;p=222"},"modified":"2026-02-26T09:06:09","modified_gmt":"2026-02-26T08:06:09","slug":"kc-100-anahtar-kasasi","status":"publish","type":"product","link":"https:\/\/www.celikkasa.com\/2019\/urun\/kc-100-anahtar-kasasi\/","title":{"rendered":"KC 100 Anahtar Kasas\u0131"},"content":{"rendered":"<body><h2><strong>KC 100 Anahtar Kasas\u0131 \u00d6zellikleri<\/strong><\/h2>\n<p>Bina y\u00f6netimleri, ofisler, otopark y\u00f6netimleri, galeriler, emlak ofisleri, depo birimleri gibi \u00e7ok\u00e7a anahtar bulunan ve anahtar y\u00f6netimi , g\u00fcvenli\u011fi gereken kurumlarda kullan\u0131lan anahtarlar\u0131n h\u0131rs\u0131zl\u0131ktan korunmas\u0131, yetkisiz personelin engellenmesini ve d\u00fczenli planl\u0131 bir \u015fekilde saklanmas\u0131n\u0131 sa\u011flayan, anahtar kasas\u0131d\u0131r. \u00c7elik kasa, i\u00e7inden duvara monte edilerek sabitlenir ve kapa\u011f\u0131 \u015fifre ile a\u00e7\u0131lmadan s\u00f6k\u00fcl\u00fcp ta\u015f\u0131namaz. 4-12 basamakl\u0131 \u015fifre tan\u0131mlanabilen, elektronik \u015fifreli kilit mekanizmasi ile hem kolay hem de g\u00fcvenli kullan\u0131m sa\u011flar.<\/p>\n<p>E\u011fer onlarca anahtar\u0131n\u0131z varsa ve hem g\u00fcvenliklerini kontrol alt\u0131na almak hem kolay d\u00fczenli bir \u015fekilde eri\u015fmek istiyorsan\u0131z, hem anahtar dolab\u0131 i\u015flevi hem de \u00e7elik kasa g\u00fcvenli\u011fini bir arada bulabilece\u011finiz bir anahtar kasas\u0131. Toplam 100 anahtar kapasiteli, \u015fifreli tam bir \u00e7elik kasa.<\/p>\n<h3><strong>\u00c7elik Anahtar Kasas\u0131 Genel Kullan\u0131m \u00d6zellikleri<\/strong><\/h3>\n<hr size='\\\"2\\\"'>\n<ul>\n<li style=\"list-style-type: none;\">\n<ul>\n<li>Anahtar Kasas\u0131, 4-16 basamakl\u0131 dijital \u015fifre ile kullan\u0131labilir. ( 2 farkl\u0131 kullan\u0131c\u0131 )<\/li>\n<li>100 adet anahtarl\u0131k i\u00e7in ask\u0131lar\u0131 ile kolay kullan\u0131m, d\u00fczenli istifleme<\/li>\n<li>Arkas\u0131ndan duvara monte edilerek kullan\u0131l\u0131r. \u0130nce tasar\u0131m\u0131 ile yer kaplamaz.<\/li>\n<li>Standart Anahtar dolaplar\u0131n\u0131n aksine, ayn\u0131 zamanda \u00e7elik kasa i\u015flevi g\u00f6r\u00fcr, g\u00fcvenli ve sa\u011flamd\u0131r.<\/li>\n<li>64, 100 ve 200 Anahtar Kapasiteli modelleri mevcuttur.<\/li>\n<li>Anahtar ask\u0131lar\u0131 numaral\u0131d\u0131r. Bu sayede anahtar y\u00f6netim sistemi kolayla\u015f\u0131r.<\/li>\n<li>H\u0131rs\u0131zl\u0131\u011fa kar\u015f\u0131 tam korumal\u0131d\u0131r.<\/li>\n<\/ul>\n<\/li>\n<\/ul>\n<h3><strong>\u00c7elik Kasa \u00d6l\u00e7\u00fcleri, A\u011f\u0131rl\u0131k, Hacim Bilgileri<\/strong><\/h3>\n<hr size='\\\"2\\\"'>\n<p>\u00a0<\/p>\n<table border='\\\"0\\\"' rules='\\\"rows\\\"' align='\\\"left\\\"'>\n<tbody>\n<tr>\n<td style=\"0padding: 4px;\"><strong>Marka<\/strong><\/td>\n<td><strong>:<\/strong><\/td>\n<td><strong>Eurosafe Diplomat Serisi<\/strong><\/td>\n<\/tr>\n<tr>\n<td style=\"0padding: 4px;\"><strong>Model<\/strong><\/td>\n<td><strong>:<\/strong><\/td>\n<td><strong>KC100 Anahtar Kasas\u0131 \u2013 G\u00fcvenli Anahtar Dolab\u0131-<\/strong><\/td>\n<\/tr>\n<tr>\n<td style=\"0padding: 4px;\"><strong>D\u0131\u015f \u00d6l\u00e7\u00fcler<\/strong><\/td>\n<td><strong>:<\/strong><\/td>\n<td>555 x 430 x 179 mm.<\/td>\n<\/tr>\n<tr>\n<td style=\"0padding: 4px;\"><strong>\u0130\u00e7 \u00d6l\u00e7\u00fcler<\/strong><\/td>\n<td><strong>:<\/strong><\/td>\n<td>551 x 425 x 118 mm.<\/td>\n<\/tr>\n<tr>\n<td style=\"0padding: 4px;\"><strong>A\u011f\u0131rl\u0131k<\/strong><\/td>\n<td><strong>:<\/strong><\/td>\n<td>23 Kg- \u0130\u00e7ten Duvara 3 Montaj Yuvas\u0131ndan monte edilir<\/td>\n<\/tr>\n<tr>\n<td style=\"0padding: 4px;\"><strong>Ask\u0131 say\u0131s\u0131<\/strong><\/td>\n<td><strong>:<\/strong><\/td>\n<td>100 Adet numaral\u0131 anahtarl\u0131k ask\u0131s\u0131<\/td>\n<\/tr>\n<tr>\n<td style=\"0padding: 4px;\"><strong>Hacim<\/strong><\/td>\n<td><strong>:<\/strong><\/td>\n<td>34 Lt.<\/td>\n<\/tr>\n<tr>\n<td style=\"0padding: 4px;\"><strong>Kilitleme Mekanizmas\u0131<\/strong><\/td>\n<td><strong>:<\/strong><\/td>\n<td>Elektronik \u015eifreli Kilit Sistemi<\/td>\n<\/tr>\n<\/tbody>\n<\/table>\n<h3><strong>\u00c7elik Kasa Kilitleme Sistemi<\/strong><\/h3>\n<hr size='\\\"2\\\"'>\n<ul>\n<li style=\"list-style-type: none;\">\n<ul>\n<li>2 adet \u00e7elik miller ile kilitlenir. (Standart olarak sunulur)<\/li>\n<li>En son teknoloji 4-16 basamakl\u0131 \u015fifre kullan\u0131labilen dijital kilit sistemine sahiptir. 2 farl\u0131 \u015fifre tan\u0131mlanabilir ( Master \u015fifre)<\/li>\n<li>Geli\u015fmi\u015f y\u00fcksek g\u00fcvenlikli kilit sistemi, \u00c7elik kilitleme milleri ve ge\u00e7me sistemi ile h\u0131rs\u0131zl\u0131\u011fa kar\u015f\u0131 tam koruma sa\u011flar.<\/li>\n<\/ul>\n<\/li>\n<\/ul>\n<h3><strong>\u00c7elik Anahtar Kasas\u0131 \u0130\u00e7 D\u00fczen Ekipmanlar\u0131<\/strong><\/h3>\n<hr size='\\\"2\\\"'>\n<ul>\n<li style=\"list-style-type: none;\">\n<ul>\n<li>100 Adet Anahtarl\u0131k Ask\u0131s\u0131- Numaral\u0131-<\/li>\n<li>Her t\u00fcr anahtar ve anahtarl\u0131\u011fa uygun, geni\u015f ve kolay eri\u015filebilir anahtar yerleri<\/li>\n<\/ul>\n<\/li>\n<\/ul>\n<h3><strong>Anahtar Kasalar\u0131 Kullan\u0131m Alanlar\u0131 <\/strong><\/h3>\n<hr size='\\\"2\\\"'>\n<ul>\n<li style=\"list-style-type: none;\">\n<ul>\n<li>\u00c7ok fazla anahtar\u0131n y\u00f6netimi ve g\u00fcvenli\u011finin gerekti\u011fi her t\u00fcrl\u00fc i\u015fyerinde kullan\u0131labilir. Galeriler, oto servisleri, otomotiv bayileri, depolar, \u015firket binalar\u0131 , plazalar, otopark gibi i\u015fyerlerinde, anahtarlar\u0131n hem d\u00fczenli saklanmas\u0131 hem de h\u0131rs\u0131zl\u0131ktan korunmas\u0131 i\u00e7in t\u00fcm d\u00fcnyada s\u0131kl\u0131kla kullan\u0131lan anahtar dolab\u0131 \u00e7\u00f6z\u00fcmleridir.<\/li>\n<li>Otel, hastane, okul, benzin istasyonu gibi kurumlarda anahtar kasas\u0131 kullanmak , mekanlara izinsiz eri\u015fimi engelllemek i\u00e7in en uygun \u00e7\u00f6z\u00fcmd\u00fcr.<\/li>\n<li>Anahtar kasas\u0131 fiyatlar\u0131, di\u011fer standar anahtar dolab\u0131 fiyatlar\u0131yla k\u0131yaslanmaml\u0131d\u0131r. KC100 Anahtar Kasas\u0131, ayn\u0131 zamanda da \u015fifreli bir \u00e7elik kasa\\\u2019d\u0131r. Di\u011fer dolaplar anahtarlar\u0131n g\u00fcvenli\u011fini bir \u00e7elik kasa gibi sa\u011flayamazlar. O y\u00fczden ihtiyac\u0131n\u0131z\u0131n iyi belirlenmesi, anahtarlar\u0131 ayn\u0131 zamanda h\u0131rs\u0131zl\u0131k ve izinsiz eri\u015fimden de korumak istiyorsan\u0131z , bir anahtar dolab\u0131n\u0131n risklerinin de\u011ferlendirilmesi ve fiyat k\u0131yaslamas\u0131n\u0131n ona g\u00f6re yap\u0131lmas\u0131 gerekir. KC100 model anahtar kasas\u0131 fiyat\u0131, ithal olmas\u0131na ra\u011fmen hem kasa hem dolap i\u015fleviyle olduk\u00e7a uygundur. Di\u011fer model \u00e7elik kasa fiyatlar\u0131, kampanyalar ve \u00f6deme se\u00e7enekleri ile ilgili bilgi almak i\u00e7in l\u00fctfen arkada\u015flar\u0131m\u0131zla ileti\u015fime ge\u00e7iniz.Elektronik \u015fifreli , ithal olmas\u0131na ra\u011fmen merdiven alt\u0131 kalitesiz kasalar\u0131n fiyatlar\u0131 ile k\u0131yasland\u0131\u011f\u0131nda, neredeyse ayn\u0131d\u0131r. \u00c7elik kasa al\u0131rken sadece fiyat\u0131n\u0131 k\u0131yaslamak \u00f6zellikleri ve g\u00fcvenlik seviyesi hakk\u0131nda yeterli g\u00fcvenceleri almamak sonradan geri d\u00f6n\u00fclmesi imkans\u0131z zararlara yol a\u00e7abilir. kC serisi, fiyat performans oran\u0131 en iyi \u00e7elik anahtar kasas\u0131 serisidir.<\/li>\n<\/ul>\n<\/li>\n<\/ul>\n<hr size='\\\"2\\\"'>\n<h3><strong>Garanti <\/strong><\/h3>\n<ul>\n<li style=\"list-style-type: none;\">\n<ul>\n<li>T\u00fcm \u00fcretim hatalar\u0131na kar\u015f\u0131 en az 2 (iki) y\u0131l garantilidir.<\/li>\n<\/ul>\n<\/li>\n<\/ul>\n<\/body>","protected":false},"excerpt":{"rendered":"<p>KC 100 Anahtar Kasas\u0131 \u00d6zellikleri Bina y\u00f6netimleri, ofisler, otopark y\u00f6netimleri, galeriler, emlak ofisleri, depo birimleri gibi \u00e7ok\u00e7a anahtar bulunan ve&hellip;<\/p>\n","protected":false},"featured_media":223,"comment_status":"open","ping_status":"closed","template":"","meta":[],"product_brand":[],"product_cat":[31],"product_tag":[],"class_list":{"0":"post-222","1":"product","2":"type-product","3":"status-publish","4":"has-post-thumbnail","6":"product_cat-anahtar-kasasi","8":"first","9":"instock","10":"taxable","11":"shipping-taxable","12":"purchasable","13":"product-type-simple"},"jetpack_sharing_enabled":true,"_links":{"self":[{"href":"https:\/\/www.celikkasa.com\/2019\/wp-json\/wp\/v2\/product\/222","targetHints":{"allow":["GET"]}}],"collection":[{"href":"https:\/\/www.celikkasa.com\/2019\/wp-json\/wp\/v2\/product"}],"about":[{"href":"https:\/\/www.celikkasa.com\/2019\/wp-json\/wp\/v2\/types\/product"}],"replies":[{"embeddable":true,"href":"https:\/\/www.celikkasa.com\/2019\/wp-json\/wp\/v2\/comments?post=222"}],"wp:featuredmedia":[{"embeddable":true,"href":"https:\/\/www.celikkasa.com\/2019\/wp-json\/wp\/v2\/media\/223"}],"wp:attachment":[{"href":"https:\/\/www.celikkasa.com\/2019\/wp-json\/wp\/v2\/media?parent=222"}],"wp:term":[{"taxonomy":"product_brand","embeddable":true,"href":"https:\/\/www.celikkasa.com\/2019\/wp-json\/wp\/v2\/product_brand?post=222"},{"taxonomy":"product_cat","embeddable":true,"href":"https:\/\/www.celikkasa.com\/2019\/wp-json\/wp\/v2\/product_cat?post=222"},{"taxonomy":"product_tag","embeddable":true,"href":"https:\/\/www.celikkasa.com\/2019\/wp-json\/wp\/v2\/product_tag?post=222"}],"curies":[{"name":"wp","href":"https:\/\/api.w.org\/{rel}","templated":true}]}}