{"id":218,"date":"2019-07-07T22:36:02","date_gmt":"2019-07-07T21:36:02","guid":{"rendered":"https:\/\/www.celikkasa.com\/2019\/?post_type=product&#038;p=218"},"modified":"2026-02-23T20:39:50","modified_gmt":"2026-02-23T19:39:50","slug":"kasoguard-celik-guvenlik-kapisi","status":"publish","type":"product","link":"https:\/\/www.celikkasa.com\/2019\/urun\/kasoguard-celik-guvenlik-kapisi\/","title":{"rendered":"KasoGuard \u00c7elik G\u00fcvenlik Kap\u0131s\u0131"},"content":{"rendered":"<body><h2><strong>H\u0131rs\u0131zl\u0131k ve Yang\u0131na Kar\u015f\u0131 Dayan\u0131kl\u0131 \u00c7elik Kap\u0131 \u00d6zellikleri<\/strong><\/h2>\n<p>Eurosafe KasoGuard g\u00fcvenlik kap\u0131lar\u0131 , evler, villalar ve ofisler i\u00e7in tasarlanm\u0131\u015ft\u0131r. HEm yenileme hem de yeni binalar i\u00e7in uygundur. KasoGuard g\u00fcvenlik kap\u0131lar\u0131n\u0131n g\u00f6r\u00fcn\u00fcm\u00fc, di\u011fer kap\u0131lara benzer, ancak \u00e7elik kap\u0131n\u0131n i\u00e7 tasar\u0131m\u0131, onu benzersiz k\u0131lan \u015feydir. KasoGuard g\u00fcvenlik kap\u0131lar\u0131 ve \u00e7er\u00e7eveleri g\u00fc\u00e7lendirilmi\u015f \u00e7eliktir, ve en \u00e7ok de\u011fer verdi\u011finiz mal ve can\u0131n\u0131z\u0131 en \u00fcst d\u00fczeyde korur.<\/p>\n<p>KasoGuard G\u00fcvenlik kap\u0131lar\u0131 h\u0131rs\u0131zl\u0131k testleri \u0130svi\u00e7re\\\u2019de yap\u0131lm\u0131\u015f ve s\u0131n\u0131f 3 ( EN1627 \/ SSF \u2013 \u0130sve\u00e7) sertifikas\u0131na sahiptir.\\r\\nAyn\u0131 zamanda yang\u0131na kar\u015f\u0131 (s\u0131n\u0131f EI45 ) standard\u0131nda koruma sa\u011flar. Ayr\u0131ca g\u00fcvenlik kap\u0131lar\u0131 ek konfor i\u00e7in SES ve ISI yal\u0131t\u0131m\u0131 da sa\u011flar.KasoGuard \u00e7elik kap\u0131lar sipari\u015fe g\u00f6re Finlandiya\\\u2019da \u00fcretilir, ithalat edilerek yerine montaj\u0131 yap\u0131l\u0131r. \u00d6zel sipari\u015fe g\u00f6re \u00fcretildi\u011fi i\u00e7in mobilya rengi, ah\u015fap modeli, \u00f6l\u00e7\u00fcleri, kilitleri ve di\u011fer aksesuarlar\u0131 iste\u011finize g\u00f6re haz\u0131rlan\u0131r.\\r\\nKasoGuard g\u00fcvenlik kap\u0131lar\u0131, Avrupa Sigorta \u015eirketleri taraf\u0131ndan tavsiye edilmektedir.<\/p>\n<h3><strong>\u00c7elik G\u00fcvenlik Kap\u0131s\u0131 Genel Kullan\u0131m \u00d6zellikleri<\/strong><\/h3>\n<hr size='\\\"2\\\"'>\n<ul>\n<li style=\"list-style-type: none;\">\n<ul>\n<li>Evler , daireler, villalar ve ofisler i\u00e7in uygundur.<\/li>\n<li>Apartmanlarda i\u00e7 giri\u015f kap\u0131s\u0131 ya da bina d\u0131\u015f giri\u015f kap\u0131s\u0131 olarak kullan\u0131labilir.<\/li>\n<li>Kap\u0131 kasas\u0131 ve g\u00f6vdesi g\u00fc\u00e7lendirilmi\u015f \u00e7elik takviyelidir.<\/li>\n<li>D\u0131\u015fa ya da i\u00e7e a\u00e7\u0131lacak \u015fekilde \u00fcretilebilir.<\/li>\n<li>Kap\u0131 y\u00f6n\u00fc sa\u011fa ya da sola a\u00e7\u0131lacak \u015fekilde ayarlanabilir.<\/li>\n<li>Kap\u0131 Kilitleme Milleri 4 y\u00f6nden kap\u0131 kasas\u0131na kilitlenir.<\/li>\n<li>\u0130ntegral Kilit Sistemi, delinmeye kar\u015f\u0131 tam korumal\u0131d\u0131r.<\/li>\n<li>Mattura ve Abloy standart kilit mekanizmas\u0131na sahiptir.<\/li>\n<\/ul>\n<\/li>\n<\/ul>\n<h3><strong>\u00c7elik Kap\u0131 Teknik \u00d6zellikleri<\/strong><\/h3>\n<hr size='\\\"2\\\"'>\n<p>\u00a0<\/p>\n<table border='\\\"0\\\"' rules='\\\"rows\\\"' align='\\\"center\\\"'>\n<tbody>\n<tr>\n<td style=\"0padding: 4px;\"><strong>Marka<\/strong><\/td>\n<td><strong>:<\/strong><\/td>\n<td><strong>Eurosafe KasoGuard Serisi<\/strong><\/td>\n<\/tr>\n<tr>\n<td style=\"0padding: 4px;\"><strong>Model<\/strong><\/td>\n<td><strong>:<\/strong><\/td>\n<td><strong>KasoGuard Arctos 10<\/strong><\/td>\n<\/tr>\n<tr>\n<td style=\"0padding: 4px;\"><strong>H\u0131rs\u0131zl\u0131k Sertifikas\u0131<\/strong><\/td>\n<td><strong>:<\/strong><\/td>\n<td>Grade 3 (EN 1627)<\/td>\n<\/tr>\n<tr>\n<td style=\"0padding: 4px;\"><strong>Yang\u0131n Koruma Standard\u0131<\/strong><\/td>\n<td><strong>:<\/strong><\/td>\n<td>EI 45<\/td>\n<\/tr>\n<tr>\n<td style=\"0padding: 4px;\"><strong>Ses izolasyonu<\/strong><\/td>\n<td><strong>:<\/strong><\/td>\n<td>41 dB<\/td>\n<\/tr>\n<tr>\n<td style=\"0padding: 4px;\"><strong>R\u00fczgar Y\u00fck\u00fcne Diren\u00e7<\/strong><\/td>\n<td><strong>:<\/strong><\/td>\n<td>S\u0131\u0131n\u0131f C3<\/td>\n<\/tr>\n<tr>\n<td style=\"0padding: 4px;\"><strong>Su Se\u00e7irmezlik<\/strong><\/td>\n<td><strong>:<\/strong><\/td>\n<td>Class 2A.<\/td>\n<\/tr>\n<tr>\n<td style=\"0padding: 4px;\"><strong>Hava Ge\u00e7irgenli\u011fi<\/strong><\/td>\n<td><strong>:<\/strong><\/td>\n<td>Class 3<\/td>\n<\/tr>\n<tr>\n<td style=\"0padding: 4px;\"><strong>A\u011f\u0131rl\u0131k <\/strong><\/td>\n<td><strong>:<\/strong><\/td>\n<td>95 Kg<\/td>\n<\/tr>\n<\/tbody>\n<\/table>\n<h3><strong>\u00c7elik Kap\u0131 Sertifikalar\u0131<\/strong><\/h3>\n<hr size='\\\"2\\\"'>\n<ul>\n<li style=\"list-style-type: none;\">\n<ul>\n<li>Avrupa Birli\u011fi Normlar\u0131na ( EN) uygundur.<\/li>\n<li>EN1627 \/ SSF \u2013 Sweden H\u0131rs\u0131zl\u0131\u011fa Kar\u015f\u0131 Koruma sertifikas\u0131na sahiptir.<\/li>\n<li>Class 3 EI 45 \u00e7elik kap\u0131 yang\u0131na dayan\u0131kl\u0131l\u0131k standard\u0131na g\u00f6re \u00fcretilmi\u015ftir.<\/li>\n<li>ISO 9001 -2008 &amp; ISO 9001-2009 kalite y\u00f6netim sertifikalar\u0131na sahiptir.<\/li>\n<\/ul>\n<\/li>\n<\/ul>\n<h3><strong>\u00c7elik Kap\u0131 Kilitleme Sistemi<\/strong><\/h3>\n<hr size='\\\"2\\\"'>\n<ul>\n<li style=\"list-style-type: none;\">\n<ul>\n<li>Yanlar, alt ve \u00fcste olmak \u00fczere her y\u00f6nden \u00e7elik miller ile kilitlenir. (Standart olarak sunulur)<\/li>\n<li>En son teknoloji entegre delinmeye kar\u015f\u0131 korumal\u0131 kilit sistemine sahiptir.<\/li>\n<li>Geli\u015fmi\u015f y\u00fcksek g\u00fcvenlikli Mottura ve Abloy kilit sistemi, \u00c7elik kilitleme milleri ve ge\u00e7me sistemi ile h\u0131rs\u0131zl\u0131\u011fa kar\u015f\u0131 tam koruma sa\u011flar.<\/li>\n<\/ul>\n<\/li>\n<\/ul>\n<h3><strong>\u00c7elik Kap\u0131 Ekipman ve Se\u00e7enekleri <\/strong><\/h3>\n<hr size='\\\"2\\\"'>\n<ul>\n<li style=\"list-style-type: none;\">\n<ul>\n<li>Kap\u0131 Zili<\/li>\n<li>Posta Kutusu<\/li>\n<li>Giri\u015f KOntrol ( Access control)<\/li>\n<li>Entegre kap\u0131 a\u00e7\u0131l\u0131\u015f s\u0131n\u0131rlay\u0131c\u0131<\/li>\n<li>Kap\u0131 stop\u2019u<\/li>\n<li>Farkl\u0131 Renk, panel ve mobilya se\u00e7enekleri<\/li>\n<li>Terzi y\u00f6ntemi, \u00f6zel \u00f6l\u00e7\u00fc ve tasar\u0131m se\u00e7enekleri<\/li>\n<\/ul>\n<\/li>\n<\/ul>\n<h3><strong>Y\u00fcksek G\u00fcvenlikli \u00c7elik Kap\u0131 Kullan\u0131m Alanlar\u0131 <\/strong><\/h3>\n<hr size='\\\"2\\\"'>\n<ul>\n<li style=\"list-style-type: none;\">\n<ul>\n<li>Evler ve villalar i\u00e7in uygundur. Normal \u00e7elik ve ah\u015fap kap\u0131lara g\u00f6re en \u00fcst seviyede can ve mal g\u00fcvenli\u011fi sa\u011flar. \u00dcst\u00fcn g\u00fcvenlik \u00f6zellkleri, hem evimizde bizi sald\u0131r\u0131lara kar\u015f\u0131 korurken, hem de biz evde de\u011filken nakit para, m\u00fccevher, elektronik e\u015fya gibi de\u011ferlerimizi h\u0131rs\u0131zl\u0131\u011fa kar\u015f\u0131 korur.<\/li>\n<li>Ofis ve i\u015fyeri kap\u0131s\u0131 olarak kullan\u0131labilir. Hem \u015f\u0131k hem g\u00fcvenli hem de montaj\u0131 ve kullan\u0131m\u0131 \u00e7ok kolayd\u0131r. Ek giri\u015f kotrol sistemleri ile, g\u00fcn boyu izinsiz giri\u015f \u00e7\u0131k\u0131\u015flar engellenebilir.<\/li>\n<li>M\u00fcstakil binalarda, g\u00fcvenlik bulunmayan \u0131ss\u0131z binalarda, kesinlikle en iyi g\u00fcvenlik \u00e7\u00f6z\u00fcm\u00fcd\u00fcr.<\/li>\n<li>\u00c7elik kap\u0131 fiyatlar\u0131, yerli standard kap\u0131larla k\u0131yasland\u0131\u011f\u0131nda y\u00fcksek g\u00fcb\u00fc g\u00f6r\u00fcnse de, \u00fcst\u00fcn g\u00fcvenlik seviyesi, kesinlikle fiyat k\u0131yaslamas\u0131na girilemeyecek kadar farkl\u0131d\u0131r. Avrupa\\\u2019da Finalndiya\\\u2019da \u00fcretilmektedir ve t\u00fcm avrupa standardlar\u0131na sahiptir. F\u0130yat performans oran\u0131 kesinlikle en iyi g\u00fcvenlikli \u00e7elik kap\u0131 modelidir. Size \u00f6zel fiyat teklifimiz ve uygun \u00f6deme se\u00e7enekleri i\u00e7in l\u00fctfen bizimle irtibata ge\u00e7in.<\/li>\n<\/ul>\n<\/li>\n<\/ul>\n<hr size='\\\"2\\\"'>\n<h3><strong>Garanti <\/strong><\/h3>\n<ul>\n<li style=\"list-style-type: none;\">\n<ul>\n<li>T\u00fcm \u00fcretim hatalar\u0131na kar\u015f\u0131 en az 2 (iki) y\u0131l garantilidir. Eurosafe \u00c7elik Kasa taraf\u0131ndan ithal edilmekte, ve t\u00fcm teknik hizmetleri Eurosafe taraf\u0131ndan verilmektedir.<\/li>\n<\/ul>\n<\/li>\n<\/ul>\n<\/body>","protected":false},"excerpt":{"rendered":"<p>H\u0131rs\u0131zl\u0131k ve Yang\u0131na Kar\u015f\u0131 Dayan\u0131kl\u0131 \u00c7elik Kap\u0131 \u00d6zellikleri Eurosafe KasoGuard g\u00fcvenlik kap\u0131lar\u0131 , evler, villalar ve ofisler i\u00e7in tasarlanm\u0131\u015ft\u0131r. HEm&hellip;<\/p>\n","protected":false},"featured_media":220,"comment_status":"open","ping_status":"closed","template":"","meta":[],"product_brand":[],"product_cat":[30],"product_tag":[],"class_list":{"0":"post-218","1":"product","2":"type-product","3":"status-publish","4":"has-post-thumbnail","6":"product_cat-guvenlik-kapisi","8":"first","9":"instock","10":"taxable","11":"shipping-taxable","12":"product-type-simple"},"jetpack_sharing_enabled":true,"_links":{"self":[{"href":"https:\/\/www.celikkasa.com\/2019\/wp-json\/wp\/v2\/product\/218","targetHints":{"allow":["GET"]}}],"collection":[{"href":"https:\/\/www.celikkasa.com\/2019\/wp-json\/wp\/v2\/product"}],"about":[{"href":"https:\/\/www.celikkasa.com\/2019\/wp-json\/wp\/v2\/types\/product"}],"replies":[{"embeddable":true,"href":"https:\/\/www.celikkasa.com\/2019\/wp-json\/wp\/v2\/comments?post=218"}],"wp:featuredmedia":[{"embeddable":true,"href":"https:\/\/www.celikkasa.com\/2019\/wp-json\/wp\/v2\/media\/220"}],"wp:attachment":[{"href":"https:\/\/www.celikkasa.com\/2019\/wp-json\/wp\/v2\/media?parent=218"}],"wp:term":[{"taxonomy":"product_brand","embeddable":true,"href":"https:\/\/www.celikkasa.com\/2019\/wp-json\/wp\/v2\/product_brand?post=218"},{"taxonomy":"product_cat","embeddable":true,"href":"https:\/\/www.celikkasa.com\/2019\/wp-json\/wp\/v2\/product_cat?post=218"},{"taxonomy":"product_tag","embeddable":true,"href":"https:\/\/www.celikkasa.com\/2019\/wp-json\/wp\/v2\/product_tag?post=218"}],"curies":[{"name":"wp","href":"https:\/\/api.w.org\/{rel}","templated":true}]}}