{"id":213,"date":"2019-07-07T22:30:12","date_gmt":"2019-07-07T21:30:12","guid":{"rendered":"https:\/\/www.celikkasa.com\/2019\/?post_type=product&#038;p=213"},"modified":"2026-04-05T05:50:39","modified_gmt":"2026-04-05T04:50:39","slug":"tfl-200-parmak-izli-celik-kasa","status":"publish","type":"product","link":"https:\/\/www.celikkasa.com\/2019\/urun\/tfl-200-parmak-izli-celik-kasa\/","title":{"rendered":"TFL 200 Parmak \u0130zli \u00c7elik Kasa"},"content":{"rendered":"<body><h2><strong>Parmak \u0130zli Dokunmatik \u015eifreli TFL 200 \u00c7elik Kasa \u00d6zellikleri<\/strong><\/h2>\n<p>Parmak izli ve dokunmatik \u015fifreli, ekranl\u0131, yeni nesil l\u00fcks \u00e7elik kasa modeli, hem kolay kullan\u0131m hem de ekstra g\u00fcvenlik i\u00e7in tasarlanm\u0131\u015ft\u0131r.<\/p>\n<p>E\u011fer \u00e7elik kasa g\u00fcnde 3 kez ve daha fazla , ya da 1 den \u00e7ok ki\u015fi taraf\u0131ndan kullan\u0131l\u0131yorsa, hem y\u00fcksek g\u00fcvenlik \u00f6zellikleri, hem de kullan\u0131m kolayl\u0131\u011f\u0131 ile tercih edilebilecek en yeni, en yeni \u00e7elik kasa modeli.<\/p>\n<h3><strong>\u00c7elik Kasa Genel Kullan\u0131m \u00d6zellikleri<\/strong><\/h3>\n<hr size='\\\"2\\\"'>\n<ul>\n<li style=\"list-style-type: none;\">\n<ul>\n<li>\u00c7elik kasa, Parmak izi ya da \u015fifre ile kullan\u0131labilir. (Biyometrik kilit)<\/li>\n<li>Dokunmatik ekran\u0131 ile \u015fifre tu\u015flamak ya da parmak izi okutmak \u00e7ok kolayd\u0131r.<\/li>\n<li>\u015eifre uzunlu\u011fu 4 ile 16 basamak aras\u0131nda se\u00e7ilebilir.<\/li>\n<li>128 farkl\u0131 kullan\u0131c\u0131 i\u00e7in parmak izi tan\u0131mlanabilir.<\/li>\n<li>2 farkl\u0131 \u015fifre ile \u00e7elik kasan\u0131n 2 ki\u015fi birlikteyken a\u00e7\u0131lmas\u0131 sa\u011flanabilir.<\/li>\n<li>Ekranda \u015fifre g\u00f6r\u00fcnmesi ya da sesli uyar\u0131lar kapat\u0131labilir.<\/li>\n<li>Darbelere kar\u015f\u0131 entegre alarm sistemi bulunmaktad\u0131r.<\/li>\n<\/ul>\n<\/li>\n<\/ul>\n<h3><strong>\u00c7elik Kasa \u00d6l\u00e7\u00fcleri, A\u011f\u0131rl\u0131k, Hacim Bilgileri<\/strong><\/h3>\n<hr size='\\\"2\\\"'>\n<p>\u00a0<\/p>\n<table border='\\\"0\\\"' rules='\\\"rows\\\"'>\n<tbody>\n<tr>\n<td style=\"0padding: 4px;\"><strong>Marka<\/strong><\/td>\n<td><strong>:<\/strong><\/td>\n<td><strong>Eurosafe Diplomat Serisi<\/strong><\/td>\n<\/tr>\n<tr>\n<td style=\"0padding: 4px;\"><strong>Model<\/strong><\/td>\n<td><strong>:<\/strong><\/td>\n<td><strong>TFL 200 \u00c7elik Kasa<\/strong><\/td>\n<\/tr>\n<tr>\n<td style=\"0padding: 4px;\"><strong>D\u0131\u015f \u00d6l\u00e7\u00fcler<\/strong><\/td>\n<td><strong>:<\/strong><\/td>\n<td>1690 x 775 x 650 mm.<\/td>\n<\/tr>\n<tr>\n<td style=\"0padding: 4px;\"><strong>\u0130\u00e7 \u00d6l\u00e7\u00fcler<\/strong><\/td>\n<td><strong>:<\/strong><\/td>\n<td>1450 x 595 x 440 mm.<\/td>\n<\/tr>\n<tr>\n<td style=\"0padding: 4px;\"><strong>A\u011f\u0131rl\u0131k<\/strong><\/td>\n<td><strong>:<\/strong><\/td>\n<td>388 Kg<\/td>\n<\/tr>\n<tr>\n<td style=\"0padding: 4px;\"><strong>Raf\/\u00c7ekmece<\/strong><\/td>\n<td><strong>:<\/strong><\/td>\n<td>3 Raf \/1 Adet Kilitli \u00c7ekmece<\/td>\n<\/tr>\n<tr>\n<td style=\"0padding: 4px;\"><strong>Hacim<\/strong><\/td>\n<td><strong>:<\/strong><\/td>\n<td>379 Lt.<\/td>\n<\/tr>\n<tr>\n<td style=\"0padding: 4px;\"><strong>Kilitleme Mekanizmas\u0131<\/strong><\/td>\n<td><strong>:<\/strong><\/td>\n<td>TFL:Parmak \u0130zli, Dokunmatik \u015eifre Sistemi<\/td>\n<\/tr>\n<tr>\n<td style=\"0padding: 4px;\"><strong>Yang\u0131n S\u0131n\u0131f\u0131 <\/strong><\/td>\n<td><strong>:<\/strong><\/td>\n<td>1090 C 120 dakika dayan\u0131kl\u0131<\/td>\n<\/tr>\n<tr>\n<td style=\"0padding: 4px;\"><strong>Standart<\/strong><\/td>\n<td><strong>:<\/strong><\/td>\n<td>NT Fire 017 120 Paper EN Normlar\u0131na Uygundur.<\/td>\n<\/tr>\n<\/tbody>\n<\/table>\n<h3><strong>\u00c7elik Kasa Sertifikalar\u0131<\/strong><\/h3>\n<hr size='\\\"2\\\"'>\n<ul>\n<li style=\"list-style-type: none;\">\n<ul>\n<li>Avrupa Birli\u011fi Normlar\u0131na ( EN) uygundur.<\/li>\n<li>ECB.S ( European Certification Board. Security- Avrupa\\\u2019n\u0131n bir numaral\u0131 g\u00fcvenlik standartlar\u0131 kurumu ) taraf\u0131ndan verilmi\u015f ECB.S EN 14450 H\u0131rs\u0131zl\u0131k sertifikas\u0131na sahiptir.<\/li>\n<li>NT Fire 017 120 Paper yang\u0131na dayan\u0131kl\u0131l\u0131k sertifikas\u0131na sahiptir. *SP onayl\u0131 (Swedish National Testing and Research Institute), 1090 derece s\u0131cakl\u0131kta 120 dakika dosya ( ka\u011f\u0131t) yang\u0131n g\u00fcvenli\u011fi sertifikas\u0131). Avrupa ve d\u00fcnya standarlar\u0131nda en \u00fcst yang\u0131n dayan\u0131m s\u00fcresi.<\/li>\n<li>ISO 9001 -2008 &amp; ISO 9001-2009 kalite y\u00f6netim sertifikalar\u0131na sahiptir.<\/li>\n<\/ul>\n<\/li>\n<\/ul>\n<h3><strong> \u00c7elik Kasa Yang\u0131n G\u00fcvenli\u011fi \u00d6zellikleri (Fireproof) <\/strong><\/h3>\n<hr size='\\\"2\\\"'>\n<ul>\n<li style=\"list-style-type: none;\">\n<\/ul>\n<ul>\n<li style=\"list-style-type: none;\">\n<ul>\n<li>1090 oC derece \u0131s\u0131ya 60 dakika dayan\u0131kl\u0131d\u0131r. En \u00fcst yang\u0131n dayan\u0131kl\u0131 \u00e7elik kasa standard\u0131na sahiptir.<\/li>\n<li>En az 60 dakika yang\u0131n s\u00fcresince, i\u00e7 s\u0131cakl\u0131k 150<sup>o<\/sup>C dereceyi ge\u00e7mez. ( ka\u011f\u0131t bozulma s\u0131cakl\u0131\u011f\u0131)<\/li>\n<li>S\u0131cakl\u0131k, duman, buhar, nem di\u011fer fiziksel etkilere kar\u015f\u0131 tam koruma sa\u011flar.<\/li>\n<li>Yang\u0131n, su, gaz ve dumana kar\u015f\u0131 dayan\u0131kl\u0131 dayan\u0131kl\u0131d\u0131r.<\/li>\n<li>\u00dc\u00e7l\u00fc ge\u00e7me sistemli \u00f6zel \u00e7er\u00e7eve sistemi ile g\u00fcvenlik art\u0131r\u0131lm\u0131\u015ft\u0131r.<\/li>\n<li>Depreme kar\u015f\u0131 dayan\u0131kl\u0131d\u0131r.<\/li>\n<\/ul>\n<\/li>\n<\/ul>\n<h3><strong>\u00c7elik Kasa Kilitleme Sistemi<\/strong><\/h3>\n<hr size='\\\"2\\\"'>\n<ul>\n<li style=\"list-style-type: none;\">\n<ul>\n<li>Yan, alt ve \u00fcste olmak \u00fczere her y\u00f6nden \u00e7elik miller ile kilitlenir. (Standart olarak sunulur)<\/li>\n<li>En son teknoloji biyometrik kilit sistemine sahiptir.<\/li>\n<li>Geli\u015fmi\u015f y\u00fcksek g\u00fcvenlikli kilit sistemi, \u00c7elik kilitleme milleri ve ge\u00e7me sistemi ile h\u0131rs\u0131zl\u0131\u011fa kar\u015f\u0131 tam koruma sa\u011flar.<\/li>\n<\/ul>\n<\/li>\n<\/ul>\n<h3><strong>\u00c7elik Kasa \u0130\u00e7 D\u00fczen Ekipmanlar\u0131<\/strong><\/h3>\n<hr size='\\\"2\\\"'>\n<ul>\n<li style=\"list-style-type: none;\">\n<ul>\n<li>Ayarlanabilir i\u00e7 raf sistemine sahiptir.<\/li>\n<li>Kilitli \u00e7ekmecesi ile, kasa i\u00e7inde ayr\u0131ca bir g\u00fcvenli b\u00f6l\u00fcm kullan\u0131labilir.<\/li>\n<\/ul>\n<\/li>\n<\/ul>\n<h3><strong>Biyometrik Kilitli Parmak izi okuyuculu \u00c7elik Kasalar\u0131n Kullan\u0131m Alanlar\u0131 <\/strong><\/h3>\n<hr size='\\\"2\\\"'>\n<ul>\n<li style=\"list-style-type: none;\">\n<ul>\n<li>Boyutlar\u0131 ofis tipi \u00e7elik kasa olarak kullanmaya uygundur. Her t\u00fcrl\u00fc i\u015fyeri ve kamu kurumlar\u0131nda, nakit para kasas\u0131, ofis kasas\u0131, dosya kasas\u0131, para kasas\u0131, evrak kasas\u0131 olarak kullan\u0131labilir. Evrak, dosya, nakit, \u00e7ek, senet, tapu, s\u00f6zle\u015fme vs gibi de\u011ferli yang\u0131n ve h\u0131rs\u0131zl\u0131k olaylar\u0131na kar\u015f\u0131 korur.<\/li>\n<li>Otel, hastane, okul, benzin istasyonu gibi kurumlarda vezne kasas\u0131 olarak kullan\u0131labilir. T\u00fcm gi\u015fe ve vezne i\u015flemlerinin g\u00fcvenli\u011fi i\u00e7in en uygun g\u00fcvenli kasa \u00e7\u00f6z\u00fcm\u00fcd\u00fcr.<\/li>\n<li>De\u011ferli ila\u00e7lar\u0131 h\u0131rs\u0131zl\u0131k ve yang\u0131ndan korumak i\u00e7in eczane kasas\u0131, narkotik kasas\u0131 olarak kullan\u0131labilir.<\/li>\n<li>Kamu kurumlar\u0131nda de\u011ferli ka\u011f\u0131t ve evrak kasas\u0131 ya da para kasas\u0131 olarak kullan\u0131labilir. Birden \u00e7ok kullan\u0131c\u0131n\u0131n ayn\u0131 kasay\u0131 kullanmas\u0131 i\u00e7in en uygun \u00e7\u00f6z\u00fcmd\u00fcr. parmak izi ile kullan\u0131ld\u0131\u011f\u0131 i\u00e7in, \u015fifrenin kulaktan kula\u011fa yay\u0131lmas\u0131, i\u015fe gelmeyen personelin ba\u015fkas\u0131na \u015fifre s\u00f6yleyerek para kasan\u0131n\u0131 a\u00e7t\u0131rmas\u0131 gibi g\u00fcvenlik zaafiyetleri do\u011fmaz.<\/li>\n<li>Evlerde e\u011fer geni\u015f bir i\u00e7 hacime ihtiyac\u0131m\u0131z varsa, ki\u015fisel kasa kullan\u0131m\u0131na uygundur. Yazl\u0131klar i\u00e7in \u00e7elik kasa olarak yazl\u0131klarda, \u00e7iftliklerde kulan\u0131labilir. \u00c7elik Kasa 390 Kg a\u011f\u0131rl\u0131\u011f\u0131 ile her t\u00fcrl\u00fc ortamda g\u00fcvenle kullan\u0131labilir.<\/li>\n<li>\u00c7elik kasa fiyatlar\u0131, parmak izli, elektrnik \u015fifreli , ithal ve sertifikal\u0131 olmas\u0131na ra\u011fmen merdiven alt\u0131 kalitesiz kasalar\u0131n fiyatlar\u0131 ile k\u0131yasland\u0131\u011f\u0131nda, neredeyse ayn\u0131d\u0131r. \u00c7elik kasa al\u0131rken sadece fiyat\u0131n\u0131 k\u0131yaslamak \u00f6zellikleri ve g\u00fcvenlik seviyesi hakk\u0131nda yeterli g\u00fcvenceleri almamak sonradan geri d\u00f6n\u00fclmesi imkans\u0131z zararlara yol a\u00e7abilir. Bu nedenle, ama\u00e7 en iyi \u00e7elik kasay\u0131 en ucuz fiyata alabilmek olmal\u0131d\u0131r. TFL Parmak izli seri, hem ucuz hem de sertifikal\u0131, fiyat performans oran\u0131 en iyi \u00e7elik kasa serisidir. \u00c7elik kasalar i\u00e7inde fiyat performans oran\u0131 yan\u0131nda en kolay kullan\u0131m sunan , en iyi modelleri olu\u015ftururlar.<\/li>\n<\/ul>\n<\/li>\n<\/ul>\n<hr size='\\\"2\\\"'>\n<h3><strong>Garanti <\/strong><\/h3>\n<ul>\n<li style=\"list-style-type: none;\">\n<ul>\n<li>T\u00fcm \u00fcretim hatalar\u0131na kar\u015f\u0131 en az 2 (iki) y\u0131l garantilidir.<\/li>\n<\/ul>\n<\/li>\n<\/ul>\n<\/body>","protected":false},"excerpt":{"rendered":"<p>Parmak \u0130zli Dokunmatik \u015eifreli TFL 200 \u00c7elik Kasa \u00d6zellikleri Parmak izli ve dokunmatik \u015fifreli, ekranl\u0131, yeni nesil l\u00fcks \u00e7elik kasa&hellip;<\/p>\n","protected":false},"featured_media":217,"comment_status":"open","ping_status":"closed","template":"","meta":[],"product_brand":[],"product_cat":[24,17,29],"product_tag":[],"class_list":{"0":"post-213","1":"product","2":"type-product","3":"status-publish","4":"has-post-thumbnail","6":"product_cat-dokuman-kasasi","7":"product_cat-ofis-tipi-kasa","8":"product_cat-yanmaz-celik-kasa","10":"first","11":"instock","12":"taxable","13":"shipping-taxable","14":"product-type-simple"},"jetpack_sharing_enabled":true,"_links":{"self":[{"href":"https:\/\/www.celikkasa.com\/2019\/wp-json\/wp\/v2\/product\/213","targetHints":{"allow":["GET"]}}],"collection":[{"href":"https:\/\/www.celikkasa.com\/2019\/wp-json\/wp\/v2\/product"}],"about":[{"href":"https:\/\/www.celikkasa.com\/2019\/wp-json\/wp\/v2\/types\/product"}],"replies":[{"embeddable":true,"href":"https:\/\/www.celikkasa.com\/2019\/wp-json\/wp\/v2\/comments?post=213"}],"wp:featuredmedia":[{"embeddable":true,"href":"https:\/\/www.celikkasa.com\/2019\/wp-json\/wp\/v2\/media\/217"}],"wp:attachment":[{"href":"https:\/\/www.celikkasa.com\/2019\/wp-json\/wp\/v2\/media?parent=213"}],"wp:term":[{"taxonomy":"product_brand","embeddable":true,"href":"https:\/\/www.celikkasa.com\/2019\/wp-json\/wp\/v2\/product_brand?post=213"},{"taxonomy":"product_cat","embeddable":true,"href":"https:\/\/www.celikkasa.com\/2019\/wp-json\/wp\/v2\/product_cat?post=213"},{"taxonomy":"product_tag","embeddable":true,"href":"https:\/\/www.celikkasa.com\/2019\/wp-json\/wp\/v2\/product_tag?post=213"}],"curies":[{"name":"wp","href":"https:\/\/api.w.org\/{rel}","templated":true}]}}