{"id":209,"date":"2019-07-07T22:27:24","date_gmt":"2019-07-07T21:27:24","guid":{"rendered":"https:\/\/www.celikkasa.com\/2019\/?post_type=product&#038;p=209"},"modified":"2026-03-06T09:56:33","modified_gmt":"2026-03-06T08:56:33","slug":"dfc-2000-yanmaz-celik-dolap","status":"publish","type":"product","link":"https:\/\/www.celikkasa.com\/2019\/urun\/dfc-2000-yanmaz-celik-dolap\/","title":{"rendered":"DFC 2000 Yanmaz \u00c7elik Dolap"},"content":{"rendered":"<body><p><b><span> Ofisler, kamu kurumlar\u0131nda kartoteks tip, ask\u0131l\u0131 dosya, klas\u00f6r, senet , \u00e7ek gibi evraklar\u0131 h\u0131rs\u0131zl\u0131k ve en az 1 saat yang\u0131na kar\u015f\u0131 da tam olarak korumak i\u00e7in \u00fcretilmi\u015f, NT Fire 017 60 dakika sertifikal\u0131,\u0130thal yanmaz \u00e7elik kasa modelidir.(2 \u00e7ekmeceli NATO Tip Dolap)<\/span><\/b><\/p>\n<table border='\\\"0\\\"' rules='\\\"rows\\\"'>\n<tbody>\n<tr><!-- Row 1 -->\n<td style=\"0padding: 4px;\"><b>Model <\/b><\/td>\n<p><!-- Col 1 --><\/p>\n<td>: DFC2000 E (Yang\u0131na Dayan\u0131kl\u0131 ithal \u00c7elik Dolap)<\/td>\n<p><!-- Col 2 --><\/p><\/tr>\n<tr><!-- Row 2 -->\n<td style=\"0padding: 4px;\"><b>D\u0131\u015f \u00d6l\u00e7\u00fcler<\/b><\/td>\n<p><!-- Col 1 --><\/p>\n<td>: 782 x 528 x 675 mm (YxGxD)<\/td>\n<p><!-- Col 2 --><\/p><\/tr>\n<tr><!-- Row 3 -->\n<td style=\"0padding: 4px;\"><b>\u0130\u00e7 \u00d6l\u00e7\u00fcler<\/b><\/td>\n<p><!-- Col 1 --><\/p>\n<td>: (272 \u00d7 384 \u00d7 505)\u00d7 2 \u00c7ekmece(YxGxD)<\/td>\n<p><!-- Col 2 --><\/p><\/tr>\n<tr><!-- Row 4 -->\n<td style=\"0padding: 4px;\"><b>A\u011f\u0131rl\u0131k <\/b><\/td>\n<p><!-- Col 1 --><\/p>\n<td>: 145 Kg<\/td>\n<p><!-- Col 2 --><\/p><\/tr>\n<tr><!-- Row 5 -->\n<td style=\"0padding: 4px;\"><b>Kapasite <\/b><\/td>\n<p><!-- Col 1 --><\/p>\n<td>: 52\u00d72 = 104 Litre<\/td>\n<p><!-- Col 2 --><\/p><\/tr>\n<tr><!-- Row 6 -->\n<td style=\"0padding: 4px;\"><b>\u00c7ekmece Say\u0131s\u0131<\/b><\/td>\n<p><!-- Col 1 --><\/p>\n<td>: 2 Adet merkezi Kilitli Yanmaz \u00c7ekmece<\/td>\n<p><!-- Col 2 --><\/p><\/tr>\n<tr><!-- Row 7 -->\n<td style=\"0padding: 4px;\"><b>Kilitleme Mekanizmas\u0131 <\/b><\/td>\n<p><!-- Col 1 --><\/p>\n<td>: Elektronik \u015fifreli Kilitleme Sistemi<\/td>\n<p><!-- Col 2 --><\/p><\/tr>\n<tr><!-- Row 8 -->\n<td style=\"0padding: 4px;\"><b>Yang\u0131n S\u0131n\u0131f\u0131 <\/b><\/td>\n<p><!-- Col 1 --><\/p>\n<td>: En \u00fcst sertifika derecesi- 1090oC 60 dakika yang\u0131na dayan\u0131kl\u0131<\/td>\n<p><!-- Col 2 --><\/p><\/tr>\n<\/tbody>\n<\/table>\n<p><span><b>Elektronik \u015fifreli yang\u0131na dayan\u0131kl\u0131 \u00e7elik dosya dolab\u0131, ayn\u0131 zamanda \u00e7elik kasa \u00f6zelliklerine sahiptir ve elektronik \u015fifreli kilitleme mekanizmas\u0131 ile anahtar ta\u015f\u0131ma zahmetini, anahtar kaybetme riskini ortadan kald\u0131r\u0131r, g\u00fcn i\u00e7inde defalarca a\u00e7\u0131p kapamay\u0131 kolayla\u015ft\u0131r\u0131r ve hem h\u0131rs\u0131zl\u0131\u011fa para kasas\u0131 i\u015flevi g\u00f6r\u00fcrken, hem yang\u0131na kar\u015f\u0131 tam koruma sa\u011flar.<\/b><\/span><\/p>\n<h3><strong>\u00c7elik Kasa Sertifikalar\u0131<\/strong><\/h3>\n<hr size='\\\"2\\\"'>\n<ul>\n<li style=\"list-style-type: none;\">\n<ul>\n<li>Avrupa Birli\u011fi Normlar\u0131na ( EN) uygundur.<\/li>\n<li>NT Fire 017 60 Paper yang\u0131na dayan\u0131kl\u0131l\u0131k EN (Avrupa normlar\u0131) sertifikalar\u0131na sahiptir. *SP onayl\u0131 (Swedish National Testing and Research Institute), 1090 derece s\u0131cakl\u0131kta 120 dakika dosya ( ka\u011f\u0131t) yang\u0131n g\u00fcvenli\u011fi sertifikas\u0131)<\/li>\n<li>ISO 9001 -2008 &amp; ISO 9001-2009 kalite sertifikalar\u0131na sahiptir.<\/li>\n<\/ul>\n<\/li>\n<\/ul>\n<p><strong style=\"font-size: 2em;\">\u00c7elik Kasa Yang\u0131n G\u00fcvenli\u011fi Bilgileri \u2013 (Yanmaz \u00c7elik Dolaplar i\u00e7in)<\/strong><\/p>\n<ul>\n<li>1090 oC derece \u0131s\u0131ya 60 dakika dayan\u0131kl\u0131d\u0131r. En \u00fcst yang\u0131n dayan\u0131kl\u0131 \u00e7elik kasa standard\u0131na sahiptir.<\/li>\n<li>En az 60 dakika yang\u0131n s\u00fcresince, i\u00e7 s\u0131cakl\u0131k 150<sup>o<\/sup>C dereceyi ge\u00e7mez. ( ka\u011f\u0131t bozulma s\u0131cakl\u0131\u011f\u0131)<\/li>\n<li>S\u0131cakl\u0131k, duman, buhar, nem di\u011fer fiziksel etkilere kar\u015f\u0131 tam koruma sa\u011flar.<\/li>\n<li>Yang\u0131n, su, gaz ve dumana kar\u015f\u0131 dayan\u0131kl\u0131 dayan\u0131kl\u0131d\u0131r.<\/li>\n<li>\u00dc\u00e7l\u00fc ge\u00e7me sistemli \u00f6zel \u00e7er\u00e7eve sistemi ile g\u00fcvenlik art\u0131r\u0131lm\u0131\u015ft\u0131r.<\/li>\n<li>Depreme kar\u015f\u0131 dayan\u0131kl\u0131d\u0131r.<\/li>\n<\/ul>\n<p><strong style=\"font-size: 2em;\">\u00c7elik Kasa Kilitleme Sistemi \u00d6zellikleri<\/strong><\/p>\n<hr size='\\\"2\\\"'>\n<ul>\n<li style=\"list-style-type: none;\">\n<ul>\n<li>Elektronik \u015eifreli Kilit Sistemi, Panik kapama \u00f6zelli\u011fine sahiptir. Kasa \u00e7ekmecesi kapat\u0131ld\u0131\u011f\u0131nda otomatik kilitlenir (Standart olarak sunulur)<\/li>\n<li>Elektronik kilit, 4-16 basamakl\u0131 iki ayr\u0131 \u015fifre ile kullan\u0131labilir.<\/li>\n<li>Kasan\u0131z\u0131 kullan\u0131rken etrafta birileri varsa, \u015fifrenizin ba\u015f\u0131na ya da sonuna rastgele rakamlar girerer \u015fa\u015f\u0131rtma uygulanabilir.<\/li>\n<li>\u00c7elik kilitleme milleri ve ge\u00e7me sistemi ile h\u0131rs\u0131zl\u0131\u011fa kar\u015f\u0131 tam koruma sa\u011flar.<\/li>\n<\/ul>\n<\/li>\n<\/ul>\n<h2><strong>\u00c7ekmece \u0130\u00e7 D\u00fczen Ekipmanlar\u0131<\/strong><\/h2>\n<hr size='\\\"2\\\"'>\n<ul>\n<li style=\"list-style-type: none;\">\n<ul>\n<li>\u00c7ekmeceler \u00e7ok say\u0131da dok\u00fcman\u0131 saklayacak kadar geni\u015f ve derindir. Ek olarak dosyalar\u0131n\u0131z i\u00e7in de \u00f6zel ask\u0131 aparat\u0131, tasnif kolayl\u0131\u011f\u0131 i\u00e7in i\u00e7 b\u00f6lme aparat\u0131 bulunmaktad\u0131r.<\/li>\n<li>Dayan\u0131kl\u0131 \u00e7ekmece raylar\u0131 \u00e7ekmecenin kolayca ve sonuna kadar a\u00e7\u0131l\u0131p kapanmas\u0131n\u0131 sa\u011flar. 50 kg \u2018a kadar a\u011f\u0131rl\u0131\u011fa kar\u015f\u0131 dahi bu dayan\u0131kl\u0131l\u0131\u011f\u0131n\u0131 muhafaza eder.<\/li>\n<li>Kartoteks tipi, ask\u0131l\u0131 dosya kullan\u0131m\u0131 i\u00e7in uygundur. \u00c7ekmeceler sonuna kadar a\u00e7\u0131labilir, t\u00fcm dosyalara \u00e7ok kolay ula\u015f\u0131labilir.<\/li>\n<li>Data Insert (opsiyonel) ile \u00e7ekmecelerden biri, CD, DLT\/ LTO kartu\u015f, harddisk vs saklamak i\u00e7in data kasas\u0131 (datasafe) olarak kullan\u0131labilir. ( 1090oC s\u0131cakl\u0131kta i\u00e7 s\u0131cakl\u0131k maksimum 35oC, 120 dakika dayan\u0131kl\u0131l\u0131k.<\/li>\n<\/ul>\n<\/li>\n<\/ul>\n<h2><strong>Yang\u0131na Dayan\u0131kl\u0131 \u00c7elik Dosya Dolab\u0131 Kullan\u0131m Alanlar\u0131 <\/strong><\/h2>\n<hr size='\\\"2\\\"'>\n<ul>\n<li style=\"list-style-type: none;\">\n<ul>\n<li>Her t\u00fcrl\u00fc i\u015fyerinde, ofis kasas\u0131, dosya kasas\u0131, evrak kasas\u0131 olarak kullan\u0131labilir. Evrak, dosya, nakit, \u00e7ek, senet, tapu, s\u00f6zle\u015fme vs gibi de\u011ferli yang\u0131n ve h\u0131rs\u0131zl\u0131k olaylar\u0131na kar\u015f\u0131 korur.<\/li>\n<li>Otel, hastane, okul, benzin istasyonu gibi kurumlarda muhasebe kasas\u0131 olarak kullan\u0131labilir.<\/li>\n<li>Kamu kurumlar\u0131nda de\u011ferli evrak ve dosya kasas\u0131, ar\u015fiv kasas\u0131 olarak kullan\u0131labilir. Ask\u0131l\u0131 dosya ar\u015fivlemesine uygundur. Nato tipi dosya dolab\u0131 olarak da bilinen modellerin, hem h\u0131rs\u0131zl\u0131k hem de yang\u0131n g\u00fcvenli\u011fi sa\u011flayan tipleridir.<\/li>\n<li>ISO 27001 veri g\u00fcvenli\u011fi y\u00f6netim sistemi uygulayan firmalar i\u00e7in bas\u0131l\u0131 evrak veri g\u00fcvenli\u011fi ko\u015fullar\u0131n\u0131 sa\u011flar, klas\u00f6r s\u0131\u011far.Data insert kullan\u0131larak, \u00e7ekmecelerden bir ya da birka\u00e7\u0131 data kasas\u0131 olarak CD, LTO, DLT gibi yedekleme \u00fcniteleri i\u00e7in kullan\u0131labilir.<\/li>\n<\/ul>\n<\/li>\n<\/ul>\n<hr size='\\\"2\\\"'>\n<h3><strong>Garanti<\/strong><\/h3>\n<hr size='\\\"2\\\"'>\n<ul>\n<li style=\"list-style-type: none;\">\n<ul>\n<li>T\u00fcm \u00fcretim hatalar\u0131na kar\u015f\u0131 en az 2 (iki) y\u0131l garantilidir.<\/li>\n<\/ul>\n<\/li>\n<\/ul>\n<hr size='\\\"2\\\"'>\n<h3><strong>\u00c7elik Kasa Fiyatlar\u0131 Hakk\u0131nda Bilgi <\/strong><\/h3>\n<ul>\n<li style=\"list-style-type: none;\">\n<ul>\n<li>Yang\u0131na dayan\u0131kl\u0131 \u00e7elik kasa fiyatlar\u0131 ile k\u0131yasland\u0131\u011f\u0131nda, \u00e7ekmece tipi dosya kasalar\u0131 hem h\u0131rs\u0131zl\u0131k hem de yang\u0131na kar\u015f\u0131 korumalar\u0131, \u00f6zellikle kartoteks ask\u0131l\u0131 dosya tipi ar\u015fivleme yapan firmalar i\u00e7in en uygun \u00e7\u00f6z\u00fcmd\u00fcr. T\u00fcm d\u00fcnyada hem dolap hem de dosya kasas\u0131 olarak kullan\u0131lan bu modellerin \u00fclkemizde de kullan\u0131m\u0131 artm\u0131\u015f, \u00f6zellikle Nato tipi dolap adland\u0131r\u0131lan bu modellerin kullan\u0131m\u0131n artmas\u0131 fiyatlar\u0131n\u0131 da uygun hale getirmi\u015ftir. Ancak, kesinlikle yang\u0131na dayan\u0131kl\u0131 olmayan \u00e7elik dosya dolaplar\u0131 ile kar\u015f\u0131la\u015ft\u0131r\u0131lmamal\u0131, sertifikal\u0131 \u00e7elik kasa fiyatlar\u0131 ile k\u0131yaslamas\u0131 yap\u0131lmal\u0131d\u0131r. Ucuz \u00e7elik dolap modelleri, kesinlikle \u00e7elik kasa i\u015flevi g\u00f6rmezler. DFC serisi i\u00e7in fiyatlar, kampanyalar ve \u00f6deme ko\u015fullar\u0131 i\u00e7in l\u00fctfen ileti\u015fime gere\u00e7erek bilgi al\u0131n\u0131z.<\/li>\n<\/ul>\n<\/li>\n<\/ul>\n<\/body>","protected":false},"excerpt":{"rendered":"<p>Ofisler, kamu kurumlar\u0131nda kartoteks tip, ask\u0131l\u0131 dosya, klas\u00f6r, senet , \u00e7ek gibi evraklar\u0131 h\u0131rs\u0131zl\u0131k ve en az 1 saat yang\u0131na&hellip;<\/p>\n","protected":false},"featured_media":214,"comment_status":"open","ping_status":"closed","template":"","meta":[],"product_brand":[],"product_cat":[17],"product_tag":[],"class_list":{"0":"post-209","1":"product","2":"type-product","3":"status-publish","4":"has-post-thumbnail","6":"product_cat-ofis-tipi-kasa","8":"first","9":"instock","10":"taxable","11":"shipping-taxable","12":"purchasable","13":"product-type-simple"},"jetpack_sharing_enabled":true,"_links":{"self":[{"href":"https:\/\/www.celikkasa.com\/2019\/wp-json\/wp\/v2\/product\/209","targetHints":{"allow":["GET"]}}],"collection":[{"href":"https:\/\/www.celikkasa.com\/2019\/wp-json\/wp\/v2\/product"}],"about":[{"href":"https:\/\/www.celikkasa.com\/2019\/wp-json\/wp\/v2\/types\/product"}],"replies":[{"embeddable":true,"href":"https:\/\/www.celikkasa.com\/2019\/wp-json\/wp\/v2\/comments?post=209"}],"wp:featuredmedia":[{"embeddable":true,"href":"https:\/\/www.celikkasa.com\/2019\/wp-json\/wp\/v2\/media\/214"}],"wp:attachment":[{"href":"https:\/\/www.celikkasa.com\/2019\/wp-json\/wp\/v2\/media?parent=209"}],"wp:term":[{"taxonomy":"product_brand","embeddable":true,"href":"https:\/\/www.celikkasa.com\/2019\/wp-json\/wp\/v2\/product_brand?post=209"},{"taxonomy":"product_cat","embeddable":true,"href":"https:\/\/www.celikkasa.com\/2019\/wp-json\/wp\/v2\/product_cat?post=209"},{"taxonomy":"product_tag","embeddable":true,"href":"https:\/\/www.celikkasa.com\/2019\/wp-json\/wp\/v2\/product_tag?post=209"}],"curies":[{"name":"wp","href":"https:\/\/api.w.org\/{rel}","templated":true}]}}