{"id":196,"date":"2019-07-07T21:30:21","date_gmt":"2019-07-07T20:30:21","guid":{"rendered":"https:\/\/www.celikkasa.com\/2019\/?post_type=product&#038;p=196"},"modified":"2026-04-21T10:48:14","modified_gmt":"2026-04-21T09:48:14","slug":"ss-130-celik-kasa","status":"publish","type":"product","link":"https:\/\/www.celikkasa.com\/2019\/urun\/ss-130-celik-kasa\/","title":{"rendered":"SS 130 \u00c7elik Kasa"},"content":{"rendered":"<body><p><b><span>ECB.S EN14450 \u00c7elik Kasa G\u00fcvenlik Sertifikas\u0131, her t\u00fcrl\u00fc nakit para, m\u00fccevher, \u00e7ek senet, evrak gibi de\u011ferleri h\u0131rs\u0131zl\u0131k ve yang\u0131na kar\u015f\u0131 da tam olarak korumak i\u00e7in \u00fcretilmi\u015f, NT Fire 017 sertifikal\u0131, 350 Kg a\u011f\u0131rl\u0131\u011f\u0131na ra\u011fmen i\u00e7inden zemine montajl\u0131, \u0130thal yanmaz \u00e7elik ofis kasas\u0131<\/span><\/b><\/p>\n<table border='\\\"0\\\"' rules='\\\"rows\\\"'>\n<tbody>\n<tr><!-- Row 1 -->\n<td><b>Model <\/b><\/td>\n<p><!-- Col 1 --><\/p>\n<td>: SS 130 E (ECB.S G\u00fcvenlik Sertifikal\u0131, Yang\u0131na Dayan\u0131kl\u0131 \u00c7elik Kasa)<\/td>\n<p><!-- Col 2 --><\/p><\/tr>\n<tr><!-- Row 2 -->\n<td><b>D\u0131\u015f \u00d6l\u00e7\u00fcler<\/b><\/td>\n<p><!-- Col 1 --><\/p>\n<td>: 1385 \u00d7 775 \u00d7 650 mm (YxGxD)<\/td>\n<p><!-- Col 2 --><\/p><\/tr>\n<tr><!-- Row 3 -->\n<td><b>\u0130\u00e7 \u00d6l\u00e7\u00fcler<\/b><\/td>\n<p><!-- Col 1 --><\/p>\n<td>: 1205 \u00d7 595 \u00d7 440 mm (YxGxD)<\/td>\n<p><!-- Col 2 --><\/p><\/tr>\n<tr><!-- Row 4 -->\n<td><b>A\u011f\u0131rl\u0131k <\/b><\/td>\n<p><!-- Col 1 --><\/p>\n<td>:<strong> 348 Kg<\/strong><\/td>\n<p><!-- Col 2 --><\/p><\/tr>\n<tr><!-- Row 5 -->\n<td><b>Kapasite <\/b><\/td>\n<p><!-- Col 1 --><\/p>\n<td>: 315 Litre<\/td>\n<p><!-- Col 2 --><\/p><\/tr>\n<tr><!-- Row 6 -->\n<td><b>\u00c7ekmece\/Raf Say\u0131s\u0131<\/b><\/td>\n<p><!-- Col 1 --><\/p>\n<td>: 1 Kilitli \u00c7ekmece \/3 Ayarl\u0131 Raf<\/td>\n<p><!-- Col 2 --><\/p><\/tr>\n<tr><!-- Row 7 -->\n<td><b>Kilitleme Mekanizmas\u0131 <\/b><\/td>\n<p><!-- Col 1 --><\/p>\n<td>LaGard Elektronik \u015e\u0130freli Kilitleme Sistemi<\/td>\n<p><!-- Col 2 --><\/p><\/tr>\n<\/tbody>\n<\/table>\n<p><span><b>ECB.S EN14450 g\u00fcvenlik sertifikal\u0131 elektronik \u015fifreli \u00e7elik kasa, LaGard geli\u015fmi\u015f kilitleme mekanizmas\u0131 ile geleneksel kasalar\u0131n \u00e7ok \u00fcst\u00fcne h\u0131rs\u0131zl\u0131k ve yang\u0131n g\u00fcvenli\u011fi sa\u011flar. Avrupa standarlar\u0131na ve sertifikalar\u0131na sahiptir, ithal bir \u00e7elik kasad\u0131r. Ayn\u0131 \u00f6l\u00e7\u00fc ve \u00f6zelliklerde, elektronik \u015fifreli modelleri de tercih edilebilir<\/b><\/span><\/p>\n<h3><strong>\u00c7elik Kasa Sertifikalar\u0131<\/strong><\/h3>\n<hr size='\\\"2\\\"'>\n<ul>\n<li style=\"list-style-type: none;\">\n<ul>\n<li>Avrupa Birli\u011fi Normlar\u0131na ( EN) uygundur.<\/li>\n<li>NT Fire 017 60 Paper yang\u0131na dayan\u0131kl\u0131l\u0131k EN (Avrupa normlar\u0131) sertifikalar\u0131na sahiptir. *SP onayl\u0131 (Swedish National Testing and Research Institute), 1090 derece s\u0131cakl\u0131kta 120 dakika dosya ( ka\u011f\u0131t) yang\u0131n g\u00fcvenli\u011fi sertifikas\u0131)<\/li>\n<li>ISO 9001 -2008 &amp; ISO 9001-2009 kalite sertifikalar\u0131na sahiptir.<\/li>\n<\/ul>\n<\/li>\n<\/ul>\n<h3><strong>\u00c7elik Kasa Yang\u0131na Kar\u015f\u0131 Dayan\u0131kl\u0131l\u0131k \u00d6zellikleri<\/strong><\/h3>\n<hr size='\\\"2\\\"'>\n<ul>\n<li style=\"list-style-type: none;\">\n<ul>\n<li>1090 oC derece \u0131s\u0131ya 60 dakika dayan\u0131kl\u0131d\u0131r. En \u00fcst yang\u0131n dayan\u0131kl\u0131 \u00e7elik kasa standard\u0131na sahiptir.<\/li>\n<li>En az 60 dakika yang\u0131n s\u00fcresince, i\u00e7 s\u0131cakl\u0131k 150<sup>o<\/sup>C dereceyi ge\u00e7mez. ( ka\u011f\u0131t bozulma s\u0131cakl\u0131\u011f\u0131)<\/li>\n<li>S\u0131cakl\u0131k, duman, buhar, nem di\u011fer fiziksel etkilere kar\u015f\u0131 tam koruma sa\u011flar.<\/li>\n<li>Yang\u0131n, su, gaz ve dumana kar\u015f\u0131 dayan\u0131kl\u0131 dayan\u0131kl\u0131d\u0131r.<\/li>\n<li>\u00dc\u00e7l\u00fc ge\u00e7me sistemli \u00f6zel \u00e7er\u00e7eve sistemi ile g\u00fcvenlik art\u0131r\u0131lm\u0131\u015ft\u0131r.<\/li>\n<li>Depreme kar\u015f\u0131 dayan\u0131kl\u0131d\u0131r.<\/li>\n<\/ul>\n<\/li>\n<\/ul>\n<p><strong style=\"font-size: 2em;\">\u00c7elik Kasa Kilitleme Sistemi<\/strong><\/p>\n<hr size='\\\"2\\\"'>\n<ul>\n<li style=\"list-style-type: none;\">\n<ul>\n<li>Yan, alt ve \u00fcste olmak \u00fczere her y\u00f6nden \u00e7elik miller ile kilitlenir. (Standart olarak sunulur)<\/li>\n<li>LaGard 4200 Elektronik \u015eifreli Kilitleme mekan\u0131zmas\u0131na sahiptir. ( ECB:S onayl\u0131)<\/li>\n<li>Geli\u015fmi\u015f y\u00fcksek g\u00fcvenlik seviyeli kilit sistemi, \u00c7elik kilitleme milleri ve ge\u00e7me sistemi ile h\u0131rs\u0131zl\u0131\u011fa kar\u015f\u0131 tam koruma sa\u011flar.<\/li>\n<\/ul>\n<\/li>\n<\/ul>\n<h3><strong>\u00c7elik Kasa \u0130\u00e7 D\u00fczen Ekipmanlar\u0131<\/strong><\/h3>\n<hr size='\\\"2\\\"'>\n<ul>\n<li style=\"list-style-type: none;\">\n<ul>\n<li>Ayarlanabilir i\u00e7 raf sistemine sahiptir.<\/li>\n<li>Kilitli \u00e7ekmecesi ile, kasa i\u00e7inde ayr\u0131ca bir g\u00fcvenli b\u00f6l\u00fcm kullan\u0131labilir.<\/li>\n<\/ul>\n<\/li>\n<\/ul>\n<h2><strong>ECBS Sertifikal\u0131 \u00c7elik Kasalar\u0131n Kullan\u0131m Alanlar\u0131 <\/strong><\/h2>\n<hr size='\\\"2\\\"'>\n<ul>\n<li style=\"list-style-type: none;\">\n<ul>\n<li>Boyutlar\u0131 ofis kasas\u0131 olarak kullanmaya uygundur. Her t\u00fcrl\u00fc i\u015fyeri ve kurumlarda, nakit para kasas\u0131, ofis kasas\u0131, dosya kasas\u0131, para kasas\u0131, evrak kasas\u0131 olarak kullan\u0131labilir. Evrak, dosya, nakit, \u00e7ek, senet, tapu, s\u00f6zle\u015fme vs gibi de\u011ferli yang\u0131n ve h\u0131rs\u0131zl\u0131k olaylar\u0131na kar\u015f\u0131 korur.<\/li>\n<li>Otel, hastane, okul, benzin istasyonu gibi kurumlarda vezne kasas\u0131 olarak kullan\u0131labilir. T\u00fcm gi\u015fe ve vezne i\u015flemlerinin g\u00fcvenli\u011fi i\u00e7in en uygun g\u00fcvenli kasa \u00e7\u00f6z\u00fcm\u00fcd\u00fcr.<\/li>\n<li>De\u011ferli ila\u00e7lar\u0131 h\u0131rs\u0131zl\u0131k ve yang\u0131ndan korumak i\u00e7in eczane kasas\u0131, narkotik kasas\u0131 olarak kullan\u0131labilir.<\/li>\n<li>Kamu kurumlar\u0131nda de\u011ferli ka\u011f\u0131t ve evrak kasas\u0131 ya da para kasas\u0131 olarak kullan\u0131labilir.<\/li>\n<li>Evlerde e\u011fer geni\u015f bir i\u00e7 hacime ihtiyac\u0131m\u0131z varsa, ki\u015fisel kasa kullan\u0131m\u0131na uygundur. Yazl\u0131klar i\u00e7in \u00e7elik kasa olarak yazl\u0131klarda, \u00e7iftliklerde kulan\u0131labilir. \u00c7elik Kasa 350 Kg a\u011f\u0131rl\u0131\u011f\u0131na ek olarak, i\u00e7inden zemine monte edilerek sabitlenir, kapa\u011f\u0131 kapal\u0131yken s\u00f6k\u00fclemez, ta\u015f\u0131namaz.<\/li>\n<li>SS serisi \u00e7elik kasa fiyatlar\u0131, ithal ve sertifikal\u0131 olmas\u0131na ra\u011fmen merdiven alt\u0131 kalitesiz kasalar\u0131n fiyatlar\u0131 ile k\u0131yasland\u0131\u011f\u0131nda, neredeyse ayn\u0131d\u0131r. \u00c7elik kasa al\u0131rken sadece fiyat\u0131n\u0131 k\u0131yaslamak \u00f6zellikleri ve g\u00fcvenlik seviyesi hakk\u0131nda yeterli g\u00fcvenceleri almamak sonradan geri d\u00f6n\u00fclmesi imkans\u0131z zararlara yol a\u00e7abilir. Bu nedenle, ama\u00e7 en iyi \u00e7elik kasay\u0131 en ucuz fiyata alabilmek olmal\u0131d\u0131r. SS serisi, hem ucuz hem de sertifikal\u0131 fiyat performans oran\u0131 en iyi \u00e7elik kasa modelleridir. \u00c7elik kasalar i\u00e7inde fiyat performans oran\u0131 en iyi modelleri olu\u015ftururlar.<\/li>\n<\/ul>\n<\/li>\n<\/ul>\n<hr size='\\\"2\\\"'>\n<h3><strong>Garanti <\/strong><\/h3>\n<ul>\n<li style=\"list-style-type: none;\">\n<ul>\n<li>T\u00fcm \u00fcretim hatalar\u0131na kar\u015f\u0131 en az 2 (iki) y\u0131l garantilidir.<\/li>\n<\/ul>\n<\/li>\n<\/ul>\n<\/body>","protected":false},"excerpt":{"rendered":"<p>ECB.S EN14450 \u00c7elik Kasa G\u00fcvenlik Sertifikas\u0131, her t\u00fcrl\u00fc nakit para, m\u00fccevher, \u00e7ek senet, evrak gibi de\u011ferleri h\u0131rs\u0131zl\u0131k ve yang\u0131na kar\u015f\u0131&hellip;<\/p>\n","protected":false},"featured_media":197,"comment_status":"open","ping_status":"closed","template":"","meta":[],"product_brand":[],"product_cat":[17],"product_tag":[],"class_list":{"0":"post-196","1":"product","2":"type-product","3":"status-publish","4":"has-post-thumbnail","6":"product_cat-ofis-tipi-kasa","8":"first","9":"instock","10":"taxable","11":"shipping-taxable","12":"purchasable","13":"product-type-simple"},"jetpack_sharing_enabled":true,"_links":{"self":[{"href":"https:\/\/www.celikkasa.com\/2019\/wp-json\/wp\/v2\/product\/196","targetHints":{"allow":["GET"]}}],"collection":[{"href":"https:\/\/www.celikkasa.com\/2019\/wp-json\/wp\/v2\/product"}],"about":[{"href":"https:\/\/www.celikkasa.com\/2019\/wp-json\/wp\/v2\/types\/product"}],"replies":[{"embeddable":true,"href":"https:\/\/www.celikkasa.com\/2019\/wp-json\/wp\/v2\/comments?post=196"}],"wp:featuredmedia":[{"embeddable":true,"href":"https:\/\/www.celikkasa.com\/2019\/wp-json\/wp\/v2\/media\/197"}],"wp:attachment":[{"href":"https:\/\/www.celikkasa.com\/2019\/wp-json\/wp\/v2\/media?parent=196"}],"wp:term":[{"taxonomy":"product_brand","embeddable":true,"href":"https:\/\/www.celikkasa.com\/2019\/wp-json\/wp\/v2\/product_brand?post=196"},{"taxonomy":"product_cat","embeddable":true,"href":"https:\/\/www.celikkasa.com\/2019\/wp-json\/wp\/v2\/product_cat?post=196"},{"taxonomy":"product_tag","embeddable":true,"href":"https:\/\/www.celikkasa.com\/2019\/wp-json\/wp\/v2\/product_tag?post=196"}],"curies":[{"name":"wp","href":"https:\/\/api.w.org\/{rel}","templated":true}]}}