{"id":187,"date":"2019-07-07T21:11:22","date_gmt":"2019-07-07T20:11:22","guid":{"rendered":"https:\/\/www.celikkasa.com\/2019\/?post_type=product&#038;p=187"},"modified":"2026-03-06T09:58:47","modified_gmt":"2026-03-06T08:58:47","slug":"ss-100-anahtarli-celik-kasa","status":"publish","type":"product","link":"https:\/\/www.celikkasa.com\/2019\/urun\/ss-100-anahtarli-celik-kasa\/","title":{"rendered":"SS 100 Anahtarl\u0131 \u00c7elik Kasa"},"content":{"rendered":"<body><p><b>ECB.S EN14450 G\u00fcvenlik Sertifikal\u0131, Her t\u00fcrl\u00fc nakit para, m\u00fccevher, evrak gibi de\u011ferleri h\u0131rs\u0131zl\u0131k ve yang\u0131na kar\u015f\u0131 da tam olarak korumak i\u00e7in tasarlanm\u0131\u015f, NT Fire 017 sertifikal\u0131, i\u00e7inden montajl\u0131, \u0130thal yanmaz \u00e7elik ofis kasas\u0131<\/b><\/p>\n<table border='\\\"0\\\"' rules='\\\"rows\\\"'>\n<tbody>\n<tr><!-- Row 1 -->\n<td><b>Model <\/b><\/td>\n<p><!-- Col 1 --><\/p>\n<td>: SS 100 DBK (ECB.S G\u00fcvenlik Sertifikal\u0131, Yang\u0131na Dayan\u0131kl\u0131 \u00c7elik Kasa)<\/td>\n<p><!-- Col 2 --><\/p><\/tr>\n<tr><!-- Row 2 -->\n<td><b>D\u0131\u015f \u00d6l\u00e7\u00fcler<\/b><\/td>\n<p><!-- Col 1 --><\/p>\n<td>: 960 \u00d7 655 \u00d7 560 mm (YxGxD)<\/td>\n<p><!-- Col 2 --><\/p><\/tr>\n<tr><!-- Row 3 -->\n<td><b>\u0130\u00e7 \u00d6l\u00e7\u00fcler<\/b><\/td>\n<p><!-- Col 1 --><\/p>\n<td>: 780 \u00d7 475 \u00d7 350 mm (YxGxD)<\/td>\n<p><!-- Col 2 --><\/p><\/tr>\n<tr><!-- Row 4 -->\n<td><b>A\u011f\u0131rl\u0131k <\/b><\/td>\n<p><!-- Col 1 --><\/p>\n<td>: 201 Kg<\/td>\n<p><!-- Col 2 --><\/p><\/tr>\n<tr><!-- Row 5 -->\n<td><b>Kapasite <\/b><\/td>\n<p><!-- Col 1 --><\/p>\n<td>: 129 Litre<\/td>\n<p><!-- Col 2 --><\/p><\/tr>\n<tr><!-- Row 6 -->\n<td><b>\u00c7ekmece\/Raf Say\u0131s\u0131<\/b><\/td>\n<p><!-- Col 1 --><\/p>\n<td>: 1 Kilitli \u00c7ekmece \/2 Ayarl\u0131 Raf<\/td>\n<p><!-- Col 2 --><\/p><\/tr>\n<tr><!-- Row 7 -->\n<td><b>Kilitleme Mekanizmas\u0131 <\/b><\/td>\n<p><!-- Col 1 --><\/p>\n<td>Mauer Anahtarl\u0131 Kilitleme Sistemi<\/td>\n<p><!-- Col 2 --><\/p><\/tr>\n<\/tbody>\n<\/table>\n<p><b>ECB.S EN14450 g\u00fcvenlik sertifikal\u0131 anahtarl\u0131 \u00e7elik kasa, mauer geli\u015fmi\u015f kilitleme mekanizmas\u0131 ile geleneksel kasalar\u0131n \u00e7ok \u00fcst\u00fcne h\u0131rs\u0131zl\u0131k ve yang\u0131n g\u00fcvenli\u011fi sa\u011flar. Avrupa standarlar\u0131na ve sertifikalar\u0131na sahiptir, ithal bir \u00e7elik kasad\u0131r. Ayn\u0131 \u00f6l\u00e7\u00fc ve \u00f6zelliklerde, elektronik \u015fifreli modelleri de tercih edilebilir.<\/b><\/p>\n<hr size='\\\"2\\\"'>\n<h3><strong>\u00c7elik Kasa \u0130\u00e7 D\u00fczen Ekipmanlar\u0131<\/strong><\/h3>\n<hr size='\\\"2\\\"'>\n<ul>\n<li style=\"list-style-type: none;\">\n<ul>\n<li>Ayarlanabilir i\u00e7 raf sistemine sahiptir.<\/li>\n<li>Kilitli \u00e7ekmecesi ile, kasa i\u00e7inde ayr\u0131ca bir g\u00fcvenli b\u00f6l\u00fcm kullan\u0131labilir.<\/li>\n<\/ul>\n<\/li>\n<\/ul>\n<h3><strong>\u00c7elik Kasa Sertifikalar\u0131<\/strong><\/h3>\n<hr size='\\\"2\\\"'>\n<ul>\n<li style=\"list-style-type: none;\">\n<ul>\n<li>Avrupa Birli\u011fi Normlar\u0131na ( EN) uygundur.<\/li>\n<li>NT Fire 017 60 Paper yang\u0131na dayan\u0131kl\u0131l\u0131k EN (Avrupa normlar\u0131) sertifikalar\u0131na sahiptir. *SP onayl\u0131 (Swedish National Testing and Research Institute), 1090 derece s\u0131cakl\u0131kta 120 dakika dosya ( ka\u011f\u0131t) yang\u0131n g\u00fcvenli\u011fi sertifikas\u0131)<\/li>\n<li>ISO 9001 -2008 &amp; ISO 9001-2009 kalite sertifikalar\u0131na sahiptir.<\/li>\n<\/ul>\n<\/li>\n<\/ul>\n<h3><strong>\u00c7elik Kasa Yang\u0131na Kar\u015f\u0131 Dayan\u0131kl\u0131l\u0131k \u00d6zellikleri<\/strong><\/h3>\n<hr size='\\\"2\\\"'>\n<ul>\n<li style=\"list-style-type: none;\">\n<ul>\n<li>1090 oC derece \u0131s\u0131ya 60 dakika dayan\u0131kl\u0131d\u0131r. En \u00fcst yang\u0131n dayan\u0131kl\u0131 \u00e7elik kasa standard\u0131na sahiptir.<\/li>\n<li>En az 60 dakika yang\u0131n s\u00fcresince, i\u00e7 s\u0131cakl\u0131k 150<sup>o<\/sup>C dereceyi ge\u00e7mez. ( ka\u011f\u0131t bozulma s\u0131cakl\u0131\u011f\u0131)<\/li>\n<li>S\u0131cakl\u0131k, duman, buhar, nem di\u011fer fiziksel etkilere kar\u015f\u0131 tam koruma sa\u011flar.<\/li>\n<li>Yang\u0131n, su, gaz ve dumana kar\u015f\u0131 dayan\u0131kl\u0131 dayan\u0131kl\u0131d\u0131r.<\/li>\n<li>\u00dc\u00e7l\u00fc ge\u00e7me sistemli \u00f6zel \u00e7er\u00e7eve sistemi ile g\u00fcvenlik art\u0131r\u0131lm\u0131\u015ft\u0131r.<\/li>\n<li>Depreme kar\u015f\u0131 dayan\u0131kl\u0131d\u0131r.<\/li>\n<\/ul>\n<\/li>\n<\/ul>\n<h5><strong style=\"font-size: 2em;\">\u00c7elik Kasa Kilitleme Sistemi<\/strong><\/h5>\n<hr size='\\\"2\\\"'>\n<ul>\n<li style=\"list-style-type: none;\">\n<ul>\n<li>Yan, alt ve \u00fcste olmak \u00fczere her y\u00f6nden \u00e7elik miller ile kilitlenir. (Standart olarak sunulur)<\/li>\n<li>Mauer Double-Bit Anahtarl\u0131 Kilitleme mekan\u0131zmas\u0131na sahiptir. ( ECB:S onayl\u0131)<\/li>\n<li>Geli\u015fmi\u015f anahtarl\u0131 kilit sistemi, \u00c7elik kilitleme milleri ve ge\u00e7me sistemi ile h\u0131rs\u0131zl\u0131\u011fa kar\u015f\u0131 tam koruma sa\u011flar.<\/li>\n<\/ul>\n<\/li>\n<\/ul>\n<h2><strong>ECBS Sertifikal\u0131 \u00c7elik Kasalar\u0131n Kullan\u0131m Alanlar\u0131 <\/strong><\/h2>\n<hr size='\\\"2\\\"'>\n<ul>\n<li style=\"list-style-type: none;\">\n<ul>\n<li>Boyutlar\u0131 ofis kasas\u0131 olarak kullanmaya uygundur. Her t\u00fcrl\u00fc i\u015fyerinde, ofis kasas\u0131, dosya kasas\u0131, para kasas\u0131, evrak kasas\u0131 olarak kullan\u0131labilir. Evrak, dosya, nakit, \u00e7ek, senet, tapu, s\u00f6zle\u015fme vs gibi de\u011ferli yang\u0131n ve h\u0131rs\u0131zl\u0131k olaylar\u0131na kar\u015f\u0131 korur.<\/li>\n<li>Otel, hastane, okul, benzin istasyonu gibi kurumlarda \u00f6n muhasebe kasas\u0131 olarak kullan\u0131labilir. T\u00fcm gi\u015fe i\u015flemlerinin g\u00fcvenli\u011fi i\u00e7in en uygun kasa \u00e7\u00f6z\u00fcm\u00fcd\u00fcr.<\/li>\n<li>De\u011ferli ila\u00e7lar\u0131 h\u0131rs\u0131zl\u0131k ve yang\u0131ndan korumak i\u00e7in eczane kasas\u0131 olarak kullan\u0131labilir.<\/li>\n<li>Kamu kurumlar\u0131nda de\u011ferli ka\u011f\u0131t ve evrak kasas\u0131 ya da para kasas\u0131 olarak kullan\u0131labilir.<\/li>\n<li>Evlerde ki\u015fisel kasa kullan\u0131m\u0131na uygundur. yazl\u0131klar i\u00e7in \u00e7elik kasa olarak yazl\u0131klarda, \u00e7iftliklerde kulan\u0131labilir. \u00c7elik Kasa i\u00e7inden zemine monte edilerek sabitlenir, kapa\u011f\u0131 kapal\u0131yken s\u00f6k\u00fclemez, ta\u015f\u0131namaz.<\/li>\n<li>SS serisi \u00e7elik kasa fiyatlar\u0131, ithal ve sertifikal\u0131 olmas\u0131na ra\u011fmen merdiven alt\u0131 kalitesiz kasalar\u0131n fiyatlar\u0131 ile k\u0131yasland\u0131\u011f\u0131nda, neredeyse ayn\u0131d\u0131r. \u00c7elik kasa al\u0131rken sadece fiyat\u0131n\u0131 k\u0131yaslamak \u00f6zellikleri ve g\u00fcvenlik seviyesi hakk\u0131nda yeterli g\u00fcvenceleri almamak sonradan geri d\u00f6n\u00fclmesi imkans\u0131z zararlara yol a\u00e7abilir. Bu nedenle, ama\u00e7 en iyi \u00e7elik kasay\u0131 en ucuz fiyata alabilmek olmal\u0131d\u0131r. SS serisi, hem ucuz hem de sertifikal\u0131 fiyat performans oran\u0131 en iyi \u00e7elik kasa modelleridir.<\/li>\n<\/ul>\n<\/li>\n<\/ul>\n<hr size='\\\"2\\\"'>\n<h3><strong>Garanti<\/strong><\/h3>\n<h3><span style=\"font-size: 16px;\">T\u00fcm \u00fcretim hatalar\u0131na kar\u015f\u0131 en az 2 (iki) y\u0131l garantilidir.<\/span><\/h3>\n<\/body>","protected":false},"excerpt":{"rendered":"<p>ECB.S EN14450 G\u00fcvenlik Sertifikal\u0131, Her t\u00fcrl\u00fc nakit para, m\u00fccevher, evrak gibi de\u011ferleri h\u0131rs\u0131zl\u0131k ve yang\u0131na kar\u015f\u0131 da tam olarak korumak&hellip;<\/p>\n","protected":false},"featured_media":281,"comment_status":"open","ping_status":"closed","template":"","meta":[],"product_brand":[],"product_cat":[17],"product_tag":[],"class_list":{"0":"post-187","1":"product","2":"type-product","3":"status-publish","4":"has-post-thumbnail","6":"product_cat-ofis-tipi-kasa","8":"first","9":"instock","10":"taxable","11":"shipping-taxable","12":"purchasable","13":"product-type-simple"},"jetpack_sharing_enabled":true,"_links":{"self":[{"href":"https:\/\/www.celikkasa.com\/2019\/wp-json\/wp\/v2\/product\/187","targetHints":{"allow":["GET"]}}],"collection":[{"href":"https:\/\/www.celikkasa.com\/2019\/wp-json\/wp\/v2\/product"}],"about":[{"href":"https:\/\/www.celikkasa.com\/2019\/wp-json\/wp\/v2\/types\/product"}],"replies":[{"embeddable":true,"href":"https:\/\/www.celikkasa.com\/2019\/wp-json\/wp\/v2\/comments?post=187"}],"wp:featuredmedia":[{"embeddable":true,"href":"https:\/\/www.celikkasa.com\/2019\/wp-json\/wp\/v2\/media\/281"}],"wp:attachment":[{"href":"https:\/\/www.celikkasa.com\/2019\/wp-json\/wp\/v2\/media?parent=187"}],"wp:term":[{"taxonomy":"product_brand","embeddable":true,"href":"https:\/\/www.celikkasa.com\/2019\/wp-json\/wp\/v2\/product_brand?post=187"},{"taxonomy":"product_cat","embeddable":true,"href":"https:\/\/www.celikkasa.com\/2019\/wp-json\/wp\/v2\/product_cat?post=187"},{"taxonomy":"product_tag","embeddable":true,"href":"https:\/\/www.celikkasa.com\/2019\/wp-json\/wp\/v2\/product_tag?post=187"}],"curies":[{"name":"wp","href":"https:\/\/api.w.org\/{rel}","templated":true}]}}