{"id":181,"date":"2019-07-07T21:00:39","date_gmt":"2019-07-07T20:00:39","guid":{"rendered":"https:\/\/www.celikkasa.com\/2019\/?post_type=product&#038;p=181"},"modified":"2026-04-26T08:36:57","modified_gmt":"2026-04-26T07:36:57","slug":"dps-8500-celik-kasa","status":"publish","type":"product","link":"https:\/\/www.celikkasa.com\/2019\/urun\/dps-8500-celik-kasa\/","title":{"rendered":"DPS 8500 \u00c7elik Kasa"},"content":{"rendered":"<body><p>\u00a0<\/p>\n<table border='\\\"0\\\"'>\n<tbody>\n<tr>\n<td width='\\\"179\\\"'><strong>Model<\/strong><\/td>\n<td width='\\\"19\\\"'><strong>:<\/strong><\/td>\n<td width='\\\"212\\\"'><strong>DPS 8500 EUROSAFE \u00c7elik Kasa \u2013 Premium NEXT serisi-\\r\\n<\/strong><\/td>\n<\/tr>\n<tr>\n<td width='\\\"179\\\"'><strong>D\u0131\u015f \u00d6l\u00e7\u00fcler<\/strong><\/td>\n<td width='\\\"19\\\"'><strong>:<\/strong><\/td>\n<td width='\\\"212\\\"'>900 x 500 x 535 (mm)<\/td>\n<\/tr>\n<tr>\n<td width='\\\"179\\\"'><strong>\u0130\u00e7 \u00d6l\u00e7\u00fcler<\/strong><\/td>\n<td width='\\\"19\\\"'><strong>:<\/strong><\/td>\n<td width='\\\"212\\\"'>730 x 380 x 320(mm)<\/td>\n<\/tr>\n<tr>\n<td width='\\\"179\\\"'><strong>A\u011f\u0131rl\u0131k<\/strong><\/td>\n<td width='\\\"19\\\"'><strong>:<\/strong><\/td>\n<td width='\\\"212\\\"'>160 Kg.<\/td>\n<\/tr>\n<tr>\n<td width='\\\"179\\\"'><strong>Hacim<\/strong><\/td>\n<td width='\\\"19\\\"'><strong>:<\/strong><\/td>\n<td width='\\\"212\\\"'>88 Lt.<\/td>\n<\/tr>\n<tr>\n<td width='\\\"179\\\"'><strong>\u00c7ekmece \/ Raf Say\u0131s\u0131<\/strong><\/td>\n<td width='\\\"19\\\"'><strong>:<\/strong><\/td>\n<td width='\\\"212\\\"'>3 \u00c7ekmece \/ 1 Ayarl\u0131 Raf<\/td>\n<\/tr>\n<tr>\n<td width='\\\"179\\\"'><strong>Kilitleme Mekanizmas\u0131<\/strong><\/td>\n<td width='\\\"19\\\"'><strong>:<\/strong><\/td>\n<td width='\\\"212\\\"'>Ekranl\u0131, Elektronik \u015eifreli \u00c7elik Kasa Sistemi<\/td>\n<\/tr>\n<tr>\n<td width='\\\"179\\\"'><strong>Yang\u0131na Dayan\u0131kl\u0131l\u0131k<\/strong><\/td>\n<td width='\\\"19\\\"'><strong>:<\/strong><\/td>\n<td width='\\\"212\\\"'>1090 <sup>0<\/sup>C 90 Dakika<\/td>\n<\/tr>\n<tr>\n<td width='\\\"179\\\"'><strong>Sertifika<\/strong><\/td>\n<td width='\\\"19\\\"'><strong>:<\/strong><\/td>\n<td width='\\\"212\\\"'><strong>SP NT Fire 017 90 Paper<\/strong>yang\u0131na dayan\u0131kl\u0131 sertifikas\u0131na sahiptir.<\/td>\n<\/tr>\n<\/tbody>\n<\/table>\n<p><strong>Yeni EUROSAFE \u00c7elik Kasa, Premium NEXT Serisi para ve m\u00fccevher kasas\u0131. Farkl\u0131 renk se\u00e7enlerinde \u00f6zel ah\u015fap d\u0131\u015f kaplama, Kayar Kilit gizleme Kapa\u011f\u0131, Ekranl\u0131, Elektronik \u015fifreli geli\u015fmi\u015f \u00e7elik kasa kilitleme sistemi. 1090 C derece yang\u0131na dayan\u0131kl\u0131 \u00e7elik para kasas\u0131<\/strong>. (Sertifikal\u0131)<\/p>\n<h3><strong>Premium Next Serisi \u00c7elik Kasa Genel \u00d6zellikleri<\/strong><\/h3>\n<hr size='\\\"2\\\"'>\n<ul>\n<li style=\"list-style-type: none;\">\n<ul>\n<li>\u00d6zel dizayn y\u00fcksek kalite, l\u00fcks tasar\u0131m \u00e7elik kasa y\u00fczey kaplamas\u0131. 4 farkl\u0131 kasa kaplama se\u00e7ene\u011fi<\/li>\n<li>Kilit b\u00f6l\u00fcm\u00fcn\u00fc gizleyen, a\u00e7\u0131l\u0131r kapan\u0131r \u00f6zel kayar kapak sistemi<\/li>\n<li>\u00d6zel kasa i\u00e7i \u00e7ekmece ve ayarl\u0131 raf sistemi ile \u00e7ok daha kullan\u0131\u015fl\u0131 i\u00e7 tasar\u0131m\u0131 ile daha verimli kullan\u0131m<\/li>\n<li>Daha fazla g\u00fcvenlik i\u00e7in, 4-16 basamakl\u0131 \u015fifre se\u00e7ebilme \u00f6zg\u00fcrl\u00fc\u011f\u00fc<\/li>\n<li>\u015eifrenizi tu\u015flarken, ba\u015f\u0131na ve sonuna rastgele rakamlar girerek, sizi izleyenleri yan\u0131ltma se\u00e7ene\u011fi. Ses ve ekran uyar\u0131lar\u0131n\u0131 kapatma se\u00e7ene\u011fi<\/li>\n<li>Darbelere kar\u015f\u0131,entegre built-in alarm sistemi<\/li>\n<li>5 hatal\u0131 \u015fifre denemesinde bloke olma \u00f6zelli\u011fi<\/li>\n<li>SP onayl\u0131, yang\u0131na kar\u015f\u0131 tam koruma sertifikas\u0131<\/li>\n<li>Her t\u00fcrl\u00fc evrak ve nakit para gibi de\u011ferleri h\u0131rs\u0131zl\u0131k ve yang\u0131na kar\u015f\u0131 da tam olarak korumak i\u00e7in tasarlanm\u0131\u015f, NT Fire 017 sertifikal\u0131 yanmaz \u00e7elik ev ofis kasas\u0131.<\/li>\n<\/ul>\n<\/li>\n<\/ul>\n<p>Eurosafe Premium NEXT yeni nesil \u00e7elik para kasas\u0131 modelleri, her zamankinden daha g\u00fc\u00e7l\u00fc ve \u00e7ok daha \u015f\u0131k. Elektronik \u015fifreli \u00e7elik kasa, panik kapama sistemli kilitleme mekanizmas\u0131 ile anahtar ta\u015f\u0131ma zahmetini, anahtar kaybetme riskini ortadan kald\u0131r\u0131r, g\u00fcn i\u00e7inde defalarca a\u00e7\u0131p kapamay\u0131 kolayla\u015ft\u0131r\u0131r ve g\u00fcvenli koruma sa\u011flar.<\/p>\n<h3><strong>Elektronik \u015eifreli Kilit Genel \u00d6zellileri<\/strong><\/h3>\n<hr size='\\\"2\\\"'>\n<ul>\n<li style=\"list-style-type: none;\">\n<ul>\n<li>Ekranl\u0131, elektronik \u015fifreli kilit sistemine sahiptir (Standart olarak sunulur)<\/li>\n<li>Elektronik kilit, 4-16 basamakl\u0131 iki ayr\u0131 \u015fifre ile kullan\u0131labilir.<\/li>\n<li>Kayar kapa\u011f\u0131 ile kilit b\u00f6l\u00fcm\u00fc gizlenebilir.<\/li>\n<li>Kasan\u0131z\u0131 kullan\u0131rken etrafta birileri varsa, \u015fifrenizin ba\u015f\u0131na ya da sonuna rastgele rakamlar girerek \u015fa\u015f\u0131rtma uygulanabilir.<\/li>\n<li>2 farkl\u0131 \u015fifre ile kullan\u0131labilir.<\/li>\n<li>Acil durumlar i\u00e7in Panik-Kapatma sistemine sahiptir. (\u00c7elik Kasa kapa\u011f\u0131 kapat\u0131ld\u0131\u011f\u0131nda otomatik kilitlenir.<\/li>\n<li>3 y\u00f6nl\u00fc \u00c7elik kilitleme milleri ile h\u0131rs\u0131zl\u0131\u011fa kar\u015f\u0131 tam koruma sa\u011flar.<\/li>\n<\/ul>\n<\/li>\n<\/ul>\n<h3><strong>\u00c7elik Kasa \u0130\u00e7 D\u00fczen Ekipmanlar\u0131<\/strong><\/h3>\n<hr size='\\\"2\\\"'>\n<ul>\n<li style=\"list-style-type: none;\">\n<ul>\n<li>\u00d6zel olarak tasarlanm\u0131\u015f \u00e7ekmecesi ile \u00e7ok daha kullan\u0131\u015fl\u0131 bir i\u00e7 hacim yarat\u0131lm\u0131\u015ft\u0131r. M\u00fccevher, saat, tak\u0131, vb \u00e7ok kolay ve d\u00fczenli \u015fekilde \u00e7izilmeden saklanabilir, para \u00e7ekmecesi olarak kullan\u0131labilir.<\/li>\n<li>Kaplamal\u0131 raf\u0131n y\u00fcksekli\u011fi ayarlanabilir.<\/li>\n<\/ul>\n<\/li>\n<\/ul>\n<h3><strong>\u00c7elik Kasa Sertifikalar\u0131<\/strong><\/h3>\n<hr size='\\\"2\\\"'>\n<ul>\n<li style=\"list-style-type: none;\">\n<ul>\n<li>Avrupa Birli\u011fi Normlar\u0131na ( EN) uygundur.<\/li>\n<li>NT Fire 017 60 Paper yang\u0131na dayan\u0131kl\u0131l\u0131k EN (Avrupa normlar\u0131) sertifikalar\u0131na sahiptir. *SP onayl\u0131 (Swedish National Testing and Research Institute), 1090 derece s\u0131cakl\u0131kta 120 dakika dosya ( ka\u011f\u0131t) yang\u0131n g\u00fcvenli\u011fi sertifikas\u0131)<\/li>\n<li>ISO 9001 -2008 &amp; ISO 9001-2009 kalite sertifikalar\u0131na sahiptir.<\/li>\n<\/ul>\n<\/li>\n<\/ul>\n<h3><strong>\u00c7elik Kasa Yang\u0131na Kar\u015f\u0131 Dayan\u0131kl\u0131l\u0131k \u00d6zellikleri<\/strong><\/h3>\n<hr size='\\\"2\\\"'>\n<ul>\n<li style=\"list-style-type: none;\">\n<ul>\n<li>1090 oC derece \u0131s\u0131ya 60 dakika dayan\u0131kl\u0131d\u0131r. En \u00fcst yang\u0131n dayan\u0131kl\u0131 \u00e7elik kasa standard\u0131na sahiptir.<\/li>\n<li>En az 60 dakika yang\u0131n s\u00fcresince, i\u00e7 s\u0131cakl\u0131k 150<sup>o<\/sup>C dereceyi ge\u00e7mez. ( ka\u011f\u0131t bozulma s\u0131cakl\u0131\u011f\u0131)<\/li>\n<li>S\u0131cakl\u0131k, duman, buhar, nem di\u011fer fiziksel etkilere kar\u015f\u0131 tam koruma sa\u011flar.<\/li>\n<li>Yang\u0131n, su, gaz ve dumana kar\u015f\u0131 dayan\u0131kl\u0131 dayan\u0131kl\u0131d\u0131r.<\/li>\n<li>\u00dc\u00e7l\u00fc ge\u00e7me sistemli \u00f6zel \u00e7er\u00e7eve sistemi ile g\u00fcvenlik art\u0131r\u0131lm\u0131\u015ft\u0131r.<\/li>\n<li>Depreme kar\u015f\u0131 dayan\u0131kl\u0131d\u0131r.<\/li>\n<\/ul>\n<\/li>\n<\/ul>\n<h3><strong>Kullan\u0131m Alanlar\u0131<\/strong><\/h3>\n<hr size='\\\"2\\\"'>\n<ul>\n<li style=\"list-style-type: none;\">\n<ul>\n<li>Yeni nesil premium \u00e7elik kasa, evlerde bir mobilya \u015f\u0131kl\u0131\u011f\u0131nda \u00e7elik para kasas\u0131 g\u00fcvenli\u011fi sa\u011flar. Eurosafe\\\u2019in bu \u00f6zel kasa modeli, di\u011fer \u00e7elik kasa modellerinin aksine, \u00f6zel dizayn edilmi\u015f i\u00e7 b\u00f6l\u00fcm\u00fc \u00e7ekmece ve kaplamalar\u0131 ile m\u00fccevher, tak\u0131, saat gibi hassas de\u011ferleri \u00e7izilme riski olmadan saklamak i\u00e7in hem rahat hem de y\u00fcksek g\u00fcvenlik sa\u011flar.<\/li>\n<li>Her t\u00fcrl\u00fc i\u015fyerinde, ofis kasas\u0131, dosya kasas\u0131, para kasas\u0131, evrak kasas\u0131 amac\u0131yla ofis tipi \u00e7elik kasa olarak kullan\u0131labilir. Klas\u00f6r, evrak, dosya, nakit, \u00e7ek, senet, tapu, s\u00f6zle\u015fme vs gibi de\u011ferli yang\u0131n ve h\u0131rs\u0131zl\u0131k olaylar\u0131na kar\u015f\u0131 korur.<\/li>\n<li>Otel, hastane, okul, benzin istasyonu gibi kurumlarda muhasebe kasas\u0131 ya da vezne kasas\u0131 olarak kullan\u0131labilir.<\/li>\n<li>De\u011ferli ila\u00e7lar\u0131 h\u0131rs\u0131zl\u0131k ve yang\u0131ndan korumak i\u00e7in eczane kasas\u0131 olarak kullan\u0131labilir.<\/li>\n<li>Kamu kurumlar\u0131nda de\u011ferli ka\u011f\u0131t ve evrak kasas\u0131 olarak kullan\u0131labilir.<\/li>\n<li>Evlerde ki\u015fisel kasa kullan\u0131m\u0131na uygundur. yazl\u0131klar i\u00e7in \u00e7elik kasa olarak yazl\u0131klarda, \u00e7iftliklerde kullan\u0131labilir.<\/li>\n<li>ISO 27001 veri g\u00fcvenli\u011fi y\u00f6netim sistemi uygulayan firmalar i\u00e7in bas\u0131l\u0131 evrak veri g\u00fcvenli\u011fi ko\u015fullar\u0131n\u0131 sa\u011flar<\/li>\n<\/ul>\n<\/li>\n<\/ul>\n<p>\u00a0<\/p>\n<hr size='\\\"2\\\"'>\n<h3><strong>Garanti<\/strong><\/h3>\n<ul>\n<li>T\u00fcm \u00fcretim hatalar\u0131na kar\u015f\u0131 en az 2 (iki) y\u0131l garantilidir.<\/li>\n<li>Paradok Elektronik taraf\u0131ndan ithal edilmekte, teslimat, montaj ve t\u00fcm servis hizmetleri, EUROSAFE \u00c7elik Kasa teknik ekipleri taraf\u0131ndan sa\u011flanmaktad\u0131r.<\/li>\n<\/ul>\n<\/body>","protected":false},"excerpt":{"rendered":"<p>\u00a0 Model : DPS 8500 EUROSAFE \u00c7elik Kasa \u2013 Premium NEXT serisi-\\r\\n D\u0131\u015f \u00d6l\u00e7\u00fcler : 900 x 500 x 535&hellip;<\/p>\n","protected":false},"featured_media":182,"comment_status":"open","ping_status":"closed","template":"","meta":[],"product_brand":[],"product_cat":[26],"product_tag":[],"class_list":{"0":"post-181","1":"product","2":"type-product","3":"status-publish","4":"has-post-thumbnail","6":"product_cat-premium-kasa","8":"first","9":"instock","10":"taxable","11":"shipping-taxable","12":"product-type-simple"},"jetpack_sharing_enabled":true,"_links":{"self":[{"href":"https:\/\/www.celikkasa.com\/2019\/wp-json\/wp\/v2\/product\/181","targetHints":{"allow":["GET"]}}],"collection":[{"href":"https:\/\/www.celikkasa.com\/2019\/wp-json\/wp\/v2\/product"}],"about":[{"href":"https:\/\/www.celikkasa.com\/2019\/wp-json\/wp\/v2\/types\/product"}],"replies":[{"embeddable":true,"href":"https:\/\/www.celikkasa.com\/2019\/wp-json\/wp\/v2\/comments?post=181"}],"wp:featuredmedia":[{"embeddable":true,"href":"https:\/\/www.celikkasa.com\/2019\/wp-json\/wp\/v2\/media\/182"}],"wp:attachment":[{"href":"https:\/\/www.celikkasa.com\/2019\/wp-json\/wp\/v2\/media?parent=181"}],"wp:term":[{"taxonomy":"product_brand","embeddable":true,"href":"https:\/\/www.celikkasa.com\/2019\/wp-json\/wp\/v2\/product_brand?post=181"},{"taxonomy":"product_cat","embeddable":true,"href":"https:\/\/www.celikkasa.com\/2019\/wp-json\/wp\/v2\/product_cat?post=181"},{"taxonomy":"product_tag","embeddable":true,"href":"https:\/\/www.celikkasa.com\/2019\/wp-json\/wp\/v2\/product_tag?post=181"}],"curies":[{"name":"wp","href":"https:\/\/api.w.org\/{rel}","templated":true}]}}