{"id":171,"date":"2019-07-07T20:56:57","date_gmt":"2019-07-07T19:56:57","guid":{"rendered":"https:\/\/www.celikkasa.com\/2019\/?post_type=product&#038;p=171"},"modified":"2026-01-31T03:29:48","modified_gmt":"2026-01-31T02:29:48","slug":"es-1600-celik-kasa","status":"publish","type":"product","link":"https:\/\/www.celikkasa.com\/2019\/urun\/es-1600-celik-kasa\/","title":{"rendered":"ES 1600 \u00c7elik Kasa"},"content":{"rendered":"<body><p>\u00c7elik Para Kasas\u0131: Eurosafe Marka, y\u00fcksek g\u00fcvenlikli, z\u0131rhl\u0131, 1 ton a\u011f\u0131rl\u0131\u011f\u0131nda, ECB.S EN1143-1 Sertifikal\u0131 \u00c7elik Kasa<\/p>\n<h2><strong>\u00c7elik Kasa Genel \u00d6zellikleri<\/strong><\/h2>\n<table>\n<tbody>\n<tr>\n<td width='\\\"174\\\"'><strong>Marka<\/strong><\/td>\n<td width='\\\"24\\\"'><strong>:<\/strong><\/td>\n<td width='\\\"201\\\"'><strong>Eurosafe Diplomat Serisi<\/strong><\/td>\n<\/tr>\n<tr>\n<td width='\\\"174\\\"'><strong>Model<\/strong><\/td>\n<td width='\\\"24\\\"'><strong>:<\/strong><\/td>\n<td width='\\\"201\\\"'><strong>ES 1600 E <\/strong><\/td>\n<\/tr>\n<tr>\n<td width='\\\"174\\\"'><strong>D\u0131\u015f \u00d6l\u00e7\u00fcler (HxWxD)<\/strong><\/td>\n<td width='\\\"24\\\"'><strong>:<\/strong><\/td>\n<td width='\\\"201\\\"'>1630 x 775 x 650 mm.<\/td>\n<\/tr>\n<tr>\n<td width='\\\"174\\\"'><strong>\u0130\u00e7 \u00d6l\u00e7\u00fcler (HxWxD)<\/strong><\/td>\n<td width='\\\"24\\\"'><strong>:<\/strong><\/td>\n<td width='\\\"201\\\"'>1450 x 595 x 440<\/td>\n<\/tr>\n<tr>\n<td width='\\\"174\\\"'><strong>A\u011f\u0131rl\u0131k<\/strong><\/td>\n<td width='\\\"24\\\"'><strong>:<\/strong><\/td>\n<td width='\\\"201\\\"'>1006 Kg<\/td>\n<\/tr>\n<tr>\n<td width='\\\"174\\\"'><strong>Raf \/ \u00c7ekmece<\/strong><\/td>\n<td width='\\\"24\\\"'><strong>:<\/strong><\/td>\n<td width='\\\"201\\\"'>3 \/ 1 Adet<\/td>\n<\/tr>\n<tr>\n<td width='\\\"174\\\"'><strong>Kapasite<\/strong><\/td>\n<td width='\\\"24\\\"'><strong>:<\/strong><\/td>\n<td width='\\\"201\\\"'>380 Lt.<\/td>\n<\/tr>\n<tr>\n<td width='\\\"174\\\"'><strong>Kilit Sistemi<\/strong><\/td>\n<td width='\\\"24\\\"'><strong>:<\/strong><\/td>\n<td width='\\\"201\\\"'>Elektronik \u015eifreli Kilit (Lagard)<\/td>\n<\/tr>\n<tr>\n<td width='\\\"174\\\"'><strong>Yang\u0131n S\u0131n\u0131f\u0131<\/strong><\/td>\n<td width='\\\"24\\\"'><strong>:<\/strong><\/td>\n<td width='\\\"201\\\"'>1090 C 60 minutes proof<\/td>\n<\/tr>\n<tr>\n<td width='\\\"174\\\"'>Sertifikalar ( H\u0131rs\u0131zl\u0131k Ve Yang\u0131n)<\/td>\n<td width='\\\"24\\\"'><strong>:<\/strong><\/td>\n<td width='\\\"201\\\"'>ECB.S EN 1143-1 Grade I\\r\\n\\r\\nNT Fire 017 60 Paper<\/td>\n<\/tr>\n<\/tbody>\n<\/table>\n<h4><strong>\u00c7elik Kasa H\u0131rs\u0131zl\u0131k ve Yang\u0131n Sertifikalar\u0131<\/strong><\/h4>\n<hr size='\\\"2\\\"'>\n<ul>\n<li style=\"list-style-type: none;\">\n<ul>\n<li>Avrupa Birli\u011fi Normlar\u0131na ( EN) uygundur.<\/li>\n<li>ECB.S EN-1143 Burglary ve NT Fire 017 60 Paper EN (Avrupa normlar\u0131) sertifikalar\u0131na sahiptir. *SP (Swedish National Testing and Research Institute), 1090 derece s\u0131cakl\u0131kta 60 dakika evrak\/ka\u011f\u0131t yang\u0131n g\u00fcvenli\u011fi sertifikas\u0131)<\/li>\n<li>ISO 9001 -2008 &amp; ISO 9001-2008 kalite sertifikalar\u0131na sahiptir.<\/li>\n<\/ul>\n<\/li>\n<\/ul>\n<h4><strong>\u00c7elik Kasa Yang\u0131n G\u00fcvenli\u011fi<\/strong><\/h4>\n<hr size='\\\"2\\\"'>\n<ul>\n<li style=\"list-style-type: none;\">\n<ul>\n<li>1090oC derece \u0131s\u0131ya 60 dakika dayan\u0131kl\u0131d\u0131r. 60 dakika yang\u0131n s\u00fcresince, i\u00e7 s\u0131cakl\u0131k 150oC dereceyi ge\u00e7mez. (ka\u011f\u0131t bozulma s\u0131cakl\u0131\u011f\u0131)<\/li>\n<li>S\u0131cakl\u0131k,duman, buhar, nem ve elektrik ve manyetik alanlara kar\u015f\u0131 tam koruma sa\u011flar.<\/li>\n<li>Yang\u0131n, su, korozif gaz ve dumana kar\u015f\u0131 dayan\u0131kl\u0131 dayan\u0131kl\u0131d\u0131r.<\/li>\n<li>Kapak aral\u0131klar\u0131 yanmaz fitillerle kapanm\u0131\u015ft\u0131r.<\/li>\n<li>Kasa i\u00e7inde nem olu\u015fmas\u0131n\u0131 \u00f6nleyici nem reg\u00fclat\u00f6rleri bulunmaktad\u0131r. \u0130ki kasa aras\u0131 nem al\u0131c\u0131 kimyasal maddelerle doldurulmu\u015ftur.<\/li>\n<li>Depreme kar\u015f\u0131 dayan\u0131kl\u0131d\u0131r.<\/li>\n<li>Sel ve su bask\u0131nlar\u0131na kar\u015f\u0131 tam bir izolasyon sa\u011flanm\u0131\u015ft\u0131r<\/li>\n<\/ul>\n<\/li>\n<\/ul>\n<h4><strong>\u00c7elik Kasa Kilitleme Sistemi<\/strong><\/h4>\n<hr size='\\\"2\\\"'>\n<ul>\n<li style=\"list-style-type: none;\">\n<ul>\n<li>Elektronik \u015eifreli Kilit Sistemine sahiptir.(LaGard) \/ (Mauer anahtarl\u0131 kilit tercih edilebilir)<\/li>\n<li>Elektronik kilit, 6 basamakl\u0131 \u015fifre ile kullan\u0131labilir.<\/li>\n<li>Acil durumlar i\u00e7in Panik-Kapatma sistemine sahiptir.<\/li>\n<li>3 y\u00f6nl\u00fc, 6-12 \u00e7elik kilitleme milleri ile h\u0131rs\u0131zl\u0131\u011fa kar\u015f\u0131 tam koruma sa\u011flar.<\/li>\n<\/ul>\n<\/li>\n<\/ul>\n<h4><strong>\u00c7elik Kasa \u0130\u00e7 D\u00fczen Ekipmanlar\u0131<\/strong><\/h4>\n<hr size='\\\"2\\\"'>\n<ul>\n<li>\u00c7elik Kasa iste\u011fe g\u00f6re d\u00fczenlenebilen, ayarlanabilir i\u00e7 raf sistemine sahiptir.<\/li>\n<li>Klas\u00f6r say\u0131s\u0131na g\u00f6re, \u00e7ekmece\/raf adetleri ayarlanabilir.<\/li>\n<\/ul>\n<h4><strong>\u00c7elik Kasa Garanti ve Teslimat Ko\u015fullar\u0131<\/strong><\/h4>\n<hr size='\\\"2\\\"'>\n<ul>\n<li style=\"list-style-type: none;\">\n<ul>\n<li>T\u00fcm \u00fcretim hatalar\u0131na kar\u015f\u0131 en az 5 (be\u015f) y\u0131l garantilidir.<\/li>\n<li>Paradok Elektronik taraf\u0131ndan ithal edilmektedir.<\/li>\n<\/ul>\n<\/li>\n<\/ul>\n<h4><strong>\u00c7elik Kasa Fiyatlar\u0131 Hakk\u0131nda Genel Bilgi<\/strong><\/h4>\n<hr size='\\\"2\\\"'>\n<ul>\n<li style=\"list-style-type: none;\">\n<ul>\n<li>ECB.S Sertifikal\u0131 EN1143-1 standard\u0131na sahip \u00e7elik kasalar, di\u011fer para kasas\u0131 modelleri ile k\u0131yasland\u0131\u011f\u0131nda \u00fcst d\u00fczey g\u00fcvenlik \u00f6zelliklerine sahiptir. Kasan\u0131n teknik \u00f6zellikleri, yang\u0131na dayan\u0131kl\u0131 ve h\u0131rs\u0131zl\u0131k kar\u015f\u0131s\u0131ndaki dayan\u0131m\u0131 kan\u0131tlanm\u0131\u015f, Avrupan\u0131n en \u00fcst g\u00fcvenli sertifikasyon kurulu\u015fu ECB.S taraf\u0131ndan sertifikalanm\u0131\u015flard\u0131r. Bu nedenle, ihtiyac\u0131n\u0131za y\u00f6nelik \u00e7elik kasa modellerini ve \u00e7elik kasa fiyatlar\u0131n\u0131 kar\u015f\u0131la\u015ft\u0131r\u0131rken, bu \u00f6zelliklere dikkat edilmeli, ihtiyac\u0131 tam kar\u015f\u0131layan \u00e7elik para kasas\u0131 modeli se\u00e7ilmelidir. Bu tip kasalarda, sadece \u00f6l\u00e7\u00fcler, sadece a\u011f\u0131rl\u0131k, sadece \u00e7elik kal\u0131nl\u0131klar\u0131 ya da sadece kilitleme sistemi , g\u00fcvenlik derecesi hakk\u0131nda bilgi veremeyece\u011fi gibi, \u00e7o\u011fu zaman da yan\u0131lt\u0131c\u0131 olmaktad\u0131r. \u0130yi malzemeyle k\u00f6t\u00fc \u00fcretilmi\u015f bir kasa olabilece\u011fi ger\u00e7e\u011fiyle, afaki ayr\u0131nt\u0131l\u0131larla k\u0131yas yapmak yerine, \u00e7elik kasalar i\u00e7in sertifikalar\u0131na ve bunlar\u0131 veren kurulu\u015flar\u0131 k\u0131yaslamak en do\u011frusudur.<\/li>\n<\/ul>\n<\/li>\n<\/ul>\n<\/body>","protected":false},"excerpt":{"rendered":"<p>\u00c7elik Para Kasas\u0131: Eurosafe Marka, y\u00fcksek g\u00fcvenlikli, z\u0131rhl\u0131, 1 ton a\u011f\u0131rl\u0131\u011f\u0131nda, ECB.S EN1143-1 Sertifikal\u0131 \u00c7elik Kasa \u00c7elik Kasa Genel \u00d6zellikleri&hellip;<\/p>\n","protected":false},"featured_media":173,"comment_status":"open","ping_status":"closed","template":"","meta":[],"product_brand":[],"product_cat":[28],"product_tag":[],"class_list":{"0":"post-171","1":"product","2":"type-product","3":"status-publish","4":"has-post-thumbnail","6":"product_cat-yuksek-guvenlikli-celik-kasa","8":"first","9":"instock","10":"taxable","11":"shipping-taxable","12":"product-type-simple"},"jetpack_sharing_enabled":true,"_links":{"self":[{"href":"https:\/\/www.celikkasa.com\/2019\/wp-json\/wp\/v2\/product\/171","targetHints":{"allow":["GET"]}}],"collection":[{"href":"https:\/\/www.celikkasa.com\/2019\/wp-json\/wp\/v2\/product"}],"about":[{"href":"https:\/\/www.celikkasa.com\/2019\/wp-json\/wp\/v2\/types\/product"}],"replies":[{"embeddable":true,"href":"https:\/\/www.celikkasa.com\/2019\/wp-json\/wp\/v2\/comments?post=171"}],"wp:featuredmedia":[{"embeddable":true,"href":"https:\/\/www.celikkasa.com\/2019\/wp-json\/wp\/v2\/media\/173"}],"wp:attachment":[{"href":"https:\/\/www.celikkasa.com\/2019\/wp-json\/wp\/v2\/media?parent=171"}],"wp:term":[{"taxonomy":"product_brand","embeddable":true,"href":"https:\/\/www.celikkasa.com\/2019\/wp-json\/wp\/v2\/product_brand?post=171"},{"taxonomy":"product_cat","embeddable":true,"href":"https:\/\/www.celikkasa.com\/2019\/wp-json\/wp\/v2\/product_cat?post=171"},{"taxonomy":"product_tag","embeddable":true,"href":"https:\/\/www.celikkasa.com\/2019\/wp-json\/wp\/v2\/product_tag?post=171"}],"curies":[{"name":"wp","href":"https:\/\/api.w.org\/{rel}","templated":true}]}}