{"id":164,"date":"2019-07-07T20:39:39","date_gmt":"2019-07-07T19:39:39","guid":{"rendered":"https:\/\/www.celikkasa.com\/2019\/?post_type=product&#038;p=164"},"modified":"2025-09-25T11:12:00","modified_gmt":"2025-09-25T10:12:00","slug":"ds30-kumbara-kasa-elektronik-sifreli","status":"publish","type":"product","link":"https:\/\/www.celikkasa.com\/2019\/urun\/ds30-kumbara-kasa-elektronik-sifreli\/","title":{"rendered":"DS30 Kumbara Kasa (Elektronik \u015eifreli)"},"content":{"rendered":"<body><p>\u00a0<\/p>\n<table>\n<tbody>\n<tr>\n<td width='\\\"133\\\"'><strong>MODEL<\/strong><\/td>\n<td width='\\\"28\\\"'><strong>:<\/strong><\/td>\n<td width='\\\"244\\\"'>DS 30 EN EUROSAFE Depozit Kasa<\/td>\n<\/tr>\n<tr>\n<td width='\\\"133\\\"'><strong> D\u0131\u015f \u00d6l\u00e7\u00fcler<\/strong><\/td>\n<td width='\\\"28\\\"'><strong>:<\/strong><\/td>\n<td width='\\\"244\\\"'>762 X 508 X 508 mm<\/td>\n<\/tr>\n<tr>\n<td width='\\\"133\\\"'><strong>A\u011f\u0131rl\u0131k<\/strong><\/td>\n<td width='\\\"28\\\"'><strong>:<\/strong><\/td>\n<td width='\\\"244\\\"'>90 Kg<\/td>\n<\/tr>\n<tr>\n<td width='\\\"133\\\"'><strong>Hacim<\/strong><\/td>\n<td width='\\\"28\\\"'><strong>:<\/strong><\/td>\n<td width='\\\"244\\\"'>107 Lt<\/td>\n<\/tr>\n<tr>\n<td width='\\\"133\\\"'><strong>\u00c7ekmece \/ Raf Say\u0131s\u0131<\/strong><\/td>\n<td width='\\\"28\\\"'><strong>:<\/strong><\/td>\n<td width='\\\"244\\\"'>1 \/ 2 Adet<\/td>\n<\/tr>\n<tr>\n<td width='\\\"133\\\"'><strong>\u00c7elik Kal\u0131nl\u0131klar\u0131<\/strong><\/td>\n<td width='\\\"28\\\"'><strong>:<\/strong><\/td>\n<td width='\\\"244\\\"'>Kapak : 9 mm<\/td>\n<\/tr>\n<tr>\n<td width='\\\"133\\\"'><strong>Kilitleme Mekanizmas\u0131<\/strong><\/td>\n<td width='\\\"28\\\"'><strong>:<\/strong><\/td>\n<td width='\\\"244\\\"'>Elektronik \u015fifreli Kilitleme Sistemi<\/td>\n<\/tr>\n<tr>\n<td width='\\\"133\\\"'><strong>Montaj<\/strong><\/td>\n<td width='\\\"28\\\"'><strong>:<\/strong><\/td>\n<td width='\\\"244\\\"'>Yerden zemine i\u00e7ten montaj yap\u0131larak, kasa sabitlenir ve ta\u015f\u0131namaz.<\/td>\n<\/tr>\n<\/tbody>\n<\/table>\n<h3><strong>Kumbara Kasa \u00d6zellikleri<\/strong><\/h3>\n<hr size='\\\"2\\\"'>\n<ul>\n<li style=\"list-style-type: none;\">\n<ul>\n<li>Nakit para tahsilat\u0131n\u0131n s\u00fcrekli oldu\u011fu, mesai saatleri d\u0131\u015f\u0131nda da personelin para tahsil etmek ya da ta\u015f\u0131mak zorunda oldu\u011fu durumlarda, 24 saat hem h\u0131rs\u0131zl\u0131k riski hem de personel g\u00fcvenli\u011fi i\u00e7in kullan\u0131lan \u00e7elik kasa modelidir.<\/li>\n<li>Tahsilatla g\u00f6revli personel, eline ge\u00e7en nakit para, yad a\u00e7ek senet, araba anahtar\u0131 gibi k\u0131ymetleri, belirlenen zaman ve s\u0131kl\u0131kla kumbara kasa \u00e7ekmecesinden i\u00e7eri atar ve at\u0131lanlar tekrar geri al\u0131namaz.<\/li>\n<li>\u00c7elik kasan\u0131n i\u00e7ine at\u0131lan para ya da di\u011fer k\u0131ymetleri, ancak kasan\u0131n yetkilisi \u015fifresi ile a\u00e7arak alt b\u00f6l\u00fcmden alabilir.<\/li>\n<li>\u00d6rne\u011fin, \u00f6rne\u011fin bir hastane veznesinde, ya da benzin istasyonunda \u00e7al\u0131\u015fan g\u00f6revli, eline ge\u00e7en paray\u0131, \u00fczerinde ad\u0131 yazan bir zarfla kasa \u00e7ekmecesinden i\u00e7eri atar, ve gece boyunca \u00fczerinde para ta\u015f\u0131mak zorunda kalmaz. Kasa , mesai saatinde yetkili g\u00f6revli taraf\u0131ndan \u015fifre ile a\u00e7\u0131larak, gece boyunca at\u0131lm\u0131\u015f paralar teslim al\u0131n\u0131r. Bu y\u00f6ntemin normal \u00e7elik kasa kullanmaktan fark\u0131, hem kolayl\u0131k, hem de gece \u00e7al\u0131\u015fan g\u00f6revlilere paray\u0131 kasaya koymalar\u0131 i\u00e7in kasan\u0131n \u015fifresini s\u00f6ylemek zorunda kalmamakt\u0131r.<\/li>\n<\/ul>\n<\/li>\n<\/ul>\n<h3><strong>Kilitleme Sistemi<\/strong><\/h3>\n<hr size='\\\"2\\\"'>\n<ul>\n<li style=\"list-style-type: none;\">\n<ul>\n<li>Standart elektronik \u015fifreli kilit sistemine sahiptir.<\/li>\n<li>Elektronik kilit, 4-16 basamakl\u0131 iki ayr\u0131 \u015fifre ile kullan\u0131labilir.<\/li>\n<li>4 adet \u00e7elik kilitleme milleri ile h\u0131rs\u0131zl\u0131\u011fa kar\u015f\u0131 tam koruma sa\u011flar.<\/li>\n<\/ul>\n<\/li>\n<\/ul>\n<h3><strong>Kumbara Kasa Kullan\u0131m Alanlar\u0131<\/strong><\/h3>\n<hr size='\\\"2\\\"'>\n<ul>\n<li style=\"list-style-type: none;\">\n<ul>\n<li>Daha \u00e7ok 24 saat \u00e7al\u0131\u015fan i\u015fletmelerde, nakit y\u00f6netimi i\u00e7in d\u00fcnyada s\u0131kl\u0131kla kullan\u0131lan \u00e7\u00f6z\u00fcmd\u00fcr kumbara kasa. Benzin istasyonu, n\u00f6bet\u00e7i eczane, hastane veznesi, tekel b\u00fcfeleri, otoparklar, ara\u00e7 kiralama firmalar\u0131 vb i\u015fletmelerde \u00e7elik kasa ihtiyac\u0131n\u0131 kar\u015f\u0131lad\u0131\u011f\u0131 gibi operasyonel kullan\u0131m \u00f6zellikleriyle ekstra g\u00fcvenlik sa\u011flar.<\/li>\n<li>\u00d6rne\u011fin Avrupa\u2019da, ara\u00e7 kiralama firmalar\u0131 gece ofislerinin kapal\u0131 oldu\u011fu saatlerde, ara\u00e7lar\u0131 otoparka park edip anahtarlar\u0131n\u0131n bir kumbara kasaya at\u0131lmas\u0131n\u0131 isterler. B\u00f6ylece, yo\u011fun olmayan saatlerde personel \u00e7al\u0131\u015ft\u0131rmak zorunda kalmaz hem hizmet vermi\u015f hem de tasarruf etmi\u015f olurlar.<\/li>\n<li>Vezne kasas\u0131, gi\u015fe kasas\u0131, benzin istasyonu \u00e7elik kasas\u0131, eczane kasas\u0131, hastane kasas\u0131, otel vezne kasas\u0131 olarak kullan\u0131labilir. Ofis tipi \u00e7elik kasa olarak da tercih edilebilirler. Ek \u00f6zelliklerinin yan\u0131nda ayn\u0131 zamanda bir \u00e7elik kasa olarak da kullan\u0131labilir.<\/li>\n<\/ul>\n<\/li>\n<\/ul>\n<h3><strong>\u00c7elik Kasa Sertifikalar\u0131<\/strong><\/h3>\n<ul>\n<li style=\"list-style-type: none;\">\n<ul>\n<li style=\"list-style-type: none;\">\n<ul>\n<li>Avrupa Birli\u011fi Normlar\u0131na ( EN) uygundur.<\/li>\n<li>ISO 9001 -2000 &amp; ISO 9001-2001 kalite sertifikalar\u0131na sahiptir.<\/li>\n<\/ul>\n<\/li>\n<\/ul>\n<\/li>\n<\/ul>\n<h3><strong>\u00c7elik Kasa Garanti Ko\u015fullar\u0131\u0131<\/strong><\/h3>\n<ul>\n<li style=\"list-style-type: none;\">\n<ul>\n<li style=\"list-style-type: none;\">\n<ul>\n<li>En az 2 y\u0131l garantilidir.<\/li>\n<li>Eurosafe \u00e7elik kasa Paradok Elektronik taraf\u0131ndan ithal edilmekte, teslimat , montaj ve sat\u0131\u015f sonras\u0131 t\u00fcm teknik hizmetler tecr\u00fcbeli ve g\u00fcvenilir Eurosafe \u00c7elik Kasa teknik ekipleri taraf\u0131ndan sa\u011flanmaktad\u0131r.<\/li>\n<\/ul>\n<\/li>\n<\/ul>\n<\/li>\n<\/ul>\n<\/body>","protected":false},"excerpt":{"rendered":"<p>\u00a0 MODEL : DS 30 EN EUROSAFE Depozit Kasa D\u0131\u015f \u00d6l\u00e7\u00fcler : 762 X 508 X 508 mm A\u011f\u0131rl\u0131k :&hellip;<\/p>\n","protected":false},"featured_media":167,"comment_status":"open","ping_status":"closed","template":"","meta":[],"product_brand":[],"product_cat":[27],"product_tag":[],"class_list":{"0":"post-164","1":"product","2":"type-product","3":"status-publish","4":"has-post-thumbnail","6":"product_cat-depozit-kasa","8":"first","9":"instock","10":"taxable","11":"shipping-taxable","12":"product-type-simple"},"jetpack_sharing_enabled":true,"_links":{"self":[{"href":"https:\/\/www.celikkasa.com\/2019\/wp-json\/wp\/v2\/product\/164","targetHints":{"allow":["GET"]}}],"collection":[{"href":"https:\/\/www.celikkasa.com\/2019\/wp-json\/wp\/v2\/product"}],"about":[{"href":"https:\/\/www.celikkasa.com\/2019\/wp-json\/wp\/v2\/types\/product"}],"replies":[{"embeddable":true,"href":"https:\/\/www.celikkasa.com\/2019\/wp-json\/wp\/v2\/comments?post=164"}],"wp:featuredmedia":[{"embeddable":true,"href":"https:\/\/www.celikkasa.com\/2019\/wp-json\/wp\/v2\/media\/167"}],"wp:attachment":[{"href":"https:\/\/www.celikkasa.com\/2019\/wp-json\/wp\/v2\/media?parent=164"}],"wp:term":[{"taxonomy":"product_brand","embeddable":true,"href":"https:\/\/www.celikkasa.com\/2019\/wp-json\/wp\/v2\/product_brand?post=164"},{"taxonomy":"product_cat","embeddable":true,"href":"https:\/\/www.celikkasa.com\/2019\/wp-json\/wp\/v2\/product_cat?post=164"},{"taxonomy":"product_tag","embeddable":true,"href":"https:\/\/www.celikkasa.com\/2019\/wp-json\/wp\/v2\/product_tag?post=164"}],"curies":[{"name":"wp","href":"https:\/\/api.w.org\/{rel}","templated":true}]}}