{"id":158,"date":"2019-07-07T20:30:15","date_gmt":"2019-07-07T19:30:15","guid":{"rendered":"https:\/\/www.celikkasa.com\/2019\/?post_type=product&#038;p=158"},"modified":"2025-10-08T23:04:27","modified_gmt":"2025-10-08T22:04:27","slug":"120-eh-elektronik-sifreli-celik-kasa","status":"publish","type":"product","link":"https:\/\/www.celikkasa.com\/2019\/urun\/120-eh-elektronik-sifreli-celik-kasa\/","title":{"rendered":"120 EH Elektronik \u015eifreli \u00c7elik Kasa"},"content":{"rendered":"<body><p>\u00a0<\/p>\n<table>\n<tbody>\n<tr>\n<td width='\\\"176\\\"'><strong>Marka<\/strong><\/td>\n<td width='\\\"24\\\"'><strong>:<\/strong><\/td>\n<td width='\\\"203\\\"'><strong>120 EH Eurosafe \u00c7elik Kasa<\/strong><\/td>\n<\/tr>\n<tr>\n<td width='\\\"176\\\"'><strong>Model<\/strong><\/td>\n<td width='\\\"24\\\"'><strong>:<\/strong><\/td>\n<td width='\\\"203\\\"'><strong>120 EH<\/strong><\/td>\n<\/tr>\n<tr>\n<td width='\\\"176\\\"'><strong>D\u0131\u015f \u00d6l\u00e7\u00fcler (YxGxD)<\/strong><\/td>\n<td width='\\\"24\\\"'><strong>:<\/strong><\/td>\n<td width='\\\"203\\\"'>1220 x 655 x 560 mm.<\/td>\n<\/tr>\n<tr>\n<td width='\\\"176\\\"'><strong>\u0130\u00e7 \u00d6l\u00e7\u00fcler (YxGxD)<\/strong><\/td>\n<td width='\\\"24\\\"'><strong>:<\/strong><\/td>\n<td width='\\\"203\\\"'>980 x 475 x 350 mm.<\/td>\n<\/tr>\n<tr>\n<td width='\\\"176\\\"'><strong>A\u011f\u0131rl\u0131k<\/strong><\/td>\n<td width='\\\"24\\\"'><strong>:<\/strong><\/td>\n<td width='\\\"203\\\"'>228 Kg<\/td>\n<\/tr>\n<tr>\n<td width='\\\"176\\\"'><strong>Raf\/\u00c7ekmece<\/strong><\/td>\n<td width='\\\"24\\\"'><strong>:<\/strong><\/td>\n<td width='\\\"203\\\"'>2\/1 Adet<\/td>\n<\/tr>\n<tr>\n<td width='\\\"176\\\"'><strong>Hacim<\/strong><\/td>\n<td width='\\\"24\\\"'><strong>:<\/strong><\/td>\n<td width='\\\"203\\\"'>162 Lt.<\/td>\n<\/tr>\n<tr>\n<td width='\\\"176\\\"'><strong>Kilitleme Mekanizmas\u0131<\/strong><\/td>\n<td width='\\\"24\\\"'><strong>:<\/strong><\/td>\n<td width='\\\"203\\\"'>Elektronik \u015eifreli Sistemi<\/td>\n<\/tr>\n<tr>\n<td width='\\\"176\\\"'><strong>Yang\u0131n S\u0131n\u0131f\u0131 <\/strong><\/td>\n<td width='\\\"24\\\"'><strong>:<\/strong><\/td>\n<td width='\\\"203\\\"'>1090 C 120 dakika dayan\u0131kl\u0131<\/td>\n<\/tr>\n<tr>\n<td width='\\\"176\\\"'><strong>Standart<\/strong><\/td>\n<td width='\\\"24\\\"'><strong>:<\/strong><\/td>\n<td width='\\\"203\\\"'>NT Fire 017 120 Paper EN Normlar\u0131na Uygundur.<\/td>\n<\/tr>\n<\/tbody>\n<\/table>\n<p><strong>Sertifikalar<\/strong><\/p>\n<hr size='\\\"2\\\"'>\n<ul>\n<li style=\"list-style-type: none;\">\n<ul>\n<li>Avrupa Birli\u011fi Normlar\u0131na ( EN) uygundur.<\/li>\n<li>NT Fire 017 90 Paper yang\u0131na dayan\u0131kl\u0131l\u0131k EN (Avrupa normlar\u0131) sertifikalar\u0131na sahiptir. *SP onayl\u0131 (Swedish National Testing and Research Institute), 1090 derece s\u0131cakl\u0131kta 60 dakika dosya ( ka\u011f\u0131t) yang\u0131n g\u00fcvenli\u011fi sertifikas\u0131)<\/li>\n<li>ISO 9001 -2008 &amp; ISO 9001-2009 kalite sertifikalar\u0131na sahiptir.<\/li>\n<\/ul>\n<\/li>\n<\/ul>\n<p><strong>Yang\u0131n G\u00fcvenli\u011fi<\/strong><\/p>\n<hr size='\\\"2\\\"'>\n<ul>\n<li style=\"list-style-type: none;\">\n<ul>\n<li>1090 oC derece \u0131s\u0131ya 90 dakika dayan\u0131kl\u0131d\u0131r. En \u00fcst yang\u0131n dayan\u0131kl\u0131 \u00e7elik kasa standard\u0131na sahiptir.<\/li>\n<li>En az 90 dakika yang\u0131n s\u00fcresince, i\u00e7 s\u0131cakl\u0131k 150<sup>o<\/sup>C dereceyi ge\u00e7mez. ( ka\u011f\u0131t bozulma s\u0131cakl\u0131\u011f\u0131)<\/li>\n<li>S\u0131cakl\u0131k, duman, buhar, nem di\u011fer fiziksel etkilere kar\u015f\u0131 tam koruma sa\u011flar.<\/li>\n<li>Yang\u0131n, su, korozif gaz ve dumana kar\u015f\u0131 dayan\u0131kl\u0131 dayan\u0131kl\u0131d\u0131r.<\/li>\n<li>\u00dc\u00e7l\u00fc ge\u00e7me sistemli kapak aral\u0131klar\u0131 maksimum g\u00fcvenlik sa\u011flar.<\/li>\n<li>Depreme kar\u015f\u0131 dayan\u0131kl\u0131d\u0131r.<\/li>\n<\/ul>\n<\/li>\n<\/ul>\n<p><strong>Kilitleme Sistemi<\/strong><\/p>\n<hr size='\\\"2\\\"'>\n<ul>\n<li style=\"list-style-type: none;\">\n<ul>\n<li>Elektronik \u015eifreli Kilit Sistemi, Panik kapama \u00f6zelli\u011fine sahiptir. Kapak kapat\u0131ld\u0131\u011f\u0131nda otomatik kilitlenir (Standart olarak sunulur).<\/li>\n<li>Elektronik kilit, 4-16 basamakl\u0131 iki ayr\u0131 \u015fifre ile kullan\u0131labilir.<\/li>\n<li>Kasan\u0131z\u0131 kullan\u0131rken etrafta birileri varsa, \u015fifrenizin ba\u015f\u0131na ya da sonuna rastgele rakamlar girerer \u015fa\u015f\u0131rtma uygulanabilir.<\/li>\n<li>\u00c7elik kilitleme milleri ve ge\u00e7me sistemi ile h\u0131rs\u0131zl\u0131\u011fa kar\u015f\u0131 tam koruma sa\u011flar.<\/li>\n<\/ul>\n<\/li>\n<\/ul>\n<p><strong>\u0130\u00e7 D\u00fczen Ekipmanlar\u0131<\/strong><\/p>\n<hr size='\\\"2\\\"'>\n<ul>\n<li style=\"list-style-type: none;\">\n<ul>\n<li>Dosya, klas\u00f6r tiplerine g\u00f6re ayarlanabilir,iste\u011fe g\u00f6re d\u00fczenlenebilen, ayarlanabilir i\u00e7 raf sistemine sahiptir.<\/li>\n<li>\u00c7ekmece\/raf adetleri ayarlanabilir.<\/li>\n<\/ul>\n<\/li>\n<\/ul>\n<p><strong>\u00c7elik Kasa Kullan\u0131m Alanlar\u0131\u00a0<\/strong><\/p>\n<hr size='\\\"2\\\"'>\n<ul>\n<li style=\"list-style-type: none;\">\n<ul>\n<li>1090 C derece yang\u0131na dayan\u0131kl\u0131 \u00e7elik kasa, hem nakit para kasas\u0131, \u00e7ek senet kasas\u0131 hem de evrak kasas\u0131, dosya kasas\u0131 olarak kullan\u0131labilir. Her t\u00fcrl\u00fc \u015firket, kamu kurumu, otel , hastane, dernek gibi i\u015fletmelerde, ofis tipi \u00e7elik kasa olarak kullan\u0131labilecek optimum boyut bir kasa modelidir.<\/li>\n<li>Geli\u015fmi\u015f elektronik \u015fifreli kilitleme mekanizmas\u0131, \u00e7elik kasan\u0131n kullan\u0131m\u0131n\u0131 kolayla\u015ft\u0131r\u0131rken, anahtarl\u0131 \u00e7elik kasa modellerine k\u0131yasla, anahtar kaybedilmesi, kopyalanma riski, personellerin i\u015ften ayr\u0131lmas\u0131 durumunda kilit mekanizmas\u0131n\u0131n de\u011fi\u015ftirilmesi gibi zorluklardan kurtularak g\u00fcvenli\u011fi art\u0131r\u0131r .<\/li>\n<li>Muhasebe kasas\u0131, gi\u015fe kasas\u0131, evrak kasas\u0131 , nakit para kasas\u0131, ofis kasas\u0131, benzin istasyonu kasas\u0131, vb ama\u00e7lar i\u00e7in kullan\u0131labilien bir \u00e7elik kasa modelidir.<\/li>\n<\/ul>\n<\/li>\n<\/ul>\n<p><strong>Garanti\u00a0<\/strong><\/p>\n<hr size='\\\"2\\\"'>\n<ul>\n<li style=\"list-style-type: none;\">\n<ul>\n<li>Tum uretim hatalar\u0131na kar\u015f\u0131 en az 2 (iki) y\u0131l garantilidir.<\/li>\n<li>Paradok Elektronik taraf\u0131ndan ithal edilmektedir. Teslimat, kurulum gibi t\u00fcm teknik servisler ve hizmetler tecr\u00fcbeli Eurosafe \u00c7elik Kasa ekipleri taraf\u0131ndan sa\u011flanmaktad\u0131r.<\/li>\n<\/ul>\n<\/li>\n<\/ul>\n<\/body>","protected":false},"excerpt":{"rendered":"<p>\u00a0 Marka : 120 EH Eurosafe \u00c7elik Kasa Model : 120 EH D\u0131\u015f \u00d6l\u00e7\u00fcler (YxGxD) : 1220 x 655 x&hellip;<\/p>\n","protected":false},"featured_media":161,"comment_status":"open","ping_status":"closed","template":"","meta":[],"product_brand":[],"product_cat":[17,29],"product_tag":[],"class_list":{"0":"post-158","1":"product","2":"type-product","3":"status-publish","4":"has-post-thumbnail","6":"product_cat-ofis-tipi-kasa","7":"product_cat-yanmaz-celik-kasa","9":"first","10":"instock","11":"taxable","12":"shipping-taxable","13":"purchasable","14":"product-type-simple"},"jetpack_sharing_enabled":true,"_links":{"self":[{"href":"https:\/\/www.celikkasa.com\/2019\/wp-json\/wp\/v2\/product\/158","targetHints":{"allow":["GET"]}}],"collection":[{"href":"https:\/\/www.celikkasa.com\/2019\/wp-json\/wp\/v2\/product"}],"about":[{"href":"https:\/\/www.celikkasa.com\/2019\/wp-json\/wp\/v2\/types\/product"}],"replies":[{"embeddable":true,"href":"https:\/\/www.celikkasa.com\/2019\/wp-json\/wp\/v2\/comments?post=158"}],"wp:featuredmedia":[{"embeddable":true,"href":"https:\/\/www.celikkasa.com\/2019\/wp-json\/wp\/v2\/media\/161"}],"wp:attachment":[{"href":"https:\/\/www.celikkasa.com\/2019\/wp-json\/wp\/v2\/media?parent=158"}],"wp:term":[{"taxonomy":"product_brand","embeddable":true,"href":"https:\/\/www.celikkasa.com\/2019\/wp-json\/wp\/v2\/product_brand?post=158"},{"taxonomy":"product_cat","embeddable":true,"href":"https:\/\/www.celikkasa.com\/2019\/wp-json\/wp\/v2\/product_cat?post=158"},{"taxonomy":"product_tag","embeddable":true,"href":"https:\/\/www.celikkasa.com\/2019\/wp-json\/wp\/v2\/product_tag?post=158"}],"curies":[{"name":"wp","href":"https:\/\/api.w.org\/{rel}","templated":true}]}}