{"id":154,"date":"2019-07-07T14:18:23","date_gmt":"2019-07-07T13:18:23","guid":{"rendered":"https:\/\/www.celikkasa.com\/2019\/?post_type=product&#038;p=154"},"modified":"2025-08-13T22:32:24","modified_gmt":"2025-08-13T21:32:24","slug":"dt2825-veri-saklama-kasasi","status":"publish","type":"product","link":"https:\/\/www.celikkasa.com\/2019\/urun\/dt2825-veri-saklama-kasasi\/","title":{"rendered":"DT2825 Veri Saklama Kasas\u0131"},"content":{"rendered":"<body><p>\u00a0<\/p>\n<table>\n<tbody>\n<tr>\n<td width='\\\"138\\\"'><strong>Model<\/strong><\/td>\n<td width='\\\"11\\\"'><strong>:<\/strong><\/td>\n<td width='\\\"174\\\"'>DT 2825 Eurosafe Data Veri Kasas\u0131<\/td>\n<\/tr>\n<tr>\n<td width='\\\"138\\\"'><strong>D\u0131\u015f \u00d6l\u00e7\u00fcler<\/strong><\/td>\n<td width='\\\"11\\\"'><strong>:<\/strong><\/td>\n<td width='\\\"174\\\"'>830 X 690 X 720 Mm.<\/td>\n<\/tr>\n<tr>\n<td width='\\\"138\\\"'><strong>\u0130\u00e7 \u00d6l\u00e7\u00fcler<\/strong><\/td>\n<td width='\\\"11\\\"'><strong>:<\/strong><\/td>\n<td width='\\\"174\\\"'>489 X 402 X 406 Mm.<\/td>\n<\/tr>\n<tr>\n<td width='\\\"138\\\"'><strong>A\u011f\u0131rl\u0131k<\/strong><\/td>\n<td width='\\\"11\\\"'><strong>:<\/strong><\/td>\n<td width='\\\"174\\\"'>254 Kg<\/td>\n<\/tr>\n<tr>\n<td width='\\\"138\\\"'><strong>Hacim<\/strong><\/td>\n<td width='\\\"11\\\"'><strong>:<\/strong><\/td>\n<td width='\\\"174\\\"'>80 Lt<\/td>\n<\/tr>\n<tr>\n<td width='\\\"138\\\"'><strong>Kapasite (LTO)<\/strong><\/td>\n<td width='\\\"11\\\"'><strong>:<\/strong><\/td>\n<td width='\\\"174\\\"'>171 Adet ( Kutusuz)<\/td>\n<\/tr>\n<tr>\n<td width='\\\"138\\\"'><strong>\u00c7ekmece \/Raf<\/strong><\/td>\n<td width='\\\"11\\\"'><strong>:<\/strong><\/td>\n<td width='\\\"174\\\"'>4 \/ 1 Adet<\/td>\n<\/tr>\n<tr>\n<td width='\\\"138\\\"'><strong>Kilitleme<\/strong>\\r\\n\\r\\n<strong> Mekanizmas\u0131<\/strong><\/td>\n<td width='\\\"11\\\"'><\/td>\n<td width='\\\"174\\\"'>Elektronik \u015eifreli Kilitleme Sistemi<\/td>\n<\/tr>\n<tr>\n<td width='\\\"138\\\"'><strong>Yang\u0131n S\u0131n\u0131f\u0131<\/strong><\/td>\n<td width='\\\"11\\\"'><strong>:<\/strong><\/td>\n<td width='\\\"174\\\"'>1090 C S\u0131cakl\u0131\u011fa 120 Dakika Dayan\u0131kl\u0131<\/td>\n<\/tr>\n<tr>\n<td width='\\\"138\\\"'><strong>Standart<\/strong><\/td>\n<td width='\\\"11\\\"'><strong>:<\/strong><\/td>\n<td width='\\\"174\\\"'>Nt F\u0131re 017 120 Diskette<\/td>\n<\/tr>\n<\/tbody>\n<\/table>\n<p><strong>Sertifikalar<\/strong><\/p>\n<hr size='\\\"2\\\"'>\n<ul>\n<li style=\"list-style-type: none;\">\n<ul>\n<li>Avrupa Birli\u011fi Normlar\u0131na ( EN) uygundur.<\/li>\n<li>NT Fire 017 90 Paper yang\u0131na dayan\u0131kl\u0131l\u0131k EN (Avrupa normlar\u0131) sertifikalar\u0131na sahiptir. *SP onayl\u0131 (Swedish National Testing and Research Institute), 1090 derece s\u0131cakl\u0131kta 60 dakika dosya ( ka\u011f\u0131t) yang\u0131n g\u00fcvenli\u011fi sertifikas\u0131)<\/li>\n<li>ISO 9001 -2008 &amp; ISO 9001-2009 kalite sertifikalar\u0131na sahiptir.<\/li>\n<\/ul>\n<\/li>\n<\/ul>\n<p><strong>Yang\u0131n G\u00fcvenli\u011fi<\/strong><\/p>\n<hr size='\\\"2\\\"'>\n<ul>\n<li style=\"list-style-type: none;\">\n<ul>\n<li>1090 oC derece \u0131s\u0131ya 90 dakika dayan\u0131kl\u0131d\u0131r. En \u00fcst yang\u0131n dayan\u0131kl\u0131 \u00e7elik kasa standard\u0131na sahiptir.<\/li>\n<li>En az 90 dakika yang\u0131n s\u00fcresince, i\u00e7 s\u0131cakl\u0131k 150<sup>o<\/sup>C dereceyi ge\u00e7mez. ( ka\u011f\u0131t bozulma s\u0131cakl\u0131\u011f\u0131)<\/li>\n<li>S\u0131cakl\u0131k, duman, buhar, nem di\u011fer fiziksel etkilere kar\u015f\u0131 tam koruma sa\u011flar.<\/li>\n<li>Yang\u0131n, su, korozif gaz ve dumana kar\u015f\u0131 dayan\u0131kl\u0131 dayan\u0131kl\u0131d\u0131r.<\/li>\n<li>\u00dc\u00e7l\u00fc ge\u00e7me sistemli kapak aral\u0131klar\u0131 maksimum g\u00fcvenlik sa\u011flar.<\/li>\n<li>Depreme kar\u015f\u0131 dayan\u0131kl\u0131d\u0131r.<\/li>\n<\/ul>\n<\/li>\n<\/ul>\n<p><strong>Kilitleme Sistemi<\/strong><\/p>\n<hr size='\\\"2\\\"'>\n<ul>\n<li style=\"list-style-type: none;\">\n<ul>\n<li>Elektronik \u015eifreli Kilit Sistemi, Panik kapama \u00f6zelli\u011fine sahiptir. Kapak kapat\u0131ld\u0131\u011f\u0131nda otomatik kilitlenir (Standart olarak sunulur).<\/li>\n<li>Elektronik kilit, 4-16 basamakl\u0131 iki ayr\u0131 \u015fifre ile kullan\u0131labilir.<\/li>\n<li>Kasan\u0131z\u0131 kullan\u0131rken etrafta birileri varsa, \u015fifrenizin ba\u015f\u0131na ya da sonuna rastgele rakamlar girerer \u015fa\u015f\u0131rtma uygulanabilir.<\/li>\n<li>\u00c7elik kilitleme milleri ve ge\u00e7me sistemi ile h\u0131rs\u0131zl\u0131\u011fa kar\u015f\u0131 tam koruma sa\u011flar.<\/li>\n<\/ul>\n<\/li>\n<\/ul>\n<p><strong>\u0130\u00e7 D\u00fczen Ekipmanlar\u0131<\/strong><\/p>\n<hr size='\\\"2\\\"'>\n<ul>\n<li style=\"list-style-type: none;\">\n<ul>\n<li>Separat\u00f6rl\u00fc, kartu\u015f tipine g\u00f6re ayarlanabilen \u00e7ekmeceler, \u00e7\u0131kart\u0131labilir eklenebilir. Teleskopik ray sitemi, \u00e7ekmecenin sonuna kadar a\u00e7\u0131lmas\u0131n\u0131 ve kullan\u0131m kolayl\u0131\u011f\u0131 sa\u011flar.<\/li>\n<li>\u0130ste\u011fe g\u00f6re d\u00fczenlenebilen, ayarlanabilir i\u00e7 raf sistemine sahiptir.<\/li>\n<li>Veri kaset ve kartu\u015f say\u0131s\u0131na g\u00f6re, \u00e7ekmece\/raf adetleri ayarlanabilir.<\/li>\n<\/ul>\n<\/li>\n<\/ul>\n<p><strong>\u00c7elik Kasa Kullan\u0131m Alanlar\u0131\u00a0<\/strong><\/p>\n<hr size='\\\"2\\\"'>\n<ul>\n<li>LTO, DLT yedekleme kartu\u015flar\u0131, CD, DVD , Harddisk, laptop, usb flas bellekler gibi dijital depolama ayg\u0131tlar\u0131n\u0131 hem yang\u0131na hem h\u0131rs\u0131zl\u0131\u011fa kar\u015f\u0131 korumak i\u00e7in kullan\u0131lan \u00e7elik kasalar data kasas\u0131 (datasafe) olarak adland\u0131r\u0131l\u0131r. Bu \u00f6zel kasalar\u0131n yang\u0131na dayan\u0131kl\u0131 oldu\u011funun kan\u0131t\u0131, sahip oldu\u011fu uluslararas\u0131 sertifikalar ve standartlard\u0131r. SP onayl\u0131 en \u00fcst NT Fire sertifikas\u0131na sahip bu data kasas\u0131 modeli, ev, ofis, b\u00fcy\u00fck \u00e7l\u00e7ekli i\u015fletmeler, kamu kurumu, otel, hastane, bilgi i\u015flem \u015firketleri gibi her sekt\u00f6rde veri saklama ve koruma ama\u00e7l\u0131 \u00e7elik kasa olarak kullan\u0131labilir. Veri saklama kasas\u0131, geli\u015fen d\u00fcnyada ar\u015fiv y\u00f6netimi ve bilgilerin gelece\u011fe yang\u0131n, deprem, h\u0131rs\u0131zl\u0131k gibi risklere kar\u015f\u0131 g\u00fcvenle ta\u015f\u0131nabilmesi i\u00e7in tek g\u00fcvencedir.<\/li>\n<li>ISO 27001 Bilgi G\u00fcvenli\u011fi Y\u00f6netim Sistemi ve standard\u0131na sahip, ya da veri g\u00fcvenli\u011finin \u015firketlerin gelecekleri i\u00e7in en temel ihtiya\u00e7 oldu\u011funun bilincindeki t\u00fcm ki\u015fi ve kurulu\u015flar verilerini ve yedeklerini standartlara uygun ko\u015fullarda saklamal\u0131 ve korumal\u0131d\u0131r. Bu nedenle veri g\u00fcvenli\u011finde data kasas\u0131 \u00f6zellikleri ta\u015f\u0131yan kaliteli bir data kasas\u0131, en temel unsurdur.\u2019, \u201d, 93698),<\/li>\n<\/ul>\n<p><strong>Garanti\u00a0<\/strong><\/p>\n<hr size='\\\"2\\\"'>\n<ul>\n<li>T\u00fcm \u00fcretim hatalar\u0131na kar\u015f\u0131 en az 2 (iki) y\u0131l garantilidir.<\/li>\n<li>Paradok Elektronik taraf\u0131ndan ithal edilmektedir, t\u00fcm garanti ve servis hizmetleri EUROSAFE \u00c7elik Kasa ekipleri taraf\u0131ndan sa\u011flanmaktad\u0131r.<\/li>\n<\/ul>\n<\/body>","protected":false},"excerpt":{"rendered":"<p>\u00a0 Model : DT 2825 Eurosafe Data Veri Kasas\u0131 D\u0131\u015f \u00d6l\u00e7\u00fcler : 830 X 690 X 720 Mm. \u0130\u00e7 \u00d6l\u00e7\u00fcler&hellip;<\/p>\n","protected":false},"featured_media":155,"comment_status":"open","ping_status":"closed","template":"","meta":[],"product_brand":[],"product_cat":[15],"product_tag":[],"class_list":{"0":"post-154","1":"product","2":"type-product","3":"status-publish","4":"has-post-thumbnail","6":"product_cat-genel","8":"first","9":"instock","10":"taxable","11":"shipping-taxable","12":"purchasable","13":"product-type-simple"},"jetpack_sharing_enabled":true,"_links":{"self":[{"href":"https:\/\/www.celikkasa.com\/2019\/wp-json\/wp\/v2\/product\/154","targetHints":{"allow":["GET"]}}],"collection":[{"href":"https:\/\/www.celikkasa.com\/2019\/wp-json\/wp\/v2\/product"}],"about":[{"href":"https:\/\/www.celikkasa.com\/2019\/wp-json\/wp\/v2\/types\/product"}],"replies":[{"embeddable":true,"href":"https:\/\/www.celikkasa.com\/2019\/wp-json\/wp\/v2\/comments?post=154"}],"wp:featuredmedia":[{"embeddable":true,"href":"https:\/\/www.celikkasa.com\/2019\/wp-json\/wp\/v2\/media\/155"}],"wp:attachment":[{"href":"https:\/\/www.celikkasa.com\/2019\/wp-json\/wp\/v2\/media?parent=154"}],"wp:term":[{"taxonomy":"product_brand","embeddable":true,"href":"https:\/\/www.celikkasa.com\/2019\/wp-json\/wp\/v2\/product_brand?post=154"},{"taxonomy":"product_cat","embeddable":true,"href":"https:\/\/www.celikkasa.com\/2019\/wp-json\/wp\/v2\/product_cat?post=154"},{"taxonomy":"product_tag","embeddable":true,"href":"https:\/\/www.celikkasa.com\/2019\/wp-json\/wp\/v2\/product_tag?post=154"}],"curies":[{"name":"wp","href":"https:\/\/api.w.org\/{rel}","templated":true}]}}