{"id":145,"date":"2019-07-07T14:03:41","date_gmt":"2019-07-07T13:03:41","guid":{"rendered":"https:\/\/www.celikkasa.com\/2019\/?post_type=product&#038;p=145"},"modified":"2022-10-14T15:45:54","modified_gmt":"2022-10-14T14:45:54","slug":"es-600-yuksek-guvenlikli-celik-kasa","status":"publish","type":"product","link":"https:\/\/www.celikkasa.com\/2019\/urun\/es-600-yuksek-guvenlikli-celik-kasa\/","title":{"rendered":"ES 600 Y\u00fcksek G\u00fcvenlikli \u00c7elik Kasa"},"content":{"rendered":"<body><p><strong>Avrupa Birli\u011fi standard\u0131 EN1143 ve NT Fire 017 sertifikal\u0131, y\u00fcksek g\u00fcvenlikli z\u0131rhl\u0131 \u00e7elik kasa<\/strong><\/p>\n<ul>\n<li>Hem h\u0131rs\u0131zl\u0131k ve hem yang\u0131na kar\u015f\u0131 g\u00fcvenli\u011fi Avrupa\u2019n\u0131n en sayg\u0131n sertifika kurulu\u015flar\u0131 ECB.S (European Certification Board-Security Systems) ve SP (Swedish National Testing and Research Institute) taraf\u0131ndan onaylanm\u0131\u015f, profesyonel \u00e7elik kasa.<\/li>\n<li>60 cm y\u00fcksekli\u011fi, 245 Kg a\u011f\u0131rl\u0131\u011f\u0131 ve i\u00e7inden zemine montaj opsiyonu, ile ev ve ofis tipi \u00e7elik kasa kategorisinde en \u00fcst d\u00fczey g\u00fcvenlik sa\u011flayan, s\u0131n\u0131f\u0131n\u0131n en iyi elektronik \u015fifreli para kasas\u0131.<\/li>\n<li>\u015eifreli kilit mekanizmas\u0131, EN1300 Class1, Vds Class1 standartlar\u0131na sahiptir ve ECB.S ve UL onayl\u0131d\u0131r.<\/li>\n<li>Ev ve ofis kasas\u0131 olarak, y\u00fcksek de\u011ferde m\u00fccevher, para, \u00e7ek, senet gibi de\u011ferleri profesyonel olarak korumak i\u00e7in kullan\u0131labilecek \u00fcst s\u0131n\u0131f bir \u00e7elik para kasas\u0131d\u0131r.<strong>ES 600 E Z\u0131rhl\u0131 \u00c7elik Kasa Teknik \u00d6zellikleri <\/strong><br>\n<table border='\\\"0\\\"'>\n<tbody>\n<tr>\n<td width='\\\"179\\\"'><strong>Model<\/strong><\/td>\n<td width='\\\"19\\\"'><strong>:<\/strong><\/td>\n<td width='\\\"212\\\"'><strong>ES600 E Z\u0131rhl\u0131 \u00c7elik Kasa ( EN 1143-1) <\/strong><\/td>\n<\/tr>\n<tr>\n<td width='\\\"179\\\"'><strong>D\u0131\u015f \u00d6l\u00e7\u00fcler <\/strong><\/td>\n<td width='\\\"19\\\"'><strong>:<\/strong><\/td>\n<td width='\\\"212\\\"'>590 x 480 x 510 (mm)<\/td>\n<\/tr>\n<tr>\n<td width='\\\"179\\\"'><strong>\u0130\u00e7 \u00d6l\u00e7\u00fcler <\/strong><\/td>\n<td width='\\\"19\\\"'><strong>:<\/strong><\/td>\n<td width='\\\"212\\\"'>410 x 300 x 300 (mm)<\/td>\n<\/tr>\n<tr>\n<td width='\\\"179\\\"'><strong>A\u011f\u0131rl\u0131k<\/strong><\/td>\n<td width='\\\"19\\\"'><strong>:<\/strong><\/td>\n<td width='\\\"212\\\"'>245 Kg.<\/td>\n<\/tr>\n<tr>\n<td width='\\\"179\\\"'><strong>Hacim<\/strong><\/td>\n<td width='\\\"19\\\"'><strong>:<\/strong><\/td>\n<td width='\\\"212\\\"'>36 Lt.<\/td>\n<\/tr>\n<tr>\n<td width='\\\"179\\\"'><strong>\u00c7ekmece \/ Raf Say\u0131s\u0131<\/strong><\/td>\n<td width='\\\"19\\\"'><strong>:<\/strong><\/td>\n<td width='\\\"212\\\"'>1 \u00c7ekmece \/ 1 Ayarl\u0131 Raf<\/td>\n<\/tr>\n<tr>\n<td width='\\\"179\\\"'><strong>Kilitleme Mekanizmas\u0131<\/strong><\/td>\n<td width='\\\"19\\\"'><strong>:<\/strong><\/td>\n<td width='\\\"212\\\"'>Elektronik \u015eifreli Kilitleme Sistemi<\/td>\n<\/tr>\n<tr>\n<td width='\\\"179\\\"'><strong>Yang\u0131na Dayan\u0131kl\u0131l\u0131k<\/strong><\/td>\n<td width='\\\"19\\\"'><strong>:<\/strong><\/td>\n<td width='\\\"212\\\"'>1090 <sup>0<\/sup>C 60 Dakika<\/td>\n<\/tr>\n<tr>\n<td width='\\\"179\\\"'><strong>H\u0131rs\u0131zl\u0131k ve Yang\u0131n Sertifikas\u0131<\/strong><\/td>\n<td width='\\\"19\\\"'><strong>:<\/strong><\/td>\n<td width='\\\"212\\\"'><strong>ECB.S EN1143-1 ve SP NT Fire 017 60 Paper<\/strong> sertifikalar\u0131na sahiptir.<\/td>\n<\/tr>\n<\/tbody>\n<\/table>\n<p><strong>Uluslararas\u0131 Standart ve Sertifikalar<\/strong><\/p><\/li>\n<li>Avrupa Birli\u011fi Normlar\u0131na (EN) uygundur.<\/li>\n<li>EN 1143-1 Burglary Protection, g\u00fcvenlik sertifikas\u0131na sahiptir. <strong>ECB.S<\/strong> ( European Certification Board-Security Systems ) (GradeI)<\/li>\n<li>NT Fire 017 Yang\u0131na Dayan\u0131kl\u0131 \u00c7elik Kasa standard\u0131na sahiptir. SP (Swedish National Testing and Research Institute), 1090 derece s\u0131cakl\u0131kta 60 dakika yang\u0131n g\u00fcvenli\u011fi garanti alt\u0131na al\u0131nm\u0131\u015ft\u0131r.<\/li>\n<li>ISO 9001 -2008 &amp; ISO 9001-2009 kalite sertifikalar\u0131na sahiptir.<br>\n<h4><\/h4>\n<h4><strong style=\"font-size: 16px;\">Kilitleme Sistemi<\/strong><\/h4>\n<hr size='\\\"2\\\"'>\n<p>\u00a0<\/p><\/li>\n<li>Y\u00fcksek g\u00fcvenlikli elektronik \u015fifreli, sertifikal\u0131 \u2014 EN 1300 Class A (ECB-S) Vds Class 1\u2013kilitleme mekanizmas\u0131 ( LaGard 4200 ) . Dijital \u00e7elik kasa, kullanmak anahtar ta\u015f\u0131ma, kaybetme riskini ortadan kald\u0131r\u0131r, hem g\u00fcvenli hem de kolay kullan\u0131m sa\u011flar.<\/li>\n<li>Dijital kilit, 6 basamakl\u0131 iki ayr\u0131 \u015fifre ile kullan\u0131labilir.<\/li>\n<li>3 y\u00f6nl\u00fc ( yana-alta-\u00fcste) kilitlenen 22mm \u00e7ap\u0131nda \u00e7elik millere sahiptir. Mente\u015fe taraf\u0131ndaki kavisli \u00e7ift b\u00fck\u00fcml\u00fc boydan boya ge\u00e7me sistemi ile \u00e7elik kasa kapal\u0131 pozisyonda 4 y\u00f6nden kilitlenmi\u015f olur.<\/li>\n<\/ul>\n<p><strong style=\"font-size: 1.41575em;\">Kasa \u0130\u00e7 d\u00fczen ekipmanlar\u0131 \/ Raflar- \u00c7ekmeceler<\/strong><\/p>\n<hr size='\\\"2\\\"'>\n<ul>\n<li>Standart olarak sunulan, k\u00fc\u00e7\u00fck m\u00fccevherler, paralar i\u00e7in \u00e7ekmeceye sahiptir.<\/li>\n<li>\u0130ste\u011fe g\u00f6re d\u00fczenlenebilen, ayarlanabilir i\u00e7 raf sistemine sahiptir. Raflar klas\u00f6r, dosya, evrak, nakit tipine g\u00f6re \u00e7elik kasa i\u00e7 d\u00fczeni ayarlanabilir, \u00e7\u0131kart\u0131labilir.<\/li>\n<\/ul>\n<h4><strong>EN1143-1 Sertifikal\u0131 \u00c7elik Kasalar\u0131n Kullan\u0131m Alanlar\u0131<\/strong><\/h4>\n<hr size='\\\"2\\\"'>\n<ul>\n<li>Y\u00fcksek de\u011ferli m\u00fccevher, nakit para, \u00e7ek, senet, gizli belge, alt\u0131n, kuyum gibi de\u011ferlerimizi ev ve ofislerde koruma alt\u0131na alabilmek i\u00e7in y\u00fcksek g\u00fcvenlikli, ger\u00e7ek sertifikal\u0131 profesyonel bir \u00e7elik para kasas\u0131 kullanmak gerekir.<\/li>\n<li>Bir \u00e7ok durumda, di\u011fer kasa kategorilerindeki modeller ihtiyac\u0131 kar\u015f\u0131lamakla birlikte, korunmak istenen de\u011ferler artt\u0131k\u00e7a bu modeller tercih edilmelidir. Tercihi yaparken, birinci tercih \u00e7elik kasa fiyatlar\u0131, de\u011fil ihtiyac\u0131n\u0131za uygun do\u011fru model belirlenmesi olmal\u0131d\u0131r.<\/li>\n<li>EN1143-1 H\u0131rs\u0131zl\u0131k G\u00fcvenlik sertifikas\u0131na sahip ithal \u00e7elik kasalar, ev kasas\u0131, ofis tipi para kasas\u0131, kuyumcu kasas\u0131, m\u00fccevher kasas\u0131 olarak kullan\u0131labilirler. Nakit ve m\u00fccevherler i\u00e7in tasarlanm\u0131\u015f en y\u00fcksek kalitede \u00e7elik para kasas\u0131 modelidir.<\/li>\n<\/ul>\n<h4><strong>Garanti \u015eartlar\u0131<\/strong><\/h4>\n<hr size='\\\"2\\\"'>\n<p>T\u00fcm \u00fcretim hatalar\u0131na kar\u015f\u0131 en az 2 (iki) y\u0131l garantilidir. T\u00fcm teknik hizmetler, teslimat ve montaj dahil, g\u00fcvenlik soru\u015fturmas\u0131ndan ge\u00e7mi\u015f, kay\u0131tl\u0131, tecr\u00fcbeli konusunda uzman EUROSAFE Teknik ekipleri taraf\u0131ndan sa\u011flanmaktad\u0131r.<\/p>\n<\/body>","protected":false},"excerpt":{"rendered":"<p>Avrupa Birli\u011fi standard\u0131 EN1143 ve NT Fire 017 sertifikal\u0131, y\u00fcksek g\u00fcvenlikli z\u0131rhl\u0131 \u00e7elik kasa Hem h\u0131rs\u0131zl\u0131k ve hem yang\u0131na kar\u015f\u0131&hellip;<\/p>\n","protected":false},"featured_media":280,"comment_status":"open","ping_status":"closed","template":"","meta":[],"product_brand":[],"product_cat":[28],"product_tag":[],"class_list":{"0":"post-145","1":"product","2":"type-product","3":"status-publish","4":"has-post-thumbnail","6":"product_cat-yuksek-guvenlikli-celik-kasa","8":"first","9":"instock","10":"taxable","11":"shipping-taxable","12":"purchasable","13":"product-type-simple"},"jetpack_sharing_enabled":true,"_links":{"self":[{"href":"https:\/\/www.celikkasa.com\/2019\/wp-json\/wp\/v2\/product\/145","targetHints":{"allow":["GET"]}}],"collection":[{"href":"https:\/\/www.celikkasa.com\/2019\/wp-json\/wp\/v2\/product"}],"about":[{"href":"https:\/\/www.celikkasa.com\/2019\/wp-json\/wp\/v2\/types\/product"}],"replies":[{"embeddable":true,"href":"https:\/\/www.celikkasa.com\/2019\/wp-json\/wp\/v2\/comments?post=145"}],"wp:featuredmedia":[{"embeddable":true,"href":"https:\/\/www.celikkasa.com\/2019\/wp-json\/wp\/v2\/media\/280"}],"wp:attachment":[{"href":"https:\/\/www.celikkasa.com\/2019\/wp-json\/wp\/v2\/media?parent=145"}],"wp:term":[{"taxonomy":"product_brand","embeddable":true,"href":"https:\/\/www.celikkasa.com\/2019\/wp-json\/wp\/v2\/product_brand?post=145"},{"taxonomy":"product_cat","embeddable":true,"href":"https:\/\/www.celikkasa.com\/2019\/wp-json\/wp\/v2\/product_cat?post=145"},{"taxonomy":"product_tag","embeddable":true,"href":"https:\/\/www.celikkasa.com\/2019\/wp-json\/wp\/v2\/product_tag?post=145"}],"curies":[{"name":"wp","href":"https:\/\/api.w.org\/{rel}","templated":true}]}}