{"id":137,"date":"2019-07-07T13:53:29","date_gmt":"2019-07-07T12:53:29","guid":{"rendered":"https:\/\/www.celikkasa.com\/2019\/?post_type=product&#038;p=137"},"modified":"2019-07-07T13:53:30","modified_gmt":"2019-07-07T12:53:30","slug":"dfc-4000-yangina-dayanikli-dosya-kasasi","status":"publish","type":"product","link":"https:\/\/www.celikkasa.com\/2019\/urun\/dfc-4000-yangina-dayanikli-dosya-kasasi\/","title":{"rendered":"DFC 4000 Yang\u0131na Dayan\u0131kl\u0131 Dosya Kasas\u0131"},"content":{"rendered":"<body><p><b><span>\u0130\u015fyerlerinde kartoteks tiip ask\u0131l\u0131 dosya, klas\u00f6r, senet , \u00e7ek gibi evraklar\u0131 h\u0131rs\u0131zl\u0131k ve en az 1 saat yang\u0131na kar\u015f\u0131 da tam olarak korumak i\u00e7in tasarlanm\u0131\u015f, NT Fire 017 60 dakika sertifikal\u0131,\u0130thal yanmaz \u00e7elik ofis kasas\u0131.(4 \u00e7ekmeceli)<\/span><\/b><\/p>\n<table border='\\\"1\\\"'>\n<tbody>\n<tr><!-- Row 1 -->\n<td><b>Model <\/b><\/td>\n<p><!-- Col 1 --><\/p>\n<td>: DFC400 E (Yang\u0131na Dayan\u0131kl\u0131 ithal Dosya Kasas\u0131)<\/td>\n<p><!-- Col 2 --><\/p><\/tr>\n<tr><!-- Row 2 -->\n<td><b>D\u0131\u015f \u00d6l\u00e7\u00fcler<\/b><\/td>\n<p><!-- Col 1 --><\/p>\n<td>: 1466 \u00d7 528 \u00d7 675 mm (YxGxD)<\/td>\n<p><!-- Col 2 --><\/p><\/tr>\n<tr><!-- Row 3 -->\n<td><b>\u0130\u00e7 \u00d6l\u00e7\u00fcler<\/b><\/td>\n<p><!-- Col 1 --><\/p>\n<td>: (272 \u00d7 384 \u00d7 505)\u00d74 \u00c7ekmece(YxGxD)<\/td>\n<p><!-- Col 2 --><\/p><\/tr>\n<tr><!-- Row 4 -->\n<td><b>A\u011f\u0131rl\u0131k <\/b><\/td>\n<p><!-- Col 1 --><\/p>\n<td>: 266 Kg<\/td>\n<p><!-- Col 2 --><\/p><\/tr>\n<tr><!-- Row 5 -->\n<td><b>Kapasite <\/b><\/td>\n<p><!-- Col 1 --><\/p>\n<td>: 52\u00d74 = 208 Litre<\/td>\n<p><!-- Col 2 --><\/p><\/tr>\n<tr><!-- Row 6 -->\n<td><b>\u00c7ekmece Say\u0131s\u0131<\/b><\/td>\n<p><!-- Col 1 --><\/p>\n<td>: 4 Adet merkezi Kilitli \u00c7ekmece<\/td>\n<p><!-- Col 2 --><\/p><\/tr>\n<tr><!-- Row 7 -->\n<td><b>Kilitleme Mekanizmas\u0131 <\/b><\/td>\n<p><!-- Col 1 --><\/p>\n<td>: Elektronik \u015fifreli Kilitleme Sistemi<\/td>\n<p><!-- Col 2 --><\/p><\/tr>\n<tr><!-- Row 8 -->\n<td><b>Yang\u0131n S\u0131n\u0131f\u0131 <\/b><\/td>\n<p><!-- Col 1 --><\/p>\n<td>: En \u00fcst sertifika derecesi- 1090oC 60 dakika dayan\u0131m<\/td>\n<p><!-- Col 2 --><\/p><\/tr>\n<\/tbody>\n<\/table>\n<p><span><b>Elektronik \u015fifreli yang\u0131nda dayan\u0131kl\u0131 dosya dolab\u0131 ayn\u0131 zamanda \u00e7elikkasa \u00f6zelliklerine sahiptir ve elektronik \u015fifreli kilitleme mekanizmas\u0131 ile anahtar ta\u015f\u0131ma zahmetini, anahtar kaybetme riskini ortadan kald\u0131r\u0131r, g\u00fcn i\u00e7inde defalarca a\u00e7\u0131p kapamay\u0131 kolayla\u015ft\u0131r\u0131r ve g\u00fcvenli koruma sa\u011flar.<\/b><\/span><\/p>\n<hr size='\\\"2\\\"'>\n<p><strong>Sertifikalar<\/strong><\/p>\n<hr size='\\\"2\\\"'>\n<ul>\n<li style=\"list-style-type: none;\">\n<ul>\n<li>Avrupa Birli\u011fi Normlar\u0131na ( EN) uygundur.<\/li>\n<li>NT Fire 017 90 Paper yang\u0131na dayan\u0131kl\u0131l\u0131k EN (Avrupa normlar\u0131) sertifikalar\u0131na sahiptir. *SP onayl\u0131 (Swedish National Testing and Research Institute), 1090 derece s\u0131cakl\u0131kta 60 dakika dosya ( ka\u011f\u0131t) yang\u0131n g\u00fcvenli\u011fi sertifikas\u0131)<\/li>\n<li>ISO 9001 -2008 &amp; ISO 9001-2009 kalite sertifikalar\u0131na sahiptir.<\/li>\n<\/ul>\n<\/li>\n<\/ul>\n<p><strong>Yang\u0131n G\u00fcvenli\u011fi<\/strong><\/p>\n<hr size='\\\"2\\\"'>\n<ul>\n<li style=\"list-style-type: none;\">\n<ul>\n<li>1090 oC derece \u0131s\u0131ya 90 dakika dayan\u0131kl\u0131d\u0131r. En \u00fcst yang\u0131n dayan\u0131kl\u0131 \u00e7elik kasa standard\u0131na sahiptir.<\/li>\n<li>En az 90 dakika yang\u0131n s\u00fcresince, i\u00e7 s\u0131cakl\u0131k 150<sup>o<\/sup>C dereceyi ge\u00e7mez. ( ka\u011f\u0131t bozulma s\u0131cakl\u0131\u011f\u0131)<\/li>\n<li>S\u0131cakl\u0131k, duman, buhar, nem di\u011fer fiziksel etkilere kar\u015f\u0131 tam koruma sa\u011flar.<\/li>\n<li>Yang\u0131n, su, korozif gaz ve dumana kar\u015f\u0131 dayan\u0131kl\u0131 dayan\u0131kl\u0131d\u0131r.<\/li>\n<li>\u00dc\u00e7l\u00fc ge\u00e7me sistemli kapak aral\u0131klar\u0131 maksimum g\u00fcvenlik sa\u011flar.<\/li>\n<li>Depreme kar\u015f\u0131 dayan\u0131kl\u0131d\u0131r.<\/li>\n<\/ul>\n<\/li>\n<\/ul>\n<p><strong>Kilitleme Sistemi<\/strong><\/p>\n<hr size='\\\"2\\\"'>\n<ul>\n<li style=\"list-style-type: none;\">\n<ul>\n<li>Elektronik \u015eifreli Kilit Sistemi, Panik kapama \u00f6zelli\u011fine sahiptir. Kapak kapat\u0131ld\u0131\u011f\u0131nda otomatik kilitlenir (Standart olarak sunulur).<\/li>\n<li>Elektronik kilit, 4-16 basamakl\u0131 iki ayr\u0131 \u015fifre ile kullan\u0131labilir.<\/li>\n<li>Kasan\u0131z\u0131 kullan\u0131rken etrafta birileri varsa, \u015fifrenizin ba\u015f\u0131na ya da sonuna rastgele rakamlar girerer \u015fa\u015f\u0131rtma uygulanabilir.<\/li>\n<li>\u00c7elik kilitleme milleri ve ge\u00e7me sistemi ile h\u0131rs\u0131zl\u0131\u011fa kar\u015f\u0131 tam koruma sa\u011flar.<\/li>\n<\/ul>\n<\/li>\n<\/ul>\n<p><strong>\u0130\u00e7 D\u00fczen Ekipmanlar\u0131<\/strong><\/p>\n<hr size='\\\"2\\\"'>\n<ul>\n<li style=\"list-style-type: none;\">\n<ul>\n<li>\u00c7ekmeceler \u00e7ok say\u0131da dok\u00fcman\u0131 saklayacak kadar geni\u015f ve derindir. Ek olarak dosyalar\u0131n\u0131z i\u00e7in de \u00f6zel ask\u0131 aparat\u0131, tasnif kolayl\u0131\u011f\u0131 i\u00e7in i\u00e7 b\u00f6lme aparat\u0131 bulunmaktad\u0131r.<\/li>\n<li>Dayan\u0131kl\u0131 \u00e7ekmece raylar\u0131 \u00e7ekmecenin kolayca ve sonuna kadar a\u00e7\u0131l\u0131p kapanmas\u0131n\u0131 sa\u011flar. 50 kg \u2018a kadar a\u011f\u0131rl\u0131\u011fa kar\u015f\u0131 dahi bu dayan\u0131kl\u0131l\u0131\u011f\u0131n\u0131 muhafaza eder.<\/li>\n<li>Kartoteks tipi, ask\u0131l\u0131 dosya kullan\u0131m\u0131 i\u00e7in uygundur.<\/li>\n<li>Data Insert (opsiyonel) ile \u00e7ekmecelerden biri, CD, DLT\/ LTO kartu\u015f, harddisk vs saklamak i\u00e7in data kasas\u0131 olarak kullan\u0131labilir. ( 1090oC s\u0131cakl\u0131kta i\u00e7 s\u0131cakl\u0131k maksimum 35oC, 120 dakika dayan\u0131kl\u0131l\u0131k.<\/li>\n<\/ul>\n<\/li>\n<\/ul>\n<p><strong>Kullan\u0131m Alanlar\u0131 <\/strong><\/p>\n<hr size='\\\"2\\\"'>\n<ul>\n<li style=\"list-style-type: none;\">\n<ul>\n<li>Her t\u00fcrl\u00fc i\u015fyerinde, ofis kasas\u0131, dosya kasas\u0131, evrak kasas\u0131 olarak kullan\u0131labilir. Evrak, dosya, nakit, \u00e7ek, senet, tapu, s\u00f6zle\u015fme vs gibi de\u011ferli yang\u0131n ve h\u0131rs\u0131zl\u0131k olaylar\u0131na kar\u015f\u0131 korur.<\/li>\n<li>Otel, hastane, okul, benzin istasyonu gibi kurumlarda muhasebe kasas\u0131 olarak kullan\u0131labilir.<\/li>\n<li>Kamu kurumlar\u0131nda de\u011ferli evrak ve dosya kasas\u0131, ar\u015fiv kasas\u0131 olarak kullan\u0131labilir. Ask\u0131l\u0131 dosya ar\u015fivlemesine uygundur.<\/li>\n<li>ISO 27001 veri g\u00fcvenli\u011fi y\u00f6netim sistemi uygulayan firmalar i\u00e7in bas\u0131l\u0131 evrak veri g\u00fcvenli\u011fi ko\u015fullar\u0131n\u0131 sa\u011flar, klas\u00f6r s\u0131\u011far.Data insert kullan\u0131larak, \u00e7ekmecelerden bir ya da birka\u00e7\u0131 data kasas\u0131 olarak CD, LTO, DLT gibi yedekleme \u00fcniteleri i\u00e7in kullan\u0131labilir<\/li>\n<\/ul>\n<\/li>\n<\/ul>\n<hr size='\\\"2\\\"'>\n<p><strong>Garanti <\/strong><\/p>\n<p>T\u00fcm \u00fcretim hatalar\u0131na kar\u015f\u0131 en az 2 (iki) y\u0131l garantilidir.<\/p>\n<\/body>","protected":false},"excerpt":{"rendered":"<p>\u0130\u015fyerlerinde kartoteks tiip ask\u0131l\u0131 dosya, klas\u00f6r, senet , \u00e7ek gibi evraklar\u0131 h\u0131rs\u0131zl\u0131k ve en az 1 saat yang\u0131na kar\u015f\u0131 da&hellip;<\/p>\n","protected":false},"featured_media":138,"comment_status":"open","ping_status":"closed","template":"","meta":[],"product_brand":[],"product_cat":[24],"product_tag":[],"class_list":{"0":"post-137","1":"product","2":"type-product","3":"status-publish","4":"has-post-thumbnail","6":"product_cat-dokuman-kasasi","8":"first","9":"instock","10":"taxable","11":"shipping-taxable","12":"purchasable","13":"product-type-simple"},"jetpack_sharing_enabled":true,"_links":{"self":[{"href":"https:\/\/www.celikkasa.com\/2019\/wp-json\/wp\/v2\/product\/137","targetHints":{"allow":["GET"]}}],"collection":[{"href":"https:\/\/www.celikkasa.com\/2019\/wp-json\/wp\/v2\/product"}],"about":[{"href":"https:\/\/www.celikkasa.com\/2019\/wp-json\/wp\/v2\/types\/product"}],"replies":[{"embeddable":true,"href":"https:\/\/www.celikkasa.com\/2019\/wp-json\/wp\/v2\/comments?post=137"}],"wp:featuredmedia":[{"embeddable":true,"href":"https:\/\/www.celikkasa.com\/2019\/wp-json\/wp\/v2\/media\/138"}],"wp:attachment":[{"href":"https:\/\/www.celikkasa.com\/2019\/wp-json\/wp\/v2\/media?parent=137"}],"wp:term":[{"taxonomy":"product_brand","embeddable":true,"href":"https:\/\/www.celikkasa.com\/2019\/wp-json\/wp\/v2\/product_brand?post=137"},{"taxonomy":"product_cat","embeddable":true,"href":"https:\/\/www.celikkasa.com\/2019\/wp-json\/wp\/v2\/product_cat?post=137"},{"taxonomy":"product_tag","embeddable":true,"href":"https:\/\/www.celikkasa.com\/2019\/wp-json\/wp\/v2\/product_tag?post=137"}],"curies":[{"name":"wp","href":"https:\/\/api.w.org\/{rel}","templated":true}]}}