{"id":133,"date":"2019-07-07T13:49:06","date_gmt":"2019-07-07T12:49:06","guid":{"rendered":"https:\/\/www.celikkasa.com\/2019\/?post_type=product&#038;p=133"},"modified":"2021-03-11T17:27:13","modified_gmt":"2021-03-11T16:27:13","slug":"qs-043-otel-oda-kasasi","status":"publish","type":"product","link":"https:\/\/www.celikkasa.com\/2019\/urun\/qs-043-otel-oda-kasasi\/","title":{"rendered":"QS 043 Otel Oda Kasas\u0131"},"content":{"rendered":"<body><p><strong>Tam Otomatik, Motorlu, Ekranl\u0131, Kredi Kartl\u0131 \u00c7elik Otel Oda Kasas\u0131\u00a0<\/strong>(\u0130thal)<\/p>\n<hr size='\\\"2\\\"'>\n<ul>\n<li style=\"list-style-type: none;\">\n<ul>\n<li>Kredi kart\u0131 ya da elektronik \u015fifre ile kullan\u0131m<\/li>\n<li>6 Basamakl\u0131 parlak LED ekran ile t\u00fcm i\u015flemleri ekrandan izleyebilme.<\/li>\n<li>Daha fazla g\u00fczenlik i\u00e7in, 4-6 basamakl\u0131 \u015fifre \u00f6zg\u00fcrl\u00fc\u011f\u00fc<\/li>\n<li>Ekstra g\u00fcvenlik i\u00e7in, ekranda kod gizleme se\u00e7ene\u011fi.<\/li>\n<li>3 hatal\u0131 \u015fifre denemesinde 15 dakika bloke olma \u00f6zelli\u011fi<\/li>\n<li>Otel odalalr\u0131nda dolaplar\u0131n i\u00e7ine yerle\u015ftirilirek, i\u00e7inden arkadan duvara ya da alltan zemine montaj imkan\u0131.<\/li>\n<li>Acil durumlar yedek anahtarl\u0131 mekanizma.<\/li>\n<\/ul>\n<\/li>\n<\/ul>\n<p>T\u00fcm otel, hastane, \u00f6\u011frenci yurdu odalar\u0131nda, her t\u00fcrl\u00fc nakit para, laptop bilgisayar gibi de\u011ferleri h\u0131rs\u0131zl\u0131k kar\u015f\u0131 tam olarak korumak i\u00e7in tasarlanm\u0131\u015f, en geli\u015fmi\u015f \u00e7elik otel oda kasas\u0131.Tam otomatik, elektronik \u015fifreli, ekranl\u0131, geli\u015fmi\u015f kilitleme mekanizmas\u0131 ile otel y\u00f6netimi i\u00e7in sorunsuz ve kolay kullan\u0131m\u0131, fazladan i\u015fg\u00fcc\u00fc kayb\u0131n\u0131 ve suistimalleri \u00f6nler, y\u0131llarca \u015f\u0131k ve g\u00fcvenli koruma sa\u011flar.<\/p>\n<hr size='\\\"2\\\"'>\n<p><strong>\u0130\u00e7inden alt ya da arkadan monte edilerek sabitlenir, kasa kapa\u011f\u0131 a\u00e7\u0131lmadan ta\u015f\u0131namaz.<\/strong><\/p>\n<table border='\\\"0\\\"'>\n<tbody>\n<tr>\n<td width='\\\"179\\\"'><strong>Model<\/strong><\/td>\n<td width='\\\"19\\\"'><strong>:<\/strong><\/td>\n<td width='\\\"%100\\\"'><strong>QS 043Otomatik Otel Kasas\u0131 ( Ekranl\u0131, Motorlu)\\r\\n<\/strong><\/td>\n<\/tr>\n<tr>\n<td width='\\\"179\\\"'><strong>D\u0131\u015f \u00d6l\u00e7\u00fcler <\/strong><\/td>\n<td width='\\\"19\\\"'><strong>:<\/strong><\/td>\n<td width='\\\"%100\\\"'>Y 195 x G 430 x D 370 (mm)<\/td>\n<\/tr>\n<tr>\n<td width='\\\"179\\\"'><strong>\u0130\u00e7 \u00d6l\u00e7\u00fcler <\/strong><\/td>\n<td width='\\\"19\\\"'><strong>:<\/strong><\/td>\n<td width='\\\"%100\\\"'>Y 183 x G 425 x D 300(mm)<\/td>\n<\/tr>\n<tr>\n<td width='\\\"179\\\"'><strong>A\u011f\u0131rl\u0131k<\/strong><\/td>\n<td width='\\\"19\\\"'><strong>:<\/strong><\/td>\n<td width='\\\"%100\\\"'>14 Kg.(\u0130\u00e7inden Zemine montaj)<\/td>\n<\/tr>\n<tr>\n<td width='\\\"179\\\"'><strong>Hacim<\/strong><\/td>\n<td width='\\\"19\\\"'><strong>:<\/strong><\/td>\n<td width='\\\"%100\\\"'>23 Lt.<\/td>\n<\/tr>\n<tr>\n<td width='\\\"%100\\\"'><strong>\u00c7elik Kal\u0131nl\u0131\u011f\u0131<\/strong><\/td>\n<td width='\\\"19\\\"'><strong>:<\/strong><\/td>\n<td width='\\\"%100\\\"'>5 mm Kapak \u2013 2 mm G\u00f6vde<\/td>\n<\/tr>\n<tr>\n<td width='\\\"%100\\\"'><strong>Kilitleme Mekanizmas\u0131<\/strong><\/td>\n<td width='\\\"19\\\"'><strong>:<\/strong><\/td>\n<td width='\\\"%100\\\"'>Elektronik \u015eifreli ve Kredi kartl\u0131 Tam Otomatik Kilitleme Sistemi<\/td>\n<\/tr>\n<tr>\n<td width='\\\"179\\\"'><strong>Acil A\u00e7ma <\/strong><\/td>\n<td width='\\\"19\\\"'><strong>:<\/strong><\/td>\n<td width='\\\"%100\\\"'>Yedek anahtarl\u0131 kilit mekanizmas\u0131<\/td>\n<\/tr>\n<tr>\n<td width='\\\"179\\\"'><strong>Montaj<\/strong><\/td>\n<td width='\\\"19\\\"'><strong>:<\/strong><\/td>\n<td width='\\\"%100\\\"'><strong>Alt ya da arkadan iki\u015fer toplam 4 montaj ba\u011flant\u0131 deligi<\/strong><\/td>\n<\/tr>\n<\/tbody>\n<\/table>\n<h3><em><strong>Genel Kullan\u0131m \u00d6zellikleri<\/strong><\/em><\/h3>\n<ul>\n<li style=\"list-style-type: none;\">\n<ul>\n<li>Yeni nesil, kredi kartl\u0131 ve elektronik \u015fifreli tam otomatik motorlu otel kasas\u0131d\u0131r.<\/li>\n<li>4-6 basamakl\u0131 \u015fifre basit ve g\u00fcvenli kullan\u0131m sa\u011flar. Do\u011fru \u015fifre girildi\u011finde otomatik olarak a\u00e7\u0131l\u0131r.<\/li>\n<li>6 basamakl\u0131 parlak \u0131\u015f\u0131kl\u0131 k\u0131rm\u0131z\u0131 renk ekran ile yap\u0131lan i\u015flemler ekrandan izlenebilir.<\/li>\n<li>6 Basamakl\u0131 Master Kod tan\u0131mlanabilir.<\/li>\n<li>Tam dolu \u00e7elikten yap\u0131lm\u0131\u015f otomatik hareketli 2 adet kilitleme mili ile tam ve g\u00fcvenli kilitleme sa\u011flar.<\/li>\n<li>A\u00e7\u0131ld\u0131, kapand\u0131, hata , zay\u0131f pil ve bak\u0131m uyar\u0131lar\u0131 ekranda izlenebilir.<\/li>\n<li>Her fonksiyon i\u00e7in sesli uyar\u0131lar mevcuttur.<\/li>\n<li>G\u00fcvenli kilitleme \u00f6zelli\u011fi. \u2013Kilitleme milleri %100 kilitlendi\u011finde ekranda \u201cCLOSED\u201d kapal\u0131 uyar\u0131s\u0131 g\u00f6r\u00fclebilir.<\/li>\n<li>3 hatal\u0131 a\u00e7ma giri\u015fimi sonunda 15 dakika bloke olur, yeni \u015fifre denemelerini kabul etmez.<\/li>\n<li>Piller zay\u0131flad\u0131\u011f\u0131nda kilitleme korumas\u0131 ile \u00e7elik kasan\u0131z pilinizi de\u011fi\u015ftirmeniz i\u00e7in sizi uyar\u0131r.<\/li>\n<li>Acil durumlar i\u00e7in mekanik anahtar ile sadece otel yetkili personelleri, kasay\u0131 a\u00e7abilir.<\/li>\n<\/ul>\n<\/li>\n<\/ul>\n<p><strong>Kullan\u0131m Alanlar\u0131\u00a0<\/strong><\/p>\n<hr size='\\\"2\\\"'>\n<ul>\n<li style=\"list-style-type: none;\">\n<ul>\n<li>Otel, hastane, okul, \u00f6\u011frenci yurdu gibi \u00e7oklu konaklama yap\u0131lan t\u00fcm i\u015fletmelerde ve kurumlarda oda kasas\u0131 olarak kullan\u0131labilir.<\/li>\n<\/ul>\n<\/li>\n<\/ul>\n<hr size='\\\"2\\\"'>\n<p><strong>Garanti<\/strong><\/p>\n<p>T\u00fcm \u00fcretim hatalar\u0131na kar\u015f\u0131 en az 2 (iki) y\u0131l garantilidir.<\/p>\n<p>\u00a0<\/p>\n<\/body>","protected":false},"excerpt":{"rendered":"<p>Tam Otomatik, Motorlu, Ekranl\u0131, Kredi Kartl\u0131 \u00c7elik Otel Oda Kasas\u0131\u00a0(\u0130thal) Kredi kart\u0131 ya da elektronik \u015fifre ile kullan\u0131m 6 Basamakl\u0131&hellip;<\/p>\n","protected":false},"featured_media":134,"comment_status":"open","ping_status":"closed","template":"","meta":[],"product_brand":[],"product_cat":[21],"product_tag":[],"class_list":{"0":"post-133","1":"product","2":"type-product","3":"status-publish","4":"has-post-thumbnail","6":"product_cat-otel-kasasi","8":"first","9":"instock","10":"taxable","11":"shipping-taxable","12":"product-type-simple"},"jetpack_sharing_enabled":true,"_links":{"self":[{"href":"https:\/\/www.celikkasa.com\/2019\/wp-json\/wp\/v2\/product\/133","targetHints":{"allow":["GET"]}}],"collection":[{"href":"https:\/\/www.celikkasa.com\/2019\/wp-json\/wp\/v2\/product"}],"about":[{"href":"https:\/\/www.celikkasa.com\/2019\/wp-json\/wp\/v2\/types\/product"}],"replies":[{"embeddable":true,"href":"https:\/\/www.celikkasa.com\/2019\/wp-json\/wp\/v2\/comments?post=133"}],"wp:featuredmedia":[{"embeddable":true,"href":"https:\/\/www.celikkasa.com\/2019\/wp-json\/wp\/v2\/media\/134"}],"wp:attachment":[{"href":"https:\/\/www.celikkasa.com\/2019\/wp-json\/wp\/v2\/media?parent=133"}],"wp:term":[{"taxonomy":"product_brand","embeddable":true,"href":"https:\/\/www.celikkasa.com\/2019\/wp-json\/wp\/v2\/product_brand?post=133"},{"taxonomy":"product_cat","embeddable":true,"href":"https:\/\/www.celikkasa.com\/2019\/wp-json\/wp\/v2\/product_cat?post=133"},{"taxonomy":"product_tag","embeddable":true,"href":"https:\/\/www.celikkasa.com\/2019\/wp-json\/wp\/v2\/product_tag?post=133"}],"curies":[{"name":"wp","href":"https:\/\/api.w.org\/{rel}","templated":true}]}}