{"id":129,"date":"2019-07-07T13:42:46","date_gmt":"2019-07-07T12:42:46","guid":{"rendered":"https:\/\/www.celikkasa.com\/2019\/?post_type=product&#038;p=129"},"modified":"2023-08-26T14:35:53","modified_gmt":"2023-08-26T13:35:53","slug":"ds1530-data-saklama-kasasi","status":"publish","type":"product","link":"https:\/\/www.celikkasa.com\/2019\/urun\/ds1530-data-saklama-kasasi\/","title":{"rendered":"DS1530 Data Saklama Kasas\u0131"},"content":{"rendered":"<body><p><b><span>NT Fire 017 Sertifikal\u0131 ithal data kasas\u0131, t\u00fcm d\u00fcnyada uluslararas\u0131 data yang\u0131n sertifikas\u0131na sahip en k\u00fc\u00e7\u00fck \u00e7elik data saklama kasas\u0131 modellerindendir. K\u00fc\u00e7\u00fck i\u015fletmeler, ofisler, evlerdeki az say\u0131da data back-up kartu\u015flar\u0131n\u0131 yang\u0131n ve h\u0131rs\u0131zl\u0131ktan koruyabilmek i\u00e7in en ideal sertfikal\u0131 \u00e7elik kasa \u00e7\u00f6z\u00fcm\u00fcd\u00fcr.<\/span><\/b><\/p>\n<table border='\\\"1\\\"'>\n<tbody>\n<tr><!-- Row 1 -->\n<td><b>Model <\/b><\/td>\n<p><!-- Col 1 --><\/p>\n<td>: DS1530 Data Saklama Kasas\u0131 (Yang\u0131na Dayan\u0131kl\u0131, Sertifikal\u0131)<\/td>\n<p><!-- Col 2 --><\/p><\/tr>\n<tr><!-- Row 2 -->\n<td><b>D\u0131\u015f \u00d6l\u00e7\u00fcler<\/b><\/td>\n<p><!-- Col 1 --><\/p>\n<td>: 522 X 404 X 440 mm (YxGxD)<\/td>\n<p><!-- Col 2 --><\/p><\/tr>\n<tr><!-- Row 3 -->\n<td><b>\u0130\u00e7 \u00d6l\u00e7\u00fcler<\/b><\/td>\n<p><!-- Col 1 --><\/p>\n<td>: 314 X 197 X 201 mm (YxGxD)<\/td>\n<p><!-- Col 2 --><\/p><\/tr>\n<tr><!-- Row 4 -->\n<td><b>A\u011f\u0131rl\u0131k <\/b><\/td>\n<p><!-- Col 1 --><\/p>\n<td>: 65 Kg<\/td>\n<p><!-- Col 2 --><\/p><\/tr>\n<tr><!-- Row 5 -->\n<td><b>Hacim <\/b><\/td>\n<p><!-- Col 1 --><\/p>\n<td>: 12,4 Litre<\/td>\n<p><!-- Col 2 --><\/p><\/tr>\n<tr><!-- Row 6 -->\n<td><b>Kartu\u015f Kapasitesi<\/b><\/td>\n<p><!-- Col 1 --><\/p>\n<td>: 36 Adet LTO Kartu\u015f (kutusuz)<\/td>\n<p><!-- Col 2 --><\/p><\/tr>\n<tr><!-- Row 7 -->\n<td><b>Kilitleme Mekanizmas\u0131 <\/b><\/td>\n<p><!-- Col 1 --><\/p>\n<td>: Elektronik \u015fifreli Kilitleme Sistemi<\/td>\n<p><!-- Col 2 --><\/p><\/tr>\n<tr><!-- Row 8 -->\n<td><b>Yang\u0131n S\u0131n\u0131f\u0131 <\/b><\/td>\n<p><!-- Col 1 --><\/p>\n<td>: 1090oC S\u0131cakl\u0131kta en az 60 dakika<\/td>\n<p><!-- Col 2 --><\/p><\/tr>\n<tr><!-- Row 8 -->\n<td><b>Sertifika<\/b><\/td>\n<p><!-- Col 1 --><\/p>\n<td>: NT Fire 017 60 Diskette<\/td>\n<p><!-- Col 2 --><\/p><\/tr>\n<\/tbody>\n<\/table>\n<p><span><b>Elektronik \u015fifreli kilitleme mekanizmas\u0131yla kolay kullan\u0131m ve tam g\u00fcvenlik sa\u011flarken, 12 Lt hacmiyle CD, DLT, LT0 kartu\u015f, harddisk gibi data saklama \u00fcnitelerinizi yang\u0131ndan korur. 90 dakika boyunca 1090 derece yang\u0131nda i\u00e7 s\u0131cakl\u0131\u011f\u0131 50 oC dereceyi ge\u00e7mez. Elektronik \u015fifreli \u00e7elikkasa, kilitleme mekanizmas\u0131 ile anahtar ta\u015f\u0131ma zahmetini, anahtar kaybetme riskini ortadan kald\u0131r\u0131r, g\u00fcn i\u00e7inde defalarca a\u00e7\u0131p kapamay\u0131 kolayla\u015ft\u0131r\u0131r ve g\u00fcvenli koruma sa\u011flar.<\/b><\/span><\/p>\n<p><strong>Sertifikalar<\/strong><\/p>\n<hr size='\\\"2\\\"'>\n<ul>\n<li style=\"list-style-type: none;\">\n<ul>\n<li>Avrupa Birli\u011fi Normlar\u0131na ( EN) uygundur.<\/li>\n<li>NT Fire 017 90 Paper yang\u0131na dayan\u0131kl\u0131l\u0131k EN (Avrupa normlar\u0131) sertifikalar\u0131na sahiptir. *SP onayl\u0131 (Swedish National Testing and Research Institute), 1090 derece s\u0131cakl\u0131kta 60 dakika dosya ( ka\u011f\u0131t) yang\u0131n g\u00fcvenli\u011fi sertifikas\u0131)<\/li>\n<li>ISO 9001 -2008 &amp; ISO 9001-2009 kalite sertifikalar\u0131na sahiptir.<\/li>\n<\/ul>\n<\/li>\n<\/ul>\n<p><strong>Yang\u0131n G\u00fcvenli\u011fi<\/strong><\/p>\n<hr size='\\\"2\\\"'>\n<ul>\n<li style=\"list-style-type: none;\">\n<ul>\n<li>1090 oC derece \u0131s\u0131ya 90 dakika dayan\u0131kl\u0131d\u0131r. En \u00fcst yang\u0131n dayan\u0131kl\u0131 \u00e7elik kasa standard\u0131na sahiptir.<\/li>\n<li>En az 90 dakika yang\u0131n s\u00fcresince, i\u00e7 s\u0131cakl\u0131k 150<sup>o<\/sup>C dereceyi ge\u00e7mez. ( ka\u011f\u0131t bozulma s\u0131cakl\u0131\u011f\u0131)<\/li>\n<li>S\u0131cakl\u0131k, duman, buhar, nem di\u011fer fiziksel etkilere kar\u015f\u0131 tam koruma sa\u011flar.<\/li>\n<li>Yang\u0131n, su, korozif gaz ve dumana kar\u015f\u0131 dayan\u0131kl\u0131 dayan\u0131kl\u0131d\u0131r.<\/li>\n<li>\u00dc\u00e7l\u00fc ge\u00e7me sistemli kapak aral\u0131klar\u0131 maksimum g\u00fcvenlik sa\u011flar.<\/li>\n<li>Depreme kar\u015f\u0131 dayan\u0131kl\u0131d\u0131r.<\/li>\n<\/ul>\n<\/li>\n<\/ul>\n<p><strong>Kilitleme Sistemi<\/strong><\/p>\n<hr size='\\\"2\\\"'>\n<ul>\n<li style=\"list-style-type: none;\">\n<ul>\n<li>Elektronik \u015eifreli Kilit Sistemi, Panik kapama \u00f6zelli\u011fine sahiptir. Kapak kapat\u0131ld\u0131\u011f\u0131nda otomatik kilitlenir (Standart olarak sunulur).<\/li>\n<li>Elektronik kilit, 4-16 basamakl\u0131 iki ayr\u0131 \u015fifre ile kullan\u0131labilir.<\/li>\n<li>Kasan\u0131z\u0131 kullan\u0131rken etrafta birileri varsa, \u015fifrenizin ba\u015f\u0131na ya da sonuna rastgele rakamlar girerer \u015fa\u015f\u0131rtma uygulanabilir.<\/li>\n<li>\u00c7elik kilitleme milleri ve ge\u00e7me sistemi ile h\u0131rs\u0131zl\u0131\u011fa kar\u015f\u0131 tam koruma sa\u011flar.<\/li>\n<\/ul>\n<\/li>\n<\/ul>\n<p><strong>\u0130\u00e7 D\u00fczen Ekipmanlar\u0131<\/strong><\/p>\n<hr size='\\\"2\\\"'>\n<ul>\n<li style=\"list-style-type: none;\">\n<ul>\n<li>Ayarlanabilir i\u00e7 raf sistemine sahiptir.<\/li>\n<li>Kilitli \u00e7ekmecesi ile, kasa i\u00e7inde ayr\u0131ca bir g\u00fcvenli b\u00f6l\u00fcm kullan\u0131labilir.<\/li>\n<li>36 Adet LTO Ultrium, LTO4, LTO5 kartu\u015f, 20 adet DLT kartu\u015f kapasitesine sahiptir..<\/li>\n<\/ul>\n<\/li>\n<\/ul>\n<p><strong>Kullan\u0131m Alanlar\u0131 <\/strong><\/p>\n<hr size='\\\"2\\\"'>\n<ul>\n<li style=\"list-style-type: none;\">\n<ul>\n<li>Boyutlar\u0131 ofislerde her t\u00fcrl\u00fc bilgi yedeklerinin DLT, LTO kartu\u015f, CD , DVD ya da hardisk lerin fiziksel g\u00fcvenli\u011fi i\u00e7in uygundur. Her t\u00fcrl\u00fc i\u015fyerinde, veri saklama kasas\u0131, data kasas\u0131, olarak kullan\u0131labilir. Verilerini ve medyalar\u0131n\u0131z yang\u0131n ve h\u0131rs\u0131zl\u0131k olaylar\u0131na kar\u015f\u0131 uluslaras\u0131 standartlarda korur.<\/li>\n<li>Otel, hastane, okul, benzin istasyonu gibi kurumlarda data kasas\u0131 olarak kullan\u0131labilir.<\/li>\n<li>De\u011ferli ila\u00e7lar\u0131 h\u0131rs\u0131zl\u0131k ve yang\u0131ndan korumak i\u00e7in eczane kasas\u0131 olarak kullan\u0131labilir.<\/li>\n<li>Kamu kurumlar\u0131nda az say\u0131daki veri yedeklerinin korunmas\u0131 i\u00e7in kullan\u0131labilir.<\/li>\n<li>Evlerde ki\u015fisel kasa kullan\u0131m\u0131na uygundur. Laptop, hardisk, dvd cd ar\u015fivi, dijital foto , video yedekleri , yaz\u0131l\u0131m kopyalar\u0131 gibi her t\u00fcrl\u00fc veriyi fiziksel etkilere kar\u015f\u0131 tam olarak korur.<\/li>\n<li>ISO 27001 veri g\u00fcvenli\u011fi y\u00f6netim sistemi uygulayan firmalar i\u00e7in veri g\u00fcvenli\u011fi ko\u015fullar\u0131n\u0131 sa\u011flar, denetim kurulu\u015flar\u0131nca ge\u00e7erli sertifikalara sahiptir..<\/li>\n<\/ul>\n<\/li>\n<\/ul>\n<hr size='\\\"2\\\"'>\n<p><strong>Garanti<\/strong><\/p>\n<p>T\u00fcm \u00fcretim hatalar\u0131na kar\u015f\u0131 en az 2 (iki) y\u0131l garantilidir.<\/p>\n<\/body>","protected":false},"excerpt":{"rendered":"<p>NT Fire 017 Sertifikal\u0131 ithal data kasas\u0131, t\u00fcm d\u00fcnyada uluslararas\u0131 data yang\u0131n sertifikas\u0131na sahip en k\u00fc\u00e7\u00fck \u00e7elik data saklama kasas\u0131&hellip;<\/p>\n","protected":false},"featured_media":131,"comment_status":"open","ping_status":"closed","template":"","meta":[],"product_brand":[],"product_cat":[18],"product_tag":[],"class_list":{"0":"post-129","1":"product","2":"type-product","3":"status-publish","4":"has-post-thumbnail","6":"product_cat-data-kasa","8":"first","9":"instock","10":"taxable","11":"shipping-taxable","12":"purchasable","13":"product-type-simple"},"jetpack_sharing_enabled":true,"_links":{"self":[{"href":"https:\/\/www.celikkasa.com\/2019\/wp-json\/wp\/v2\/product\/129","targetHints":{"allow":["GET"]}}],"collection":[{"href":"https:\/\/www.celikkasa.com\/2019\/wp-json\/wp\/v2\/product"}],"about":[{"href":"https:\/\/www.celikkasa.com\/2019\/wp-json\/wp\/v2\/types\/product"}],"replies":[{"embeddable":true,"href":"https:\/\/www.celikkasa.com\/2019\/wp-json\/wp\/v2\/comments?post=129"}],"wp:featuredmedia":[{"embeddable":true,"href":"https:\/\/www.celikkasa.com\/2019\/wp-json\/wp\/v2\/media\/131"}],"wp:attachment":[{"href":"https:\/\/www.celikkasa.com\/2019\/wp-json\/wp\/v2\/media?parent=129"}],"wp:term":[{"taxonomy":"product_brand","embeddable":true,"href":"https:\/\/www.celikkasa.com\/2019\/wp-json\/wp\/v2\/product_brand?post=129"},{"taxonomy":"product_cat","embeddable":true,"href":"https:\/\/www.celikkasa.com\/2019\/wp-json\/wp\/v2\/product_cat?post=129"},{"taxonomy":"product_tag","embeddable":true,"href":"https:\/\/www.celikkasa.com\/2019\/wp-json\/wp\/v2\/product_tag?post=129"}],"curies":[{"name":"wp","href":"https:\/\/api.w.org\/{rel}","templated":true}]}}