{"id":126,"date":"2019-07-07T13:03:00","date_gmt":"2019-07-07T12:03:00","guid":{"rendered":"https:\/\/www.celikkasa.com\/2019\/?post_type=product&#038;p=126"},"modified":"2019-07-07T13:03:03","modified_gmt":"2019-07-07T12:03:03","slug":"fpl120-parmak-izli-celik-kasa","status":"publish","type":"product","link":"https:\/\/www.celikkasa.com\/2019\/urun\/fpl120-parmak-izli-celik-kasa\/","title":{"rendered":"FPL120 Parmak \u0130zli \u00c7elik Kasa"},"content":{"rendered":"<body><p><b><span>Yeni FPL serisi, Parmak izi ve elektronik \u015fifre ile kullan\u0131labilen, geli\u015fmi\u015f Bio-kilit teknoloji ile Ev ve i\u015fyerlerinde nakit para, m\u00fccevher, evrak gibi de\u011ferleri h\u0131rs\u0131zl\u0131k ve 2 saat yang\u0131na kar\u015f\u0131 da tam olarak korumak i\u00e7in tasarlanm\u0131\u015f, NT Fire 017 120 dakika sertifikal\u0131, ithal yanmaz \u00e7elik ofis kasas\u0131.<\/span><\/b><\/p>\n<table border='\\\"1\\\"'>\n<tbody>\n<tr><!-- Row 1 -->\n<td><b>Model <\/b><\/td>\n<p><!-- Col 1 --><\/p>\n<td>: FPL 120 (Parmak \u0130zli, Yang\u0131na Dayan\u0131kl\u0131 ithal \u00c7elik Kasa)<\/td>\n<p><!-- Col 2 --><\/p><\/tr>\n<tr><!-- Row 2 -->\n<td><b>D\u0131\u015f \u00d6l\u00e7\u00fcler<\/b><\/td>\n<p><!-- Col 1 --><\/p>\n<td>: 1220 x 655 x 560 mm (YxGxD)<\/td>\n<p><!-- Col 2 --><\/p><\/tr>\n<tr><!-- Row 3 -->\n<td><b>\u0130\u00e7 \u00d6l\u00e7\u00fcler<\/b><\/td>\n<p><!-- Col 1 --><\/p>\n<td>: 980 x 475 x 350 mm (YxGxD)<\/td>\n<p><!-- Col 2 --><\/p><\/tr>\n<tr><!-- Row 4 -->\n<td><b>A\u011f\u0131rl\u0131k <\/b><\/td>\n<p><!-- Col 1 --><\/p>\n<td>: 228 Kg<\/td>\n<p><!-- Col 2 --><\/p><\/tr>\n<tr><!-- Row 5 -->\n<td><b>Kapasite <\/b><\/td>\n<p><!-- Col 1 --><\/p>\n<td>: 163 Litre<\/td>\n<p><!-- Col 2 --><\/p><\/tr>\n<tr><!-- Row 6 -->\n<td><b>\u00c7ekmece\/Raf Say\u0131s\u0131<\/b><\/td>\n<p><!-- Col 1 --><\/p>\n<td>: 1 Kilitli \u00c7ekmece \/2 Ayarl\u0131 Raf<\/td>\n<p><!-- Col 2 --><\/p><\/tr>\n<tr><!-- Row 7 -->\n<td><b>Kilitleme Mekanizmas\u0131 <\/b><\/td>\n<p><!-- Col 1 --><\/p>\n<td>: Parmak \u0130zli ve Elektronik \u015fifreli Kilitleme Sistemi (100 farkl\u0131 kullan\u0131c\u0131)<\/td>\n<p><!-- Col 2 --><\/p><\/tr>\n<tr><!-- Row 8 -->\n<td><b>Yang\u0131n S\u0131n\u0131f\u0131 <\/b><\/td>\n<p><!-- Col 1 --><\/p>\n<td>: En \u00fcst sertifika derecesi- 1090oC 120 dakika dayan\u0131m<\/td>\n<p><!-- Col 2 --><\/p><\/tr>\n<\/tbody>\n<\/table>\n<p><span><b>Parmak izli \u00e7elikkasa, son teknoloji kilitleme mekanizmas\u0131 ile anahtar ta\u015f\u0131ma zahmetini, \u015fifre unutma ve anahtar kaybetme riskini ortadan kald\u0131r\u0131r, g\u00fcn i\u00e7inde defalarca a\u00e7\u0131p kapamay\u0131 kolayla\u015ft\u0131r\u0131r ve g\u00fcvenli koruma sa\u011flar.<\/b><\/span><\/p>\n<hr size='\\\"2\\\"'>\n<p><strong>Sertifikalar<\/strong><\/p>\n<hr size='\\\"2\\\"'>\n<ul>\n<li style=\"list-style-type: none;\">\n<ul>\n<li>Avrupa Birli\u011fi Normlar\u0131na ( EN) uygundur.<\/li>\n<li>NT Fire 017 90 Paper yang\u0131na dayan\u0131kl\u0131l\u0131k EN (Avrupa normlar\u0131) sertifikalar\u0131na sahiptir. *SP onayl\u0131 (Swedish National Testing and Research Institute), 1090 derece s\u0131cakl\u0131kta 60 dakika dosya ( ka\u011f\u0131t) yang\u0131n g\u00fcvenli\u011fi sertifikas\u0131)<\/li>\n<li>ISO 9001 -2008 &amp; ISO 9001-2009 kalite sertifikalar\u0131na sahiptir.<\/li>\n<\/ul>\n<\/li>\n<\/ul>\n<p><strong>Yang\u0131n G\u00fcvenli\u011fi<\/strong><\/p>\n<hr size='\\\"2\\\"'>\n<ul>\n<li style=\"list-style-type: none;\">\n<ul>\n<li>1090 oC derece \u0131s\u0131ya 90 dakika dayan\u0131kl\u0131d\u0131r. En \u00fcst yang\u0131n dayan\u0131kl\u0131 \u00e7elik kasa standard\u0131na sahiptir.<\/li>\n<li>En az 90 dakika yang\u0131n s\u00fcresince, i\u00e7 s\u0131cakl\u0131k 150<sup>o<\/sup>C dereceyi ge\u00e7mez. ( ka\u011f\u0131t bozulma s\u0131cakl\u0131\u011f\u0131)<\/li>\n<li>S\u0131cakl\u0131k, duman, buhar, nem di\u011fer fiziksel etkilere kar\u015f\u0131 tam koruma sa\u011flar.<\/li>\n<li>Yang\u0131n, su, korozif gaz ve dumana kar\u015f\u0131 dayan\u0131kl\u0131 dayan\u0131kl\u0131d\u0131r.<\/li>\n<li>\u00dc\u00e7l\u00fc ge\u00e7me sistemli kapak aral\u0131klar\u0131 maksimum g\u00fcvenlik sa\u011flar.<\/li>\n<li>Depreme kar\u015f\u0131 dayan\u0131kl\u0131d\u0131r.<\/li>\n<\/ul>\n<\/li>\n<\/ul>\n<p><strong>Kilitleme Sistemi<\/strong><\/p>\n<hr size='\\\"2\\\"'>\n<ul>\n<li style=\"list-style-type: none;\">\n<ul>\n<li>Parmak izi ve Elektronik \u015eifreli Kilit Sistemine sahiptir, ve standart olarak sunulur. Parmak izi ile \u00e7al\u0131\u015fan \u00e7elik kasa kullanmak, anahtar ta\u015f\u0131ma, kaybetme, \u015fifre unutma riskini ortadan kald\u0131r\u0131r, hem g\u00fcvenli hem de kolay kullan\u0131m ile h\u0131rs\u0131zl\u0131\u011fa kar\u015f\u0131 tam koruma sa\u011flar.<\/li>\n<li>Panik kapama \u00f6zelli\u011fine sahiptir. Kapak kapat\u0131ld\u0131\u011f\u0131nda otomatik kilitlenir (Standart olarak sunulur).<\/li>\n<li>100 farkl\u0131 parmak izi tan\u0131mlanabilir, ayn\u0131 zamanda elektronik kilit 4-16 basamakl\u0131 iki ayr\u0131 \u015fifre ile de kullan\u0131labilir.<\/li>\n<li>3 Y\u00f6nl\u00fc 6-12 \u00e7elik kilitleme milleri ile h\u0131rs\u0131zl\u0131\u011fa kar\u015f\u0131 tam koruma sa\u011flar.<\/li>\n<\/ul>\n<\/li>\n<\/ul>\n<p><strong>\u0130\u00e7 D\u00fczen Ekipmanlar\u0131<\/strong><\/p>\n<hr size='\\\"2\\\"'>\n<ul>\n<li style=\"list-style-type: none;\">\n<ul>\n<li>Ayarlanabilir i\u00e7 raf sistemine sahiptir.<\/li>\n<li>Kilitli \u00e7ekmecesi, kasa i\u00e7inde ayr\u0131ca bir g\u00fcvenli b\u00f6l\u00fcm olarak kullan\u0131labilir.<\/li>\n<\/ul>\n<\/li>\n<\/ul>\n<p><strong>Kullan\u0131m Alanlar\u0131 <\/strong><\/p>\n<hr size='\\\"2\\\"'>\n<ul>\n<li style=\"list-style-type: none;\">\n<ul>\n<li>Her t\u00fcrl\u00fc i\u015fyerinde, ofis kasas\u0131, dosya kasas\u0131, para kasas\u0131, evrak kasas\u0131 olarak kullan\u0131labilir. Evrak, dosya, nakit, \u00e7ek, senet, tapu, s\u00f6zle\u015fme vs gibi de\u011ferli yang\u0131n ve h\u0131rs\u0131zl\u0131k olaylar\u0131na kar\u015f\u0131 korur.<\/li>\n<li>Otel, hastane, okul, benzin istasyonu gibi kurumlarda muhasebe kasas\u0131 olarak kullan\u0131labilir.<\/li>\n<li>Evlerde ki\u015fisel ev kasas\u0131 kullan\u0131m\u0131na uygundur. yazl\u0131klar i\u00e7in \u00e7elik kasa olarak yazl\u0131klarda, \u00e7iftliklerde kulan\u0131labilir.\u00c7elik Kasa i\u00e7inden zemine monte edilerek sabitlenir, kapa\u011f\u0131 kapal\u0131yken s\u00f6k\u00fclemez, ta\u015f\u0131namaz.<\/li>\n<li>ISO 27001 veri g\u00fcvenli\u011fi y\u00f6netim sistemi uygulayan firmalar i\u00e7in bas\u0131l\u0131 evrak veri g\u00fcvenli\u011fi ko\u015fullar\u0131n\u0131 sa\u011flar, klas\u00f6r s\u0131\u011far.<\/li>\n<\/ul>\n<\/li>\n<\/ul>\n<hr size='\\\"2\\\"'>\n<p><strong>Garanti<\/strong><\/p>\n<p>T\u00fcm \u00fcretim hatalar\u0131na kar\u015f\u0131 en az 2 (iki) y\u0131l garantilidir.<\/p>\n<\/body>","protected":false},"excerpt":{"rendered":"<p>Yeni FPL serisi, Parmak izi ve elektronik \u015fifre ile kullan\u0131labilen, geli\u015fmi\u015f Bio-kilit teknoloji ile Ev ve i\u015fyerlerinde nakit para, m\u00fccevher,&hellip;<\/p>\n","protected":false},"featured_media":128,"comment_status":"open","ping_status":"closed","template":"","meta":[],"product_brand":[],"product_cat":[17],"product_tag":[],"class_list":{"0":"post-126","1":"product","2":"type-product","3":"status-publish","4":"has-post-thumbnail","6":"product_cat-ofis-tipi-kasa","8":"first","9":"instock","10":"taxable","11":"shipping-taxable","12":"purchasable","13":"product-type-simple"},"jetpack_sharing_enabled":true,"_links":{"self":[{"href":"https:\/\/www.celikkasa.com\/2019\/wp-json\/wp\/v2\/product\/126","targetHints":{"allow":["GET"]}}],"collection":[{"href":"https:\/\/www.celikkasa.com\/2019\/wp-json\/wp\/v2\/product"}],"about":[{"href":"https:\/\/www.celikkasa.com\/2019\/wp-json\/wp\/v2\/types\/product"}],"replies":[{"embeddable":true,"href":"https:\/\/www.celikkasa.com\/2019\/wp-json\/wp\/v2\/comments?post=126"}],"wp:featuredmedia":[{"embeddable":true,"href":"https:\/\/www.celikkasa.com\/2019\/wp-json\/wp\/v2\/media\/128"}],"wp:attachment":[{"href":"https:\/\/www.celikkasa.com\/2019\/wp-json\/wp\/v2\/media?parent=126"}],"wp:term":[{"taxonomy":"product_brand","embeddable":true,"href":"https:\/\/www.celikkasa.com\/2019\/wp-json\/wp\/v2\/product_brand?post=126"},{"taxonomy":"product_cat","embeddable":true,"href":"https:\/\/www.celikkasa.com\/2019\/wp-json\/wp\/v2\/product_cat?post=126"},{"taxonomy":"product_tag","embeddable":true,"href":"https:\/\/www.celikkasa.com\/2019\/wp-json\/wp\/v2\/product_tag?post=126"}],"curies":[{"name":"wp","href":"https:\/\/api.w.org\/{rel}","templated":true}]}}