{"id":122,"date":"2019-07-07T12:55:30","date_gmt":"2019-07-07T11:55:30","guid":{"rendered":"https:\/\/www.celikkasa.com\/2019\/?post_type=product&#038;p=122"},"modified":"2019-10-15T20:07:25","modified_gmt":"2019-10-15T19:07:25","slug":"080-eh-elektronik-sifreli-celik-kasa","status":"publish","type":"product","link":"https:\/\/www.celikkasa.com\/2019\/urun\/080-eh-elektronik-sifreli-celik-kasa\/","title":{"rendered":"080 EH Elektronik \u015eifreli \u00c7elik Kasa"},"content":{"rendered":"<body><p><b><span>Her t\u00fcrl\u00fc nakit para, m\u00fccevher, evrak gibi de\u011ferleri h\u0131rs\u0131zl\u0131k ve yang\u0131na kar\u015f\u0131 da tam olarak korumak i\u00e7in tasarlanm\u0131\u015f, NT Fire 017 sertifikal\u0131,\u0130thal yanmaz \u00e7elik ofis kasas\u0131.<\/span><\/b><\/p>\n<table border='\\\"1\\\"'>\n<tbody>\n<tr><!-- Row 1 -->\n<td><b>Model <\/b><\/td>\n<p><!-- Col 1 --><\/p>\n<td>: 080 EH (Yang\u0131na Dayan\u0131kl\u0131 ithal Kasa)<\/td>\n<p><!-- Col 2 --><\/p><\/tr>\n<tr><!-- Row 2 -->\n<td><b>D\u0131\u015f \u00d6l\u00e7\u00fcler<\/b><\/td>\n<p><!-- Col 1 --><\/p>\n<td>: 876 X 520 X 520 mm (YxGxD)<\/td>\n<p><!-- Col 2 --><\/p><\/tr>\n<tr><!-- Row 3 -->\n<td><b>\u0130\u00e7 \u00d6l\u00e7\u00fcler<\/b><\/td>\n<p><!-- Col 1 --><\/p>\n<td>: 676 X 380 X 330 mm (YxGxD)<\/td>\n<p><!-- Col 2 --><\/p><\/tr>\n<tr><!-- Row 4 -->\n<td><b>A\u011f\u0131rl\u0131k <\/b><\/td>\n<p><!-- Col 1 --><\/p>\n<td>: 122 Kg<\/td>\n<p><!-- Col 2 --><\/p><\/tr>\n<tr><!-- Row 5 -->\n<td><b>Kapasite <\/b><\/td>\n<p><!-- Col 1 --><\/p>\n<td>: 84 Litre<\/td>\n<p><!-- Col 2 --><\/p><\/tr>\n<tr><!-- Row 6 -->\n<td><b>\u00c7ekmece\/Raf Say\u0131s\u0131<\/b><\/td>\n<p><!-- Col 1 --><\/p>\n<td>: 1 Kilitli \u00c7ekmece \/1 Ayarl\u0131 Raf<\/td>\n<p><!-- Col 2 --><\/p><\/tr>\n<tr><!-- Row 7 -->\n<td><b>Kilitleme Mekanizmas\u0131 <\/b><\/td>\n<p><!-- Col 1 --><\/p>\n<td>: Elektronik \u015fifreli Kilitleme Sistemi<\/td>\n<p><!-- Col 2 --><\/p><\/tr>\n<\/tbody>\n<\/table>\n<p><b>Elektronik \u015fifreli \u00e7elikkasa, kilitleme mekanizmas\u0131 ile anahtar ta\u015f\u0131ma zahmetini, anahtar kaybetme riskini ortadan kald\u0131r\u0131r, g\u00fcn i\u00e7inde defalarca a\u00e7\u0131p kapamay\u0131 kolayla\u015ft\u0131r\u0131r ve g\u00fcvenli koruma sa\u011flar.<\/b><\/p>\n<hr size='\\\"2\\\"'>\n<p><strong>Sertifikalar<\/strong><\/p>\n<hr size='\\\"2\\\"'>\n<ul>\n<li style=\"list-style-type: none;\">\n<ul>\n<li>Avrupa Birli\u011fi Normlar\u0131na ( EN) uygundur.<\/li>\n<li>NT Fire 017 90 Paper yang\u0131na dayan\u0131kl\u0131l\u0131k EN (Avrupa normlar\u0131) sertifikalar\u0131na sahiptir. *SP onayl\u0131 (Swedish National Testing and Research Institute), 1090 derece s\u0131cakl\u0131kta 60 dakika dosya ( ka\u011f\u0131t) yang\u0131n g\u00fcvenli\u011fi sertifikas\u0131)<\/li>\n<li>ISO 9001 -2008 &amp; ISO 9001-2009 kalite sertifikalar\u0131na sahiptir.<\/li>\n<\/ul>\n<\/li>\n<\/ul>\n<p><strong>Yang\u0131n G\u00fcvenli\u011fi<\/strong><\/p>\n<hr size='\\\"2\\\"'>\n<ul>\n<li style=\"list-style-type: none;\">\n<ul>\n<li>1090 oC derece \u0131s\u0131ya 90 dakika dayan\u0131kl\u0131d\u0131r. En \u00fcst yang\u0131n dayan\u0131kl\u0131 \u00e7elik kasa standard\u0131na sahiptir.<\/li>\n<li>En az 90 dakika yang\u0131n s\u00fcresince, i\u00e7 s\u0131cakl\u0131k 150<sup>o<\/sup>C dereceyi ge\u00e7mez. ( ka\u011f\u0131t bozulma s\u0131cakl\u0131\u011f\u0131)<\/li>\n<li>S\u0131cakl\u0131k, duman, buhar, nem di\u011fer fiziksel etkilere kar\u015f\u0131 tam koruma sa\u011flar.<\/li>\n<li>Yang\u0131n, su, korozif gaz ve dumana kar\u015f\u0131 dayan\u0131kl\u0131 dayan\u0131kl\u0131d\u0131r.<\/li>\n<li>\u00dc\u00e7l\u00fc ge\u00e7me sistemli kapak aral\u0131klar\u0131 maksimum g\u00fcvenlik sa\u011flar.<\/li>\n<li>Depreme kar\u015f\u0131 dayan\u0131kl\u0131d\u0131r.<\/li>\n<\/ul>\n<\/li>\n<\/ul>\n<p><strong>Kilitleme Sistemi<\/strong><\/p>\n<hr size='\\\"2\\\"'>\n<ul>\n<li style=\"list-style-type: none;\">\n<ul>\n<li>Elektronik \u015eifreli Kilit Sistemi, Panik kapama \u00f6zelli\u011fine sahiptir. Kapak kapat\u0131ld\u0131\u011f\u0131nda otomatik kilitlenir (Standart olarak sunulur).<\/li>\n<li>Elektronik kilit, 4-16 basamakl\u0131 iki ayr\u0131 \u015fifre ile kullan\u0131labilir.<\/li>\n<li>Kasan\u0131z\u0131 kullan\u0131rken etrafta birileri varsa, \u015fifrenizin ba\u015f\u0131na ya da sonuna rastgele rakamlar girerer \u015fa\u015f\u0131rtma uygulanabilir.<\/li>\n<li>\u00c7elik kilitleme milleri ve ge\u00e7me sistemi ile h\u0131rs\u0131zl\u0131\u011fa kar\u015f\u0131 tam koruma sa\u011flar.<\/li>\n<\/ul>\n<\/li>\n<\/ul>\n<p><strong>\u0130\u00e7 D\u00fczen Ekipmanlar\u0131<\/strong><\/p>\n<hr size='\\\"2\\\"'>\n<ul>\n<li style=\"list-style-type: none;\">\n<ul>\n<li>Ayarlanabilir i\u00e7 raf sistemine sahiptir.<\/li>\n<li>Kilitli \u00e7ekmecesi ile, kasa i\u00e7inde ayr\u0131ca bir g\u00fcvenli b\u00f6l\u00fcm kullan\u0131labilir.<\/li>\n<\/ul>\n<\/li>\n<\/ul>\n<p><strong>Kullan\u0131m Alanlar\u0131<\/strong><\/p>\n<hr size='\\\"2\\\"'>\n<ul>\n<li style=\"list-style-type: none;\">\n<ul>\n<li>Boyutlar\u0131 ofis kasas\u0131 olarak kullanmaya uygundur. Her t\u00fcrl\u00fc i\u015fyerinde, ofis kasas\u0131, dosya kasas\u0131, para kasas\u0131, evrak kasas\u0131 olarak kullan\u0131labilir. Evrak, dosya, nakit, \u00e7ek, senet, tapu, s\u00f6zle\u015fme vs gibi de\u011ferli yang\u0131n ve h\u0131rs\u0131zl\u0131k olaylar\u0131na kar\u015f\u0131 korur.<\/li>\n<li>Otel, hastane, okul, benzin istasyonu gibi kurumlarda \u00f6n muhasebe kasas\u0131 olarak kullan\u0131labilir.<\/li>\n<li>De\u011ferli ila\u00e7lar\u0131 h\u0131rs\u0131zl\u0131k ve yang\u0131ndan korumak i\u00e7in eczane kasas\u0131 olarak kullan\u0131labilir.<\/li>\n<li>Kamu kurumlar\u0131nda de\u011ferli ka\u011f\u0131t ve evrak kasas\u0131 olarak kullan\u0131labilir.<\/li>\n<li>Evlerde ki\u015fisel kasa kullan\u0131m\u0131na uygundur. yazl\u0131klar i\u00e7in \u00e7elik kasa olarak yazl\u0131klarda, \u00e7iftliklerde kulan\u0131labilir.\u00c7elik Kasa i\u00e7inden zemine monte edilerek sabitlenir, kapa\u011f\u0131 kapal\u0131yken s\u00f6k\u00fclemez, ta\u015f\u0131namaz.<\/li>\n<li>ISO 27001 veri g\u00fcvenli\u011fi y\u00f6netim sistemi uygulayan firmalar i\u00e7in bas\u0131l\u0131 evrak veri g\u00fcvenli\u011fi ko\u015fullar\u0131n\u0131 sa\u011flar, klas\u00f6r s\u0131\u011far.<\/li>\n<\/ul>\n<\/li>\n<\/ul>\n<hr size='\\\"2\\\"'>\n<p><strong>Garanti<\/strong><\/p>\n<p>T\u00fcm \u00fcretim hatalar\u0131na kar\u015f\u0131 en az 2 (iki) y\u0131l garantilidir.<\/p>\n<\/body>","protected":false},"excerpt":{"rendered":"<p>Her t\u00fcrl\u00fc nakit para, m\u00fccevher, evrak gibi de\u011ferleri h\u0131rs\u0131zl\u0131k ve yang\u0131na kar\u015f\u0131 da tam olarak korumak i\u00e7in tasarlanm\u0131\u015f, NT Fire&hellip;<\/p>\n","protected":false},"featured_media":121,"comment_status":"open","ping_status":"closed","template":"","meta":[],"product_brand":[],"product_cat":[17,29],"product_tag":[],"class_list":{"0":"post-122","1":"product","2":"type-product","3":"status-publish","4":"has-post-thumbnail","6":"product_cat-ofis-tipi-kasa","7":"product_cat-yanmaz-celik-kasa","9":"first","10":"instock","11":"taxable","12":"shipping-taxable","13":"purchasable","14":"product-type-simple"},"jetpack_sharing_enabled":true,"_links":{"self":[{"href":"https:\/\/www.celikkasa.com\/2019\/wp-json\/wp\/v2\/product\/122","targetHints":{"allow":["GET"]}}],"collection":[{"href":"https:\/\/www.celikkasa.com\/2019\/wp-json\/wp\/v2\/product"}],"about":[{"href":"https:\/\/www.celikkasa.com\/2019\/wp-json\/wp\/v2\/types\/product"}],"replies":[{"embeddable":true,"href":"https:\/\/www.celikkasa.com\/2019\/wp-json\/wp\/v2\/comments?post=122"}],"wp:featuredmedia":[{"embeddable":true,"href":"https:\/\/www.celikkasa.com\/2019\/wp-json\/wp\/v2\/media\/121"}],"wp:attachment":[{"href":"https:\/\/www.celikkasa.com\/2019\/wp-json\/wp\/v2\/media?parent=122"}],"wp:term":[{"taxonomy":"product_brand","embeddable":true,"href":"https:\/\/www.celikkasa.com\/2019\/wp-json\/wp\/v2\/product_brand?post=122"},{"taxonomy":"product_cat","embeddable":true,"href":"https:\/\/www.celikkasa.com\/2019\/wp-json\/wp\/v2\/product_cat?post=122"},{"taxonomy":"product_tag","embeddable":true,"href":"https:\/\/www.celikkasa.com\/2019\/wp-json\/wp\/v2\/product_tag?post=122"}],"curies":[{"name":"wp","href":"https:\/\/api.w.org\/{rel}","templated":true}]}}