{"id":112,"date":"2019-07-07T12:33:31","date_gmt":"2019-07-07T11:33:31","guid":{"rendered":"https:\/\/www.celikkasa.com\/2019\/?post_type=product&#038;p=112"},"modified":"2019-10-15T19:59:26","modified_gmt":"2019-10-15T18:59:26","slug":"es-550-tam-otomatik-celik-kasa","status":"publish","type":"product","link":"https:\/\/www.celikkasa.com\/2019\/urun\/es-550-tam-otomatik-celik-kasa\/","title":{"rendered":"ES 550 Tam Otomatik \u00c7elik Kasa"},"content":{"rendered":"<body><p><strong>Bilgisayar Kontroll\u00fc, Programlanabilen Tam Otomatik \u00c7elik Ev- Ofis Kasas\u0131\u00a0<\/strong>(Sertifikal\u0131, \u0130thal)\\<\/p>\n<hr size='\\\"2\\\"'>\n<ul>\n<li style=\"list-style-type: none;\">\n<ul>\n<li>TEK bir tu\u015fla otomatik olarak kilitlenir, do\u011fru \u015fifrenizi girdi\u011finizde otomatik olarak a\u00e7\u0131l\u0131r.<\/li>\n<li>T\u00fcm i\u015flemler ekrandan izlenebilir, geriye d\u00f6n\u00fck 100 i\u015flem kayd\u0131 haf\u0131zas\u0131ndan okunabilir.<\/li>\n<li>Daha fazla g\u00fczenlik i\u00e7in, 4-16 basamakl\u0131 \u015fifre, 6 farkl\u0131 kullan\u0131c\u0131 tan\u0131mlamayabilme \u00f6zg\u00fcrl\u00fc\u011f\u00fc<\/li>\n<li>Ekstra g\u00fcvenlik i\u00e7in, a\u00e7\u0131lmadan \u00f6nce ek gecikme s\u00fcresi tan\u0131mlanabilir.<\/li>\n<li>4 hatal\u0131 \u015fifre denemesinde bloke olma, bloke s\u00fcresini ekrandan izleme \u00f6zelli\u011fi<\/li>\n<li>Ev ve i\u015fyeri nde dolaplar\u0131n i\u00e7ine yerle\u015ftirilirek, i\u00e7inden arkadan duvara ya da alltan zemine, montaj aparatlar\u0131 kullan\u0131larak montaj yap\u0131l\u0131r. Eurosafe kilitli durumda montaj ba\u011flant\u0131lar\u0131na ula\u015f\u0131lamaz, yerinden s\u00f6k\u00fclemez ve ta\u015f\u0131namaz.<\/li>\n<li>Ger\u00e7ek EUROSAFE \u00fcr\u00fcn\u00fcd\u00fcr.T\u00fcm garanti hizmetleri EUROSAFE g\u00fcvencesi alt\u0131ndad\u0131r.<\/li>\n<\/ul>\n<\/li>\n<\/ul>\n<p>Her t\u00fcrl\u00fc evrak ve nakit para gibi de\u011ferleri h\u0131rs\u0131zl\u0131k kar\u015f\u0131 tam olarak korumak i\u00e7in tasarlanm\u0131\u015f, en geli\u015fmi\u015f \u00e7elik ev ofis kasas\u0131. Tam otomatik, elektronik \u015fifreli, ekranl\u0131, programlanabilen geli\u015fmi\u015f kilitleme mekanizmas\u0131 ile anahtar ta\u015f\u0131ma zahmetini, anahtar kaybetme riskini ortadan kald\u0131r\u0131r, g\u00fcn i\u00e7inde defalarca a\u00e7\u0131p kapamay\u0131 kolayla\u015ft\u0131r\u0131r, \u015f\u0131k ve g\u00fcvenli koruma sa\u011flar.<\/p>\n<hr size='\\\"2\\\"'>\n<p><strong>\u0130\u00e7inden zemine monte edilerek sabitlenir, kasa kapa\u011f\u0131 a\u00e7\u0131lmadan ta\u015f\u0131namaz.<\/strong><\/p>\n<table border='\\\"0\\\"'>\n<tbody>\n<tr>\n<td width='\\\"179\\\"'><strong>Model<\/strong><\/td>\n<td width='\\\"19\\\"'><strong>:<\/strong><\/td>\n<td width='\\\"%100\\\"'><strong>ES550 Tam Otomatik \u00c7elik Kasa ( EUROSAFE )\\r\\n<\/strong><\/td>\n<\/tr>\n<tr>\n<td width='\\\"179\\\"'><strong>D\u0131\u015f \u00d6l\u00e7\u00fcler <\/strong><\/td>\n<td width='\\\"19\\\"'><strong>:<\/strong><\/td>\n<td width='\\\"%100\\\"'>Y 550 x G 420 x D 380 (mm)<\/td>\n<\/tr>\n<tr>\n<td width='\\\"179\\\"'><strong>\u0130\u00e7 \u00d6l\u00e7\u00fcler <\/strong><\/td>\n<td width='\\\"19\\\"'><strong>:<\/strong><\/td>\n<td width='\\\"%100\\\"'>Y 490 x G 410 x D 310(mm)<\/td>\n<\/tr>\n<tr>\n<td width='\\\"179\\\"'><strong>A\u011f\u0131rl\u0131k<\/strong><\/td>\n<td width='\\\"19\\\"'><strong>:<\/strong><\/td>\n<td width='\\\"%100\\\"'>52 Kg.(\u0130\u00e7inden Zemine montaj)<\/td>\n<\/tr>\n<tr>\n<td width='\\\"179\\\"'><strong>Hacim<\/strong><\/td>\n<td width='\\\"19\\\"'><strong>:<\/strong><\/td>\n<td width='\\\"%100\\\"'>62 Lt.<\/td>\n<\/tr>\n<tr>\n<td width='\\\"%100\\\"'><strong>Raf Say\u0131s\u0131<\/strong><\/td>\n<td width='\\\"19\\\"'><strong>:<\/strong><\/td>\n<td width='\\\"%100\\\"'>2 Raf<\/td>\n<\/tr>\n<tr>\n<td width='\\\"%100\\\"'><strong>Kilitleme Mekanizmas\u0131<\/strong><\/td>\n<td width='\\\"19\\\"'><strong>:<\/strong><\/td>\n<td width='\\\"%100\\\"'>Tam Otomatik Elektronik \u015eifreli Kilitleme Sistemi<\/td>\n<\/tr>\n<tr>\n<td width='\\\"179\\\"'><strong>\u0130\u00e7 Kaplama <\/strong><\/td>\n<td width='\\\"19\\\"'><strong>:<\/strong><\/td>\n<td width='\\\"%100\\\"'>Gri J\u00fct Kuma\u015f Kaplama<\/td>\n<\/tr>\n<tr>\n<td width='\\\"179\\\"'><strong>Montaj<\/strong><\/td>\n<td width='\\\"19\\\"'><strong>:<\/strong><\/td>\n<td width='\\\"%100\\\"'><strong>Montaj aparatlar\u0131 ile, kasa i\u00e7inden alttan ya da arkadan montaj<\/strong><\/td>\n<\/tr>\n<\/tbody>\n<\/table>\n<h3><em><strong>Genel Kullan\u0131m \u00d6zellikleri<\/strong><\/em><\/h3>\n<ul>\n<li style=\"list-style-type: none;\">\n<ul>\n<li>Yeni nesil, bir \u00e7ok \u00f6zelli\u011fi rogramlanabilen, tam otomatik motorlu ev-ofis kasas\u0131d\u0131r.<\/li>\n<li>4-6 basamakl\u0131 \u015fifre basit ve g\u00fcvenli kullan\u0131m sa\u011flar. Tek tu\u015fla (Lock) otomatik olarak kapan\u0131r. Do\u011fru \u015fifre girildi\u011finde otomatik olarak a\u00e7\u0131l\u0131r.<\/li>\n<li>6 basamakl\u0131 parlak \u0131\u015f\u0131kl\u0131 k\u0131rm\u0131z\u0131 renk ekran ile yap\u0131lan i\u015flemler ekrandan izlenebilir.<\/li>\n<li>ADA taraf\u0131ndan onaylanm\u0131\u015f epoxy kau\u00e7uk tu\u015f tak\u0131m\u0131, dayan\u0131kl\u0131l\u0131\u011f\u0131n\u0131n yan\u0131nda uzun t\u0131rnak vs ile de kolayca kullan\u0131labilir.<\/li>\n<li>Hareketli a\u00e7\u0131l\u0131r kapan\u0131r tutma kolu, Eurosafe a\u00e7\u0131l\u0131rken d\u0131\u015far\u0131 \u00e7\u0131kar ve kilitlenirken i\u00e7eri girer. Kasa kapal\u0131yken d\u0131\u015far\u0131da hi\u00e7bir \u00e7\u0131k\u0131nt\u0131 , kol vs kalmaz.<\/li>\n<li>6 farkl\u0131 ki\u015fi taraf\u0131ndan farkl\u0131 \u015fifre ile kullan\u0131labilir.<\/li>\n<li>Son 100 a\u00e7ma-kapama i\u015flemi bilgilerini haf\u0131zas\u0131nda tutarak \u015f\u00fcpheli durumlarda kasan\u0131n nas\u0131l a\u00e7\u0131ld\u0131\u011f\u0131na dair bilgi ekrandan izlenebilir. Farkl\u0131 kullan\u0131c\u0131lar\u0131n ne s\u0131rayla Eurosafe i kulland\u0131klar\u0131 okunabilir.<\/li>\n<li>Krom kapl\u0131 tam dolu \u00e7elikten yap\u0131lm\u0131\u015f otomatik hareketli 2 adet kilitleme mili ile tam ve g\u00fcvenli kilitleme sa\u011flar.<\/li>\n<li>A\u00e7\u0131ld\u0131, kapand\u0131, hata , zay\u0131f pil ve bak\u0131m uyar\u0131lar\u0131 ekranda izlenebilir.<\/li>\n<li>G\u00fcvenlik a\u00e7\u0131s\u0131ndan ihtiya\u00e7 duyuldu\u011funda, mekanizman\u0131n a\u00e7\u0131lmas\u0131na \u00f6nceden1-99 dakika aras\u0131 bir duraklama getirilebilir. Eurosafe \u015fifrenizi girdikten \u00f6rne\u011fin 35 dakika sonra a\u00e7\u0131l\u0131r. (\u00c7\u00fcnk\u00fc \u015fifreyi \u00f6\u011frense de hi\u00e7bir h\u0131rs\u0131z 35 dakika kasan\u0131n a\u00e7\u0131lmas\u0131n\u0131 bekleyemez.)<\/li>\n<li>Her fonksiyon i\u00e7in sesli uyar\u0131lar mevcuttur.<\/li>\n<li>G\u00fcvenli kilitleme \u00f6zelli\u011fi. \u2013Kilitleme milleri %100 kilitlendi\u011finde ekranda \u201cCLOSED\u201d kapal\u0131 uyar\u0131s\u0131 g\u00f6r\u00fclebilir.<\/li>\n<li>4 hatal\u0131 a\u00e7ma giri\u015fimi sonunda 15 dakika bloke olur, yeni \u015fifre denemelerini kabul etmez.<\/li>\n<li>Piller zay\u0131flad\u0131\u011f\u0131nda kilitleme korumas\u0131 ile Eurosafe iniz pilinizi de\u011fi\u015ftirmeniz i\u00e7in sizi uyar\u0131r.<\/li>\n<li>6 master \u015fifre tan\u0131mlanabilir.<\/li>\n<li>Acil durumlar i\u00e7in mekanik anahtar ile kasa kullan\u0131c\u0131s\u0131, kasas\u0131n\u0131 sadece kendisi a\u00e7abilir.<\/li>\n<\/ul>\n<\/li>\n<\/ul>\n<p><strong>Kullan\u0131m Alanlar\u0131\u00a0<\/strong><\/p>\n<hr size='\\\"2\\\"'>\n<ul>\n<li style=\"list-style-type: none;\">\n<ul>\n<li>Her t\u00fcrl\u00fc i\u015fyerinde, ofis kasas\u0131, para kasas\u0131, ki\u015fisel kasa olarak kullan\u0131labilir. A5 ebat\u0131nda evrak, belge, nakit, \u00e7ek, senet, tapu, s\u00f6zle\u015fme vb gidi de\u011ferleri h\u0131rs\u0131zl\u0131k olaylar\u0131na ve suistimallere kar\u015f\u0131 korur.<\/li>\n<li>Otel, hastane, okul, benzin istasyonu gibi kurumlarda \u00f6n muhasebe kasas\u0131 olarak kullan\u0131labilir.<\/li>\n<li>De\u011ferli ila\u00e7lar\u0131 h\u0131rs\u0131zl\u0131k korumak i\u00e7in eczane kasas\u0131 olarak kullan\u0131labilir.<\/li>\n<li>Evlerde ki\u015fisel kasa kullan\u0131m\u0131na uygundur. yazl\u0131klar i\u00e7in \u00e7elik kasa olarak yazl\u0131klarda, \u00e7iftliklerde kulan\u0131labilir.<\/li>\n<li>Silah kasas\u0131 olarak kullan\u0131labilir, kolay kullan\u0131m\u0131 sayesinde birka\u00e7 saniyede kasa i\u00e7indeki silaha ula\u015f\u0131labilir<\/li>\n<\/ul>\n<\/li>\n<\/ul>\n<p>\u00a0<\/p>\n<hr size='\\\"2\\\"'>\n<p><strong>Garanti<\/strong><\/p>\n<p>T\u00fcm \u00fcretim hatalar\u0131na kar\u015f\u0131 en az 2 (iki) y\u0131l garantilidir.T\u00fcm hizmleri Eurosafe T\u00fcrkiye taraf\u0131ndan sa\u011flan\u0131r.<\/p>\n<\/body>","protected":false},"excerpt":{"rendered":"<p>Bilgisayar Kontroll\u00fc, Programlanabilen Tam Otomatik \u00c7elik Ev- Ofis Kasas\u0131\u00a0(Sertifikal\u0131, \u0130thal)\\ TEK bir tu\u015fla otomatik olarak kilitlenir, do\u011fru \u015fifrenizi girdi\u011finizde otomatik&hellip;<\/p>\n","protected":false},"featured_media":113,"comment_status":"open","ping_status":"closed","template":"","meta":[],"product_brand":[],"product_cat":[19,16,17],"product_tag":[],"class_list":{"0":"post-112","1":"product","2":"type-product","3":"status-publish","4":"has-post-thumbnail","6":"product_cat-es-seris","7":"product_cat-ev-tipi-kasa","8":"product_cat-ofis-tipi-kasa","10":"first","11":"instock","12":"taxable","13":"shipping-taxable","14":"purchasable","15":"product-type-simple"},"jetpack_sharing_enabled":true,"_links":{"self":[{"href":"https:\/\/www.celikkasa.com\/2019\/wp-json\/wp\/v2\/product\/112","targetHints":{"allow":["GET"]}}],"collection":[{"href":"https:\/\/www.celikkasa.com\/2019\/wp-json\/wp\/v2\/product"}],"about":[{"href":"https:\/\/www.celikkasa.com\/2019\/wp-json\/wp\/v2\/types\/product"}],"replies":[{"embeddable":true,"href":"https:\/\/www.celikkasa.com\/2019\/wp-json\/wp\/v2\/comments?post=112"}],"wp:featuredmedia":[{"embeddable":true,"href":"https:\/\/www.celikkasa.com\/2019\/wp-json\/wp\/v2\/media\/113"}],"wp:attachment":[{"href":"https:\/\/www.celikkasa.com\/2019\/wp-json\/wp\/v2\/media?parent=112"}],"wp:term":[{"taxonomy":"product_brand","embeddable":true,"href":"https:\/\/www.celikkasa.com\/2019\/wp-json\/wp\/v2\/product_brand?post=112"},{"taxonomy":"product_cat","embeddable":true,"href":"https:\/\/www.celikkasa.com\/2019\/wp-json\/wp\/v2\/product_cat?post=112"},{"taxonomy":"product_tag","embeddable":true,"href":"https:\/\/www.celikkasa.com\/2019\/wp-json\/wp\/v2\/product_tag?post=112"}],"curies":[{"name":"wp","href":"https:\/\/api.w.org\/{rel}","templated":true}]}}