{"id":102,"date":"2019-07-07T11:38:06","date_gmt":"2019-07-07T10:38:06","guid":{"rendered":"https:\/\/www.celikkasa.com\/2019\/?post_type=product&#038;p=102"},"modified":"2019-10-17T16:42:23","modified_gmt":"2019-10-17T15:42:23","slug":"tsl-125-dokunmatik-sifreli-celik-kasa","status":"publish","type":"product","link":"https:\/\/www.celikkasa.com\/2019\/urun\/tsl-125-dokunmatik-sifreli-celik-kasa\/","title":{"rendered":"TSL 125 Dokunmatik \u015eifreli \u00c7elik Kasa"},"content":{"rendered":"<body><p><strong>Dokunmatik Ekranl\u0131, Alarml\u0131, 1090 C derece Yang\u0131na Dayan\u0131kl\u0131 \u00e7elik Kasa<\/strong>. (Sertifikal\u0131)<\/p>\n<hr size='\\\"2\\\"'>\n<ul>\n<li style=\"list-style-type: none;\">\n<ul>\n<li>Otomatik kararan, dokunmatik ekranl\u0131 modern elektronik \u015fifreli kilit sistemi<\/li>\n<li>5 Farkl\u0131 kullan\u0131c\u0131 i\u00e7in, farkl\u0131 \u015fifreler tan\u0131mlayabilme \u00f6zelli\u011fi<\/li>\n<li>Daha fazla g\u00fczenlik i\u00e7in, 4-16 basamakl\u0131 \u015fifre se\u00e7ebilme \u00f6zg\u00fcrl\u00fc\u011f\u00fc<\/li>\n<li>\u015eifrenizi tu\u015flarken, ba\u015f\u0131na ve sonuna rastgele rakamlar girerek, sizi izleyenleri yan\u0131ltma se\u00e7ene\u011fi.<\/li>\n<li>Darbelere kar\u015f\u0131 entegre alarm, ve 5 hatal\u0131 \u015fifre denemesinde bloke olma \u00f6zelli\u011fi<\/li>\n<li>SP onayl\u0131, yang\u0131na kar\u015f\u0131 tam koruma sertifikas\u0131<\/li>\n<li>\u0130\u00e7inden zemine monte edilerek, kasa kapa\u011f\u0131 a\u00e7\u0131lmadan ta\u015f\u0131namaz.<\/li>\n<\/ul>\n<\/li>\n<\/ul>\n<p>Her t\u00fcrl\u00fc evrak ve nakit para gibi de\u011ferleri h\u0131rs\u0131zl\u0131k\u00a0 ve yang\u0131na kar\u015f\u0131 da tam olarak korumak i\u00e7in tasarlanm\u0131\u015f, NT Fire 017 sertifikal\u0131 yanmaz \u00e7elik ev ofis kasas\u0131.\\r\\n\\r\\nDokunmatik ekranl\u0131, Elektronik \u015fifreli kilitleme mekanizmas\u0131 ile anahtar ta\u015f\u0131ma zahmetini, anahtar kaybetme riskini ortadan kald\u0131r\u0131r, g\u00fcn i\u00e7inde defalarca a\u00e7\u0131p kapamay\u0131 kolayla\u015ft\u0131r\u0131r, \u015f\u0131k ve g\u00fcvenli koruma sa\u011flar.<\/p>\n<hr size='\\\"2\\\"'>\n<p><strong>\u0130\u00e7inden zemine monte edilerek sabitlenir, kasa kapa\u011f\u0131 a\u00e7\u0131lmadan ta\u015f\u0131namaz.<\/strong><\/p>\n<table border='\\\"0\\\"'>\n<tbody>\n<tr>\n<td width='\\\"179\\\"'><strong>Model<\/strong><\/td>\n<td width='\\\"19\\\"'><strong>:<\/strong><\/td>\n<td width='\\\"212\\\"'><strong>125 TSL Dokunmatik, Yanmaz \u00c7elik Kasa\\r\\n<\/strong><\/td>\n<\/tr>\n<tr>\n<td width='\\\"179\\\"'><strong>D\u0131\u015f \u00d6l\u00e7\u00fcler <\/strong><\/td>\n<td width='\\\"19\\\"'><strong>:<\/strong><\/td>\n<td width='\\\"212\\\"'>H432 x W352 x D433 (mm)<\/td>\n<\/tr>\n<tr>\n<td width='\\\"179\\\"'><strong>\u0130\u00e7 \u00d6l\u00e7\u00fcler <\/strong><\/td>\n<td width='\\\"19\\\"'><strong>:<\/strong><\/td>\n<td width='\\\"212\\\"'>H320 x W260 x D304(mm)<\/td>\n<\/tr>\n<tr>\n<td width='\\\"179\\\"'><strong>A\u011f\u0131rl\u0131k<\/strong><\/td>\n<td width='\\\"19\\\"'><strong>:<\/strong><\/td>\n<td width='\\\"212\\\"'>36 Kg.(\u0130\u00e7inden Zemine montaj)<\/td>\n<\/tr>\n<tr>\n<td width='\\\"179\\\"'><strong>Hacim<\/strong><\/td>\n<td width='\\\"19\\\"'><strong>:<\/strong><\/td>\n<td width='\\\"212\\\"'>25 Lt.<\/td>\n<\/tr>\n<tr>\n<td width='\\\"179\\\"'><strong>\u00c7ekmece \/ Raf Say\u0131s\u0131<\/strong><\/td>\n<td width='\\\"19\\\"'><strong>:<\/strong><\/td>\n<td width='\\\"212\\\"'>1 \u00c7ekmece \/ 1 Ayarl\u0131 Raf<\/td>\n<\/tr>\n<tr>\n<td width='\\\"179\\\"'><strong>Kilitleme Mekanizmas\u0131<\/strong><\/td>\n<td width='\\\"19\\\"'><strong>:<\/strong><\/td>\n<td width='\\\"212\\\"'>Dokunmatik Elektronik \u015eifreli Kilitleme Sistemi<\/td>\n<\/tr>\n<tr>\n<td width='\\\"179\\\"'><strong>Yang\u0131na Dayan\u0131kl\u0131l\u0131k<\/strong><\/td>\n<td width='\\\"19\\\"'><strong>:<\/strong><\/td>\n<td width='\\\"212\\\"'>1090 <sup>0<\/sup>C 60 Dakika<\/td>\n<\/tr>\n<tr>\n<td width='\\\"179\\\"'><strong>Sertifika<\/strong><\/td>\n<td width='\\\"19\\\"'><strong>:<\/strong><\/td>\n<td width='\\\"212\\\"'><strong>SP NT Fire 017 60 Paper<\/strong> sertifikas\u0131na sahiptir.<\/td>\n<\/tr>\n<\/tbody>\n<\/table>\n<p>\u00a0<\/p>\n<p><strong>Sertifikalar<\/strong><\/p>\n<hr size='\\\"2\\\"'>\n<ul>\n<li style=\"list-style-type: none;\">\n<ul>\n<li>Avrupa Birli\u011fi Normlar\u0131na ( EN) uygundur.<\/li>\n<li>NT Fire 017 60 Paper yang\u0131na dayan\u0131kl\u0131l\u0131k EN (Avrupa normlar\u0131) sertifikalar\u0131na sahiptir. *SP onayl\u0131 (Swedish National Testing and Research Institute), 1090 derece s\u0131cakl\u0131kta 60 dakika dosya ( ka\u011f\u0131t) yang\u0131n g\u00fcvenli\u011fi sertifikas\u0131)<\/li>\n<li>ISO 9001 -2008 &amp; ISO 9001-2009 kalite sertifikalar\u0131na sahiptir.<\/li>\n<\/ul>\n<\/li>\n<\/ul>\n<p><strong>Yang\u0131n G\u00fcvenli\u011fi<\/strong><\/p>\n<hr size='\\\"2\\\"'>\n<ul>\n<li style=\"list-style-type: none;\">\n<ul>\n<li>1090 oC derece \u0131s\u0131ya 60 dakika dayan\u0131kl\u0131d\u0131r. En \u00fcst yang\u0131n dayan\u0131kl\u0131 \u00e7elik kasa standard\u0131na sahiptir.<\/li>\n<li>En az 60 dakika yang\u0131n s\u00fcresince, i\u00e7 s\u0131cakl\u0131k 150<sup>o<\/sup>C dereceyi ge\u00e7mez. ( ka\u011f\u0131t bozulma s\u0131cakl\u0131\u011f\u0131)<\/li>\n<li>S\u0131cakl\u0131k, duman, buhar, nem di\u011fer fiziksel etkilere kar\u015f\u0131 tam koruma sa\u011flar.<\/li>\n<li>Yang\u0131n, su, korozif gaz ve dumana kar\u015f\u0131 dayan\u0131kl\u0131 dayan\u0131kl\u0131d\u0131r.<\/li>\n<li>\u00dc\u00e7l\u00fc ge\u00e7me sistemli kapak aral\u0131klar\u0131 maksimum g\u00fcvenlik sa\u011flar.<\/li>\n<li>Depreme kar\u015f\u0131 dayan\u0131kl\u0131d\u0131r.<\/li>\n<\/ul>\n<\/li>\n<\/ul>\n<p><strong>Kilitleme Sistemi<\/strong><\/p>\n<hr size='\\\"2\\\"'>\n<ul>\n<li style=\"list-style-type: none;\">\n<ul>\n<li>Elektronik \u015eifreli Kilit Sistemine sahiptir (Standart olarak sunulur).<\/li>\n<li>Elektronik kilit, 4-16 basamakl\u0131 iki ayr\u0131 \u015fifre ile kullan\u0131labilir.<\/li>\n<li>Kasan\u0131z\u0131 kullan\u0131rken etrafta birileri varsa, \u015fifrenizin ba\u015f\u0131na ya da sonuna rastgele rakamlar girerek \u015fa\u015f\u0131rtma uygulanabilir.<\/li>\n<li>\u00c7elik kilitleme milleri ve ge\u00e7me sistemi ile h\u0131rs\u0131zl\u0131\u011fa kar\u015f\u0131 tam koruma sa\u011flar.<\/li>\n<\/ul>\n<\/li>\n<\/ul>\n<hr size='\\\"2\\\"'>\n<p><strong>\u0130\u00e7 D\u00fczen Ekipmanlar\u0131<\/strong><\/p>\n<hr size='\\\"2\\\"'>\n<ul>\n<li style=\"list-style-type: none;\">\n<ul>\n<li>Ayarlanabilir i\u00e7 raf sistemine sahiptir.<\/li>\n<li>1 adet para ve k\u00fc\u00e7\u00fck e\u015fyalar i\u00e7in \u00e7ekmecesi mevcuttur.<\/li>\n<\/ul>\n<\/li>\n<\/ul>\n<p><strong>Kullan\u0131m Alanlar\u0131\u00a0<\/strong><\/p>\n<hr size='\\\"2\\\"'>\n<ul>\n<li style=\"list-style-type: none;\">\n<ul>\n<li>Her t\u00fcrl\u00fc i\u015fyerinde, ofis kasas\u0131, dosya kasas\u0131, para kasas\u0131, evrak kasas\u0131 olarak kullan\u0131labilir. \u00a0Klas\u00f6r, evrak, dosya, nakit, \u00e7ek, senet, \u00a0tapu, s\u00f6zle\u015fme vs gibi de\u011ferli yang\u0131n ve h\u0131rs\u0131zl\u0131k olaylar\u0131na kar\u015f\u0131 \u00a0korur.<\/li>\n<li>Otel, hastane, okul, benzin istasyonu gibi kurumlarda muhasebe kasas\u0131 olarak kullan\u0131labilir.<\/li>\n<li>De\u011ferli ila\u00e7lar\u0131 h\u0131rs\u0131zl\u0131k ve yang\u0131ndan korumak i\u00e7in eczane kasas\u0131 olarak kullan\u0131labilir.<\/li>\n<li>Kamu kurumlar\u0131nda de\u011ferli ka\u011f\u0131t ve evrak kasas\u0131 olarak kullan\u0131labilir.<\/li>\n<li>Evlerde ki\u015fisel kasa kullan\u0131m\u0131na uygundur. yazl\u0131klar i\u00e7in \u00e7elik kasa olarak yazl\u0131klarda, \u00e7iftliklerde kulan\u0131labilir.<\/li>\n<li>ISO 27001 veri g\u00fcvenli\u011fi y\u00f6netim sistemi uygulayan firmalar i\u00e7in bas\u0131l\u0131 evrak veri g\u00fcvenli\u011fi ko\u015fullar\u0131n\u0131 sa\u011flar<\/li>\n<\/ul>\n<\/li>\n<\/ul>\n<hr size='\\\"2\\\"'>\n<p><strong>Garanti<\/strong><\/p>\n<p>T\u00fcm \u00fcretim hatalar\u0131na kar\u015f\u0131 en az 2 (iki) y\u0131l garantilidir.<\/p>\n<\/body>","protected":false},"excerpt":{"rendered":"<p>Dokunmatik Ekranl\u0131, Alarml\u0131, 1090 C derece Yang\u0131na Dayan\u0131kl\u0131 \u00e7elik Kasa. (Sertifikal\u0131) Otomatik kararan, dokunmatik ekranl\u0131 modern elektronik \u015fifreli kilit sistemi&hellip;<\/p>\n","protected":false},"featured_media":103,"comment_status":"open","ping_status":"closed","template":"","meta":[],"product_brand":[],"product_cat":[16,20],"product_tag":[],"class_list":{"0":"post-102","1":"product","2":"type-product","3":"status-publish","4":"has-post-thumbnail","6":"product_cat-ev-tipi-kasa","7":"product_cat-tsl-serisi","9":"first","10":"instock","11":"taxable","12":"shipping-taxable","13":"purchasable","14":"product-type-simple"},"jetpack_sharing_enabled":true,"_links":{"self":[{"href":"https:\/\/www.celikkasa.com\/2019\/wp-json\/wp\/v2\/product\/102","targetHints":{"allow":["GET"]}}],"collection":[{"href":"https:\/\/www.celikkasa.com\/2019\/wp-json\/wp\/v2\/product"}],"about":[{"href":"https:\/\/www.celikkasa.com\/2019\/wp-json\/wp\/v2\/types\/product"}],"replies":[{"embeddable":true,"href":"https:\/\/www.celikkasa.com\/2019\/wp-json\/wp\/v2\/comments?post=102"}],"wp:featuredmedia":[{"embeddable":true,"href":"https:\/\/www.celikkasa.com\/2019\/wp-json\/wp\/v2\/media\/103"}],"wp:attachment":[{"href":"https:\/\/www.celikkasa.com\/2019\/wp-json\/wp\/v2\/media?parent=102"}],"wp:term":[{"taxonomy":"product_brand","embeddable":true,"href":"https:\/\/www.celikkasa.com\/2019\/wp-json\/wp\/v2\/product_brand?post=102"},{"taxonomy":"product_cat","embeddable":true,"href":"https:\/\/www.celikkasa.com\/2019\/wp-json\/wp\/v2\/product_cat?post=102"},{"taxonomy":"product_tag","embeddable":true,"href":"https:\/\/www.celikkasa.com\/2019\/wp-json\/wp\/v2\/product_tag?post=102"}],"curies":[{"name":"wp","href":"https:\/\/api.w.org\/{rel}","templated":true}]}}