{"id":345,"date":"2019-10-16T14:49:13","date_gmt":"2019-10-16T13:49:13","guid":{"rendered":"https:\/\/www.celikkasa.com\/2019\/?page_id=345"},"modified":"2019-10-16T14:49:15","modified_gmt":"2019-10-16T13:49:15","slug":"iletisim","status":"publish","type":"page","link":"https:\/\/www.celikkasa.com\/2019\/iletisim\/","title":{"rendered":"\u0130leti\u015fim"},"content":{"rendered":"<body>\n<p>A\u015fa\u011f\u0131daki formu doldurarak ya da telefon numalar\u0131n\u0131 arayarak bizimle ileti\u015fime ge\u00e7ebilirsiniz. Uzman arkada\u015flar\u0131m\u0131z her konuda sizlere yard\u0131mc\u0131 olmaktan memnunluk duyacaklar.<\/p>\n\n\n<div class=\"wpforms-container wpforms-container-full wpforms-block\" id=\"wpforms-342\"><form id=\"wpforms-form-342\" class=\"wpforms-validate wpforms-form\" data-formid=\"342\" method=\"post\" enctype=\"multipart\/form-data\" action=\"\/2019\/wp-json\/wp\/v2\/pages\/345\" data-token=\"1af0fa40542c8b4880eb7cee5d2354ea\" data-token-time=\"1777404870\"><noscript class=\"wpforms-error-noscript\">Bu formu bitirebilmek i\u00e7in taray\u0131c\u0131n\u0131zda JavaScript'i etkinle\u015ftirin.<\/noscript><div class=\"wpforms-field-container\"><div id=\"wpforms-342-field_0-container\" class=\"wpforms-field wpforms-field-name\" data-field-id=\"0\"><label class=\"wpforms-field-label\" for=\"wpforms-342-field_0\">Ad Soyad <span class=\"wpforms-required-label\">*<\/span><\/label><input type=\"text\" id=\"wpforms-342-field_0\" class=\"wpforms-field-medium wpforms-field-required\" name=\"wpforms[fields][0]\" required><\/div><div id=\"wpforms-342-field_1-container\" class=\"wpforms-field wpforms-field-email\" data-field-id=\"1\"><label class=\"wpforms-field-label\" for=\"wpforms-342-field_1\">Email <span class=\"wpforms-required-label\">*<\/span><\/label><input type=\"email\" id=\"wpforms-342-field_1\" class=\"wpforms-field-medium wpforms-field-required\" name=\"wpforms[fields][1]\" spellcheck=\"false\" required><\/div><div id=\"wpforms-342-field_2-container\" class=\"wpforms-field wpforms-field-textarea\" data-field-id=\"2\"><label class=\"wpforms-field-label\" for=\"wpforms-342-field_2\">L\u00fctfen mesaj\u0131n\u0131z\u0131 yaz\u0131n\u0131z. <span class=\"wpforms-required-label\">*<\/span><\/label><textarea id=\"wpforms-342-field_2\" class=\"wpforms-field-medium wpforms-field-required\" name=\"wpforms[fields][2]\" required><\/textarea><\/div><\/div><!-- .wpforms-field-container --><div class=\"wpforms-field wpforms-field-hp\"><label for=\"wpforms-342-field-hp\" class=\"wpforms-field-label\">Message<\/label><input type=\"text\" name=\"wpforms[hp]\" id=\"wpforms-342-field-hp\" class=\"wpforms-field-medium\"><\/div><div class=\"wpforms-submit-container\"><input type=\"hidden\" name=\"wpforms[id]\" value=\"342\"><input type=\"hidden\" name=\"page_title\" value=\"\"><input type=\"hidden\" name=\"page_url\" value=\"https:\/\/www.celikkasa.com\/2019\/wp-json\/wp\/v2\/pages\/345\"><input type=\"hidden\" name=\"url_referer\" value=\"\"><button type=\"submit\" name=\"wpforms[submit]\" id=\"wpforms-submit-342\" class=\"wpforms-submit\" data-alt-text=\"G\u00f6nderiliyor\" data-submit-text=\"G\u00f6nder\" aria-live=\"assertive\" value=\"wpforms-submit\">G\u00f6nder<\/button><\/div><\/form><\/div>  <!-- .wpforms-container -->\n\n\n<p style=\"text-align:left\">Bizlere telefonla ya da email ile de ula\u015fabilirsiniz.<br><strong>Telefon <\/strong>: <strong>0 216 411 22 90<\/strong><br><strong>Email <\/strong>: <strong>info@celikkasa.com<\/strong> <br><\/p>\n<\/body>","protected":false},"excerpt":{"rendered":"<p>A\u015fa\u011f\u0131daki formu doldurarak ya da telefon numalar\u0131n\u0131 arayarak bizimle ileti\u015fime ge\u00e7ebilirsiniz. Uzman arkada\u015flar\u0131m\u0131z her konuda sizlere yard\u0131mc\u0131 olmaktan memnunluk duyacaklar.&hellip;<\/p>\n","protected":false},"author":1,"featured_media":0,"parent":0,"menu_order":0,"comment_status":"closed","ping_status":"closed","template":"","meta":{"footnotes":""},"class_list":["post-345","page","type-page","status-publish","hentry"],"jetpack_sharing_enabled":true,"_links":{"self":[{"href":"https:\/\/www.celikkasa.com\/2019\/wp-json\/wp\/v2\/pages\/345","targetHints":{"allow":["GET"]}}],"collection":[{"href":"https:\/\/www.celikkasa.com\/2019\/wp-json\/wp\/v2\/pages"}],"about":[{"href":"https:\/\/www.celikkasa.com\/2019\/wp-json\/wp\/v2\/types\/page"}],"author":[{"embeddable":true,"href":"https:\/\/www.celikkasa.com\/2019\/wp-json\/wp\/v2\/users\/1"}],"replies":[{"embeddable":true,"href":"https:\/\/www.celikkasa.com\/2019\/wp-json\/wp\/v2\/comments?post=345"}],"version-history":[{"count":2,"href":"https:\/\/www.celikkasa.com\/2019\/wp-json\/wp\/v2\/pages\/345\/revisions"}],"predecessor-version":[{"id":347,"href":"https:\/\/www.celikkasa.com\/2019\/wp-json\/wp\/v2\/pages\/345\/revisions\/347"}],"wp:attachment":[{"href":"https:\/\/www.celikkasa.com\/2019\/wp-json\/wp\/v2\/media?parent=345"}],"curies":[{"name":"wp","href":"https:\/\/api.w.org\/{rel}","templated":true}]}}