{"id":2,"date":"2019-01-29T18:34:25","date_gmt":"2019-01-29T18:34:25","guid":{"rendered":"http:\/\/celikkasa.com\/2019\/?page_id=2"},"modified":"2019-06-09T07:25:49","modified_gmt":"2019-06-09T06:25:49","slug":"sample-page","status":"publish","type":"page","link":"https:\/\/www.celikkasa.com\/2019\/sample-page\/","title":{"rendered":"Sipari\u015f ve Teslimat"},"content":{"rendered":"<body>\n<p>\u2026or something like this:<\/p>\n\n\n\n<p><strong>Celikkasa.com online\u00a0 S\u0130PAR\u0130\u015e &amp; TESL\u0130MAT \u015eARTLARI:<\/strong><\/p>\n\n\n\n<h3 class=\"wp-block-heading\">Celikkasa.com\u2019dan nas\u0131l sipari\u015f verebilirim?<\/h3>\n\n\n\n<ul class=\"wp-block-list\"><li>Be\u011fendi\u011finiz \u00e7elik kasa modelini al\u0131\u015fveri\u015f sepetinize ekleyin. Bu a\u015famadan \u00f6nce sormak istedikleriniz i\u00e7in telefonla yard\u0131m alabilirsiniz.<\/li><li>\u0130stedi\u011finiz \u00fcr\u00fcnleri se\u00e7tikten sonra \u201c\u00d6deme Yapmak \u0130\u00e7in T\u0131klay\u0131n\u0131z\u201d butonuna t\u0131klad\u0131\u011f\u0131n\u0131zda \u201cSipari\u015f teslimat Bilgileri\u201d ekran\u0131na gelirsiniz.<\/li><li>Teslimat ve fatura adresi bilgilerini doldurduktan sonra sayfan\u0131n alt\u0131ndan kargo tecihinizi se\u00e7ebilirsiniz. Sayfada yer alan \u201cSipari\u015f Hakk\u0131nda A\u00e7\u0131klama Ekleyin\u201d b\u00f6l\u00fcm\u00fcne, istedi\u011finiz a\u00e7\u0131klamalar\u0131 ekleyebilirsiniz. <\/li><li>\u201cDevam Et\u201d butonuna basarak \u00d6deme ekran\u0131nda size uygun \u00f6deme \u015feklini Havale, Kap\u0131da \u00d6deme ya da Paypal ile \u00f6deme.<\/li><li>E\u011fer taksitlendirme yapacaksan\u0131z, kart bilgilerinizi girdikten sonra sayfan\u0131n alt\u0131nda size g\u00f6sterilecek taksit se\u00e7eneklerinden birini se\u00e7melisiniz.<\/li><li>Kredi kart\u0131yla \u00f6deme yapmayacaksan\u0131z, bu se\u00e7ene\u011fin yan\u0131ndaki \u201cHavale\/EFT\u201d butonuna t\u0131klay\u0131n ve a\u00e7\u0131lan ekranda size sunulan banka hesap numaras\u0131n\u0131 not edin.<\/li><li>Kredi kart\u0131 ya da banka havale bilgilerini doldurduktan sonra \u201cDevam Et\u201d butonuna t\u0131klay\u0131p sipari\u015f onay ekran\u0131na ge\u00e7in.<\/li><li>Ekran\u0131n sa\u011f alt  taraf\u0131nda bulunan  \u201cSipari\u015finizi Onaylay\u0131n\u201d butonuna sadece bir defa t\u0131klay\u0131p i\u015flemi onaylay\u0131n.<\/li><li>A\u00e7\u0131lan yeni sayfada size sistem taraf\u0131ndan bir sipari\u015f numaras\u0131 verilir. \u00dcye giri\u015fi yapt\u0131ktan sonra ana sayfam\u0131z\u0131n sa\u011f \u00fcst k\u00f6\u015fesinde g\u00f6rece\u011finiz \u201cSipari\u015f Takibi\u201d sekmesinden sipari\u015finizle ilgili bilgilere kolayca ula\u015fabilirsiniz.<\/li><\/ul>\n\n\n\n<h3 class=\"wp-block-heading\">Sipari\u015f verirken nelere dikkat etmeliyim?<\/h3>\n\n\n\n<ul class=\"wp-block-list\"><li> Celikkasa.com\u2019dan verdi\u011finiz sipari\u015flerin zaman\u0131nda ve eksiksiz olarak adresinize g\u00f6nderilebilmesi i\u00e7in teslimat ve fatura adresinizin do\u011frulu\u011fundan emin olmal\u0131s\u0131n\u0131z.<\/li><li>Teslimat adresinizi do\u011fru ve eksiksiz olmas\u0131na dikkat edin. Teslimat adresi eksik olan m\u00fc\u015fterilerimiz, telefonla aranarak eksiklerin giderilmesine \u00e7al\u0131\u015f\u0131lacak, e\u011fer ula\u015f\u0131lamazsa belirtilen sipari\u015flerin teslimat\u0131 ve kargo \u00e7\u0131k\u0131\u015f\u0131 yap\u0131lamaz.<\/li><li> Fatura adres bilgileri, faturalama i\u015fleminden sonra de\u011fi\u015ftirilemez. Bu nedenle fatura bilgilerinizin do\u011frulu\u011fundan emin olmadan sipari\u015finizi onaylamay\u0131n. E\u011fer hata yapt\u0131\u011f\u0131n\u0131z d\u00fc\u015f\u00fcn\u00fcyorsan\u0131z hemen bizimle irtibata ge\u00e7iniz.<\/li><\/ul>\n\n\n\n<h3 class=\"wp-block-heading\"><strong>Sipari\u015finizin elinize ula\u015fma zaman\u0131.<\/strong><\/h3>\n\n\n\n<ul class=\"wp-block-list\"><li>Sitemizden al\u0131\u015fveri\u015f yapan m\u00fc\u015fterilerimizin g\u00fcvenli\u011fini \u00f6n planda tutmakta ve sipari\u015finizi verdi\u011finiz andan itibaren \u00f6deme-fatura bilgilerinin kontrol\u00fcn\u00fc ger\u00e7ekle\u015ftirmektedir. Bu y\u00fczden, sipari\u015finizin tedarik ve teslimat a\u015famas\u0131na gelebilmesi i\u00e7in \u00f6ncelikle sipari\u015finizin \u00f6deme-fatura bilgilerinin do\u011frulu\u011funun onaylanmas\u0131 ve onayland\u0131\u011f\u0131na dair e-posta n\u0131n size yollanmas\u0131 gereklidir. Normal \u015fartlarda celikkasa.com dan yapt\u0131\u011f\u0131n\u0131z al\u0131\u015fveri\u015fler, onay\u0131n\u0131n al\u0131nmas\u0131n\u0131 takip eden , \u0130stanbul i\u00e7ine 1-\u00a0 i\u015f g\u00fcn\u00fc i\u00e7inde, \u0130stanbul d\u0131\u015f\u0131ndaki t\u00fcm \u015fehirlere onay e-mail ini takip eden 1- 5 i\u015f g\u00fcn\u00fc i\u00e7inde, ekiplerimizce ya da\u00a0 tercih edilen kargo firmalar\u0131yla teslim edilir. <\/li><\/ul>\n\n\n\n<h3 class=\"wp-block-heading\"><strong>\u00c7elik Kasalar\u0131n Montaj Gerektirdi\u011fi Durumlarda Teslimat ve montaj.<\/strong><\/h3>\n\n\n\n<ul class=\"wp-block-list\"><li>Montaj i\u015flemi gereken \u00e7elik kasa modellerinde, yetkili montaj ekiplerimiz teslimat ve montaj\u0131 birlikte yapabilmektedirler. G\u00fcvenlik nedeniyle montaj i\u015flemi i\u00e7in,\u00a0 EUROSAFE ekipleri haricinde\u00a0 herhangi bir yetkili servis g\u00f6revlendirilmemi\u015ftir, ekiplerimize l\u00fctfen kimlik sorunuz. Kargo ile teslim ald\u0131\u011f\u0131n\u0131z \u00fcr\u00fcnlerimizin montaj\u0131 i\u00e7in l\u00fctfen bilgi al\u0131n\u0131z. \u00dcr\u00fcn modeline g\u00f6re montaj hizmeti ek \u00fccrete tabi olabilir. <\/li><\/ul>\n\n\n\n<h3 class=\"wp-block-heading\"><strong>Haftasonu Sipari\u015fleri<\/strong><\/h3>\n\n\n\n<ul class=\"wp-block-list\"><li>Ekiplerimiz taraf\u0131ndan yap\u0131lacak teslimat ve montajlar, hafta i\u00e7i ve cumartesi g\u00fcnleri sabah 08.00 ?ak\u015fam 22.00 saatleri aras\u0131nda ve randevu al\u0131narak yap\u0131labilmektedir. \u00d6zel olarak talep edildi\u011fi taktirde, Pazar g\u00fcnleri de \u00e7elik kasa teslimat ve montaj yap\u0131labilir.(Ek \u00fccrete tabi olabilir) Kargo ile yap\u0131lacak teslimatlar, kargo \u015firketlerinin \u00e7al\u0131\u015fma saatleri i\u00e7inde yap\u0131labilmektedir.<\/li><\/ul>\n\n\n\n<h3 class=\"wp-block-heading\"><strong>Stok Sorunlar\u0131<\/strong><\/h3>\n\n\n\n<ul class=\"wp-block-list\"><li>Verdi\u011finiz sipari\u015flerde\u00a0 stoklar\u0131m\u0131zda\u00a0 nadiren de olsa bulunmayan \u00fcr\u00fcnler y\u00fcz\u00fcnden, tedarik s\u00fcrecinde gecikmeler ya\u015fanabilir. Bu gibi durumlarda irtibat telefonlar\u0131n\u0131zdan veya e-postan\u0131zdan mutlaka size ula\u015f\u0131larak haber verilecektir. Size ula\u015fabilmemiz i\u00e7in l\u00fctfen ki\u015fisel bilgilerinizi eksiksiz doldurunuz.<\/li><\/ul>\n\n\n\n<h3 class=\"wp-block-heading\"><strong>Alternatif Al\u0131c\u0131 Bilgileri<\/strong><\/h3>\n\n\n\n<ul class=\"wp-block-list\"><li>Sitemizden verdi\u011finiz sipari\u015flerde, \u201cTeslimat Bilgileri \u201d k\u0131sm\u0131nda \u201cAlternatif Al\u0131c\u0131\u201d k\u0131s\u0131mlar\u0131 dikkatle doldurulmal\u0131d\u0131r. Sipari\u015flerinizi, belirledi\u011finiz alternatif al\u0131c\u0131lar\u0131n ancak kimlik ibraz\u0131 kar\u015f\u0131l\u0131\u011f\u0131nda teslim alabilece\u011fini unutmay\u0131n\u0131z.<\/li><\/ul>\n\n\n\n<h3 class=\"wp-block-heading\"><strong>Kap\u0131da \u00d6deme Se\u00e7ene\u011fi<\/strong><\/h3>\n\n\n\n<p>Verdi\u011finiz sipari\u015flerde, teslimat Celikkasa.com ekipleri taraf\u0131ndan yap\u0131lacaksa, teslimat s\u0131ras\u0131nda nakit \u00f6deme yapabilirsiniz. Kargo ile g\u00f6nderilen sipari\u015fleriniz i\u00e7in, kap\u0131da \u00f6deme se\u00e7ene\u011fi ile, kargo firmas\u0131na \u00e7elik kasan\u0131z\u0131 teslim al\u0131rken \u00f6deme yapabilirsiniz. Celikkasa.com ekipleri taraf\u0131ndan yap\u0131lan teslimatlarda teslim s\u0131ras\u0131nda kredi kart\u0131 ile mail order se\u00e7ene\u011fini kullanabilirsiz. <\/p>\n\n\n\n<h3 class=\"wp-block-heading\"><strong>Hatal\u0131, Eksik, Hasarl\u0131 Sipari\u015fler <\/strong><\/h3>\n\n\n\n<ul class=\"wp-block-list\"><li>Sipari\u015finiz kargo g\u00f6revlisi taraf\u0131ndan adresinize ula\u015ft\u0131r\u0131ld\u0131\u011f\u0131nda, \u00fcr\u00fcn\u00fc teslim almadan \u00f6nce mutlaka d\u0131\u015f pakette hasar kontrol\u00fc yap\u0131n ve herhangi bir hasar g\u00f6rd\u00fc\u011f\u00fcn\u00fcz anda \u201cHasar Tespit Tutana\u011f\u0131\u201d haz\u0131rlat\u0131n.<\/li><li>Hasar Tespit Tutana\u011f\u0131 haz\u0131rlan\u0131rken kargo g\u00f6revlisinin tutana\u011fa yazd\u0131\u011f\u0131 a\u00e7\u0131klamalara dikkat edin. \u00d6rne\u011fin; \u201cKolide hasar bulunmamaktad\u0131r. \u00dcr\u00fcn hasarl\u0131d\u0131r.\u201d gibi bir a\u00e7\u0131klama, \u00fcr\u00fcn\u00fcn ta\u015f\u0131nma s\u0131ras\u0131nda zarar g\u00f6rmedi\u011fi \u015feklinde yorumlan\u0131r ve de\u011fi\u015fim talebiniz s\u0131ras\u0131nda sorun ya\u015faman\u0131za neden olur.<\/li><li>Hasarl\u0131 gelen \u00fcr\u00fcnle ilgili tam ve do\u011fru kelimelerle tutanak tutmas\u0131 i\u00e7in g\u00f6revliyi uyar\u0131n.<br> -\u00dcr\u00fcn teslim edildi\u011finde kontrol edildi ve hasarl\u0131 oldu\u011fu g\u00f6r\u00fcld\u00fc.- gibi bir a\u00e7\u0131klaman\u0131n yer ald\u0131\u011f\u0131 tutanak, \u00fcr\u00fcn iade i\u015fleminizi h\u0131zland\u0131racakt\u0131r.<\/li><li>Sipari\u015f tesliminden sonra fark etti\u011finiz bir hasar durumunda, ilgili kargo \u015fubesiyle hemen ileti\u015fim kurman\u0131z ve \u201cHasar Tespit Tutana\u011f\u0131\u201d haz\u0131rlamalar\u0131n\u0131 istemeniz gerekir. E\u011fer kargo \u015fubesi size bu konuda yard\u0131mc\u0131 olmuyorsa, l\u00fctfen en k\u0131sa s\u00fcrede bizi bilgilendirin.<\/li><li>Hasar Tespit Tutana\u011f\u0131\u2019yla birlikte hasarl\u0131 \u00fcr\u00fcn\u00fc celikkasa.com\u2019a g\u00f6nderdi\u011finizde* \u00fcr\u00fcn de\u011fi\u015fimi i\u015flemleriniz h\u0131zla tamamlan\u0131r ve size bu konuda bilgi verilir.<\/li><\/ul>\n\n\n\n<h3 class=\"wp-block-heading\"><strong>Kargo ve teslimat \u00fccretleri<\/strong><\/h3>\n\n\n\n<ul class=\"wp-block-list\"><li><\/ul>\n\n\n\n<p><strong>Kategorilere g\u00f6re \u00f6zel teslimat \u015fartlar\u0131 <\/strong>\n\u00c7elik Kasa \u00fcr\u00fcn kategorilerinde sunulan \u00fcr\u00fcn ve hizmetlerin farkl\u0131 \u00f6zellikleri nedeniyle ta\u015f\u0131ma ve teslimat ko\u015fullar\u0131 zaman zaman de\u011fi\u015fiklik g\u00f6sterebilmektedir. \u00d6zel sipari\u015fleriniz ve proje uygulamalar\u0131 i\u00e7in teslimat g\u00fcnleri ve \u015fartlar\u0131 hakk\u0131nda m\u00fc\u015fteri hizmetleri departman\u0131m\u0131zdan bilgi alabilirsiniz. \u00c7elik kasa boyut ve a\u011f\u0131rl\u0131klar\u0131 modellere g\u00f6re \u00e7ok de\u011fi\u015fkenlik g\u00f6sterdi\u011finden teslimat ve nakliye hizmetlerimiz, \u00f6zellikle hamaliye gerektiren durumlarda en az bir g\u00fcn \u00f6nceden planlama gerektirmektedir.\n<strong>Yurtd\u0131\u015f\u0131na Teslimat.<\/strong>\nYurtd\u0131\u015f\u0131 sat\u0131\u015flar\u0131m\u0131z i\u00e7in l\u00fctfen ihracat servisimizle irtibata ge\u00e7iniz. M\u00fc\u015fteri hizmetleri departman\u0131m\u0131z bu konuda sizlere yard\u0131mc\u0131 olacaklard\u0131r.\n<strong>Kuzey K\u0131br\u0131s T\u00fcrk Cumhuriyeti-ne Teslimatlar<\/strong>\n\u00c7elik para kasalar\u0131, data kasalar\u0131, gibi bir \u00e7ok \u00fcr\u00fcn\u00fcm\u00fcz KKTC ye elden teslim edilebilmektedir. L\u00fctfen bilgi al\u0131n\u0131z.\n<strong>\u0130ADE \u015eARTLARI<\/strong>\nT\u00fcrkiye de sat\u0131lan t\u00fcm \u00e7elik kasa \u00fcr\u00fcnler, ithalatc\u0131 ya da \u00fcretici firmalar\u0131n g\u00fcvencesi alt\u0131ndad\u0131r. Celikkasa.com t\u00fcm garanti hizmetlerinin devaml\u0131l\u0131\u011f\u0131n\u0131 sa\u011flar.<\/p>\n\n\n\n<h3 class=\"wp-block-heading\"><strong>\u0130ade s\u00fcresi ka\u00e7 g\u00fcn?<\/strong><\/h3>\n\n\n\n<ul class=\"wp-block-list\"><li>Genel olarak sat\u0131n ald\u0131\u011f\u0131n\u0131z \u00fcr\u00fcnleri tahrip etmeden, kullanmadan, teslim tarihinden itibaren yedi ( 7 ) g\u00fcnl\u00fck s\u00fcre i\u00e7inde neden belirterek iade edebilirsiniz. Baz\u0131 \u00fcr\u00fcnlerin g\u00fcvenlik nedeniyle tekrar sat\u0131labilirli\u011fi yoktur. Bu durumda a\u015fa\u011f\u0131daki iade \u015fartlar\u0131 uygulan\u0131r.<\/li><li>\u0130ade etmek \u00fczere g\u00f6nderdi\u011finiz \u00fcr\u00fcnlerde tam olmas\u0131 gereken \u00f6\u011feleri a\u015fa\u011f\u0131da bulabilirsiniz. Bunlardan herhangi birinin eksik olmas\u0131 durumunda \u00fcr\u00fcn iadesi kabul edilmemektedir.<\/li><li>\u00dcr\u00fcn\u00fcn faturas\u0131,<\/li><li>\u0130ade formu,<\/li><li>7 g\u00fcnl\u00fck s\u00fcre i\u00e7erisinde iade edilecek \u00fcr\u00fcnlerin kutusu, ambalaj\u0131, varsa standart aksesuarlar\u0131 ile birlikte eksiksiz ve hasars\u0131z olarak teslim edilmesi gerekmektedir.<\/li><li>Ancak baz\u0131 kategori \u00fcr\u00fcnlerde, \u00fcr\u00fcn ve hizmetlerin do\u011fas\u0131 gere\u011fi farkl\u0131 iade ko\u015fullar\u0131 uygulanabilmektedir. \u00dcr\u00fcn sat\u0131n almadan \u00f6nce genel iade prosed\u00fcr\u00fcne g\u00f6re farkl\u0131l\u0131k g\u00f6steren \u00fcr\u00fcnlerin a\u015fa\u011f\u0131da yer alan iade \u015fartlar\u0131 \u00f6ncelikli olarak ge\u00e7erlidir.<\/li><li>Teknik servisimize gelen \u00fcr\u00fcnlerin iade \u015fartlar\u0131na uygun ula\u015ft\u0131r\u0131lmas\u0131 durumunda \u00fcr\u00fcn tutarlar\u0131n\u0131n iadesi, \u00fcr\u00fcn\u00fcn taraf\u0131m\u0131za ula\u015ft\u0131\u011f\u0131 g\u00fcn i\u015fleme al\u0131nacakt\u0131r. \u0130adenin hesab\u0131n\u0131za yans\u0131ma s\u00fcresi, bankan\u0131z\u0131n inisiyatifindedir. Kredi kart\u0131na yap\u0131lan iadeler en ge\u00e7 1 \u2013 3 hafta i\u00e7erisinde, havale ile yap\u0131lan \u00f6demeler ise en ge\u00e7 1 hafta i\u00e7erisinde hesaba yans\u0131maktad\u0131r.<\/li><li>\u00d6zel ve sipari\u015fe g\u00f6re \u00fcretilen \u00fcr\u00fcnlerde, teslimat sonras\u0131 montaj veya herhangi bir teknik m\u00fcdehale yap\u0131lm\u0131\u015f \u00e7elik kasa \u00fcr\u00fcnlerinde iade kabul edilmemektedir.<\/li><li>Ev, ofis \u00e7elik kasalar\u0131, data kasas\u0131, g\u00fcvenlik kap\u0131lar\u0131 kategorilerinde yap\u0131lan al\u0131\u015fveri\u015flerde ilgili uluslararas\u0131 standartlar \u00e7er\u00e7evesinde\u00a0 can ve mal g\u00fcvenli\u011fi riski olu\u015fturabilecek m\u00fcdahele, kullan\u0131m veya g\u00fcvenlik kayb\u0131na\u00a0 maruz kalm\u0131\u015f olabilece\u011fi ihtimali ile\u00a0 her t\u00fcrl\u00fc emniyet ve teknik malzemenin MONTAJ YAPILMI\u015e olanlar\u0131n\u0131n tamam\u0131 yada bir k\u0131sm\u0131n\u0131n iadesi kesinlikle kabul edilmemektedir! \u00d6zel nakliye ve teslimat ko\u015fullar\u0131yla -hamaliye, vin\u00e7, \u00f6zel ara\u00e7 , ekipman, vb- teslim edilmi\u015f \u00e7elik kasalarda, bu hizmet \u00fccretlerinin iadesi m\u00fcmk\u00fcn de\u011fildir. BU t\u00fcr \u00fcr\u00fcnler, depomuza m\u00fc\u015fterileri taraf\u0131ndan teslim edilmelidir <\/li><\/ul>\n\n\n\n<h4 class=\"wp-block-heading\"><strong>\u0130ade y\u00f6ntemi.<\/strong><\/h4>\n\n\n\n<p>\u00dcr\u00fcn\u00fc taraf\u0131m\u0131za g\u00f6ndermeden \u00f6nce iade talebinizi \u00fcr\u00fcn iade formunu doldurarak taraf\u0131m\u0131za bildirmeniz gerekmektedir. Teknik departman\u0131m\u0131z taraf\u0131ndan iade ile ilgili g\u00f6nderim onay\u0131n\u0131n size iletilmesinden sonra l\u00fctfen paket ile birlikte gelen iade formunu doldurarak \u00fcr\u00fcn\u00fc Kargo ile taraf\u0131m\u0131za g\u00f6nderebilir ya da taraf\u0131m\u0131za al\u0131nmas\u0131 i\u00e7in ba\u015fvurabilirsiniz. Onay bilgisi size telefon veya mail yoluyla bildirilecektir. Firmam\u0131z taraf\u0131ndan teslim al\u0131nan iadelerde yapt\u0131\u011f\u0131n\u0131z g\u00f6nderimlerde sizden herhangi bir \u00fccreti al\u0131nmayacakt\u0131r, kargo firmalar\u0131 ile yap\u0131lan g\u00f6nderilerin \u00fccreti g\u00f6nderen ki\u015fiye aittir. Kar\u015f\u0131 \u00f6demeli g\u00f6nderimler kabul edilmeyecektir. Teknik servisimize gelen \u00fcr\u00fcnlerin iade \u015fartlar\u0131na uygun ula\u015ft\u0131r\u0131lmas\u0131 durumunda \u00fcr\u00fcn tutarlar\u0131n\u0131n iadesi, \u00fcr\u00fcn\u00fcn taraf\u0131m\u0131za ula\u015ft\u0131\u011f\u0131 g\u00fcn i\u015fleme al\u0131nacakt\u0131r.\n.\u2019);\n?&gt;<\/p>\n<\/body>","protected":false},"excerpt":{"rendered":"<p>\u2026or something like this: Celikkasa.com online\u00a0 S\u0130PAR\u0130\u015e &amp; TESL\u0130MAT \u015eARTLARI: Celikkasa.com\u2019dan nas\u0131l sipari\u015f verebilirim? Be\u011fendi\u011finiz \u00e7elik kasa modelini al\u0131\u015fveri\u015f sepetinize&hellip;<\/p>\n","protected":false},"author":1,"featured_media":0,"parent":0,"menu_order":0,"comment_status":"closed","ping_status":"open","template":"","meta":{"footnotes":""},"class_list":["post-2","page","type-page","status-publish","hentry"],"jetpack_sharing_enabled":true,"_links":{"self":[{"href":"https:\/\/www.celikkasa.com\/2019\/wp-json\/wp\/v2\/pages\/2","targetHints":{"allow":["GET"]}}],"collection":[{"href":"https:\/\/www.celikkasa.com\/2019\/wp-json\/wp\/v2\/pages"}],"about":[{"href":"https:\/\/www.celikkasa.com\/2019\/wp-json\/wp\/v2\/types\/page"}],"author":[{"embeddable":true,"href":"https:\/\/www.celikkasa.com\/2019\/wp-json\/wp\/v2\/users\/1"}],"replies":[{"embeddable":true,"href":"https:\/\/www.celikkasa.com\/2019\/wp-json\/wp\/v2\/comments?post=2"}],"version-history":[{"count":1,"href":"https:\/\/www.celikkasa.com\/2019\/wp-json\/wp\/v2\/pages\/2\/revisions"}],"predecessor-version":[{"id":68,"href":"https:\/\/www.celikkasa.com\/2019\/wp-json\/wp\/v2\/pages\/2\/revisions\/68"}],"wp:attachment":[{"href":"https:\/\/www.celikkasa.com\/2019\/wp-json\/wp\/v2\/media?parent=2"}],"curies":[{"name":"wp","href":"https:\/\/api.w.org\/{rel}","templated":true}]}}